{"id":2484,"date":"2025-05-22T09:01:03","date_gmt":"2025-05-22T09:01:03","guid":{"rendered":"https:\/\/www.boranera.com\/?post_type=product&#038;p=2484"},"modified":"2025-05-27T12:22:55","modified_gmt":"2025-05-27T12:22:55","slug":"quick-mill-pegaso","status":"publish","type":"product","link":"https:\/\/www.boranera.com\/hr\/product\/uredaji\/quick-mill-pegaso\/","title":{"rendered":"Quick Mill Pegaso"},"content":{"rendered":"<p>[et_pb_section fb_built=&#8221;1&#8243; _builder_version=&#8221;4.27.4&#8243; _module_preset=&#8221;default&#8221; global_colors_info=&#8221;{}&#8221;][\/et_pb_section]<\/p>\n","protected":false},"excerpt":{"rendered":"<p><strong>Vi\u0161e od 20 godina simbol kvalitete i prakti\u010dnosti.<\/strong><br \/>\nVi\u0161e od dva desetlje\u0107a s ponosom predstavlja savr\u0161en spoj inovacije i funkcionalnosti.<\/p>\n<p>Njegovo srce je integrirani mlinac, koji vam omogu\u0107uje mljevenje svje\u017eih zrna na licu mjesta za bogatu i intenzivnu aromu. Manometar vam pru\u017ea potpunu kontrolu nad svakim va\u0111enjem, jam\u010de\u0107i profesionalne rezultate svaki put.<\/p>\n<p>Zahvaljuju\u0107i termo-blok tehnologiji, Pegaso je spreman za kori\u0161tenje u nekoliko sekundi, \u010dine\u0107i pripremu kave brzom, jednostavnom i iznimno u\u010dinkovitom.<\/p>\n<p><strong>Pegaso: talijanska izvrsnost kave na dohvat ruke.<\/strong><\/p>\n<p>ZA INFORMACIJE I CIJENE, <a href=\"https:\/\/www.boranera.com\/hr\/#contact\">KONTAKTIRAJTE NAS.<\/a><\/p>\n<p>&nbsp;<\/p>\n","protected":false},"featured_media":2492,"template":"","meta":{"_et_pb_use_builder":"on","_et_pb_old_content":"","_et_gb_content_width":""},"product_brand":[],"product_cat":[32],"product_tag":[70],"class_list":{"0":"post-2484","1":"product","2":"type-product","3":"status-publish","4":"has-post-thumbnail","6":"product_cat-uredaji","7":"product_tag-new","9":"first","10":"instock","11":"taxable","12":"shipping-taxable","13":"product-type-simple"},"yoast_head":"<!-- This site is optimized with the Yoast SEO plugin v25.6 - https:\/\/yoast.com\/wordpress\/plugins\/seo\/ -->\n<title>Quick Mill Pegaso - Bora Nera<\/title>\n<meta name=\"robots\" content=\"index, follow, max-snippet:-1, max-image-preview:large, max-video-preview:-1\" \/>\n<link rel=\"canonical\" href=\"https:\/\/www.boranera.com\/hr\/product\/uredaji\/quick-mill-pegaso\/\" \/>\n<meta property=\"og:locale\" content=\"hr_HR\" \/>\n<meta property=\"og:type\" content=\"article\" \/>\n<meta property=\"og:title\" content=\"Quick Mill Pegaso - Bora Nera\" \/>\n<meta property=\"og:description\" content=\"Vi\u0161e od 20 godina simbol kvalitete i prakti\u010dnosti. Vi\u0161e od dva desetlje\u0107a s ponosom predstavlja savr\u0161en spoj inovacije i funkcionalnosti.  Njegovo srce je integrirani mlinac, koji vam omogu\u0107uje mljevenje svje\u017eih zrna na licu mjesta za bogatu i intenzivnu aromu. Manometar vam pru\u017ea potpunu kontrolu nad svakim va\u0111enjem, jam\u010de\u0107i profesionalne rezultate svaki put.  Zahvaljuju\u0107i termo-blok tehnologiji, Pegaso je spreman za kori\u0161tenje u nekoliko sekundi, \u010dine\u0107i pripremu kave brzom, jednostavnom i iznimno u\u010dinkovitom.  Pegaso: talijanska izvrsnost kave na dohvat ruke.  ZA INFORMACIJE I CIJENE, KONTAKTIRAJTE NAS.  &nbsp;\" \/>\n<meta property=\"og:url\" content=\"https:\/\/www.boranera.com\/hr\/product\/uredaji\/quick-mill-pegaso\/\" \/>\n<meta property=\"og:site_name\" content=\"Bora Nera\" \/>\n<meta property=\"article:publisher\" content=\"https:\/\/www.facebook.com\/boraneracoffee\" \/>\n<meta property=\"article:modified_time\" content=\"2025-05-27T12:22:55+00:00\" \/>\n<meta property=\"og:image\" content=\"https:\/\/www.boranera.com\/wp-content\/uploads\/2025\/05\/9.png\" \/>\n\t<meta property=\"og:image:width\" content=\"567\" \/>\n\t<meta property=\"og:image:height\" content=\"850\" \/>\n\t<meta property=\"og:image:type\" content=\"image\/png\" \/>\n<meta name=\"twitter:card\" content=\"summary_large_image\" \/>\n<meta name=\"twitter:label1\" content=\"Procijenjeno vrijeme \u010ditanja\" \/>\n\t<meta name=\"twitter:data1\" content=\"1 minuta\" \/>\n<script type=\"application\/ld+json\" class=\"yoast-schema-graph\">{\"@context\":\"https:\/\/schema.org\",\"@graph\":[{\"@type\":\"WebPage\",\"@id\":\"https:\/\/www.boranera.com\/product\/uredaji\/quick-mill-pegaso\/\",\"url\":\"https:\/\/www.boranera.com\/product\/uredaji\/quick-mill-pegaso\/\",\"name\":\"Quick Mill Pegaso - Bora Nera\",\"isPartOf\":{\"@id\":\"https:\/\/www.boranera.com\/#website\"},\"primaryImageOfPage\":{\"@id\":\"https:\/\/www.boranera.com\/product\/uredaji\/quick-mill-pegaso\/#primaryimage\"},\"image\":{\"@id\":\"https:\/\/www.boranera.com\/product\/uredaji\/quick-mill-pegaso\/#primaryimage\"},\"thumbnailUrl\":\"https:\/\/www.boranera.com\/wp-content\/uploads\/2025\/05\/9.png\",\"datePublished\":\"2025-05-22T09:01:03+00:00\",\"dateModified\":\"2025-05-27T12:22:55+00:00\",\"breadcrumb\":{\"@id\":\"https:\/\/www.boranera.com\/product\/uredaji\/quick-mill-pegaso\/#breadcrumb\"},\"inLanguage\":\"hr\",\"potentialAction\":[{\"@type\":\"ReadAction\",\"target\":[\"https:\/\/www.boranera.com\/product\/uredaji\/quick-mill-pegaso\/\"]}]},{\"@type\":\"ImageObject\",\"inLanguage\":\"hr\",\"@id\":\"https:\/\/www.boranera.com\/product\/uredaji\/quick-mill-pegaso\/#primaryimage\",\"url\":\"https:\/\/www.boranera.com\/wp-content\/uploads\/2025\/05\/9.png\",\"contentUrl\":\"https:\/\/www.boranera.com\/wp-content\/uploads\/2025\/05\/9.png\",\"width\":567,\"height\":850},{\"@type\":\"BreadcrumbList\",\"@id\":\"https:\/\/www.boranera.com\/product\/uredaji\/quick-mill-pegaso\/#breadcrumb\",\"itemListElement\":[{\"@type\":\"ListItem\",\"position\":1,\"name\":\"Home\",\"item\":\"https:\/\/www.boranera.com\/hr\/\"},{\"@type\":\"ListItem\",\"position\":2,\"name\":\"Trgovina\",\"item\":\"https:\/\/www.boranera.com\/trgovina\/\"},{\"@type\":\"ListItem\",\"position\":3,\"name\":\"Quick Mill Pegaso\"}]},{\"@type\":\"WebSite\",\"@id\":\"https:\/\/www.boranera.com\/#website\",\"url\":\"https:\/\/www.boranera.com\/\",\"name\":\"Bora Nera\",\"description\":\"THE FIRST SPECIALTY COFFEE IN ISTRIA\",\"publisher\":{\"@id\":\"https:\/\/www.boranera.com\/#organization\"},\"potentialAction\":[{\"@type\":\"SearchAction\",\"target\":{\"@type\":\"EntryPoint\",\"urlTemplate\":\"https:\/\/www.boranera.com\/?s={search_term_string}\"},\"query-input\":{\"@type\":\"PropertyValueSpecification\",\"valueRequired\":true,\"valueName\":\"search_term_string\"}}],\"inLanguage\":\"hr\"},{\"@type\":\"Organization\",\"@id\":\"https:\/\/www.boranera.com\/#organization\",\"name\":\"Bora Nera\",\"url\":\"https:\/\/www.boranera.com\/\",\"logo\":{\"@type\":\"ImageObject\",\"inLanguage\":\"hr\",\"@id\":\"https:\/\/www.boranera.com\/#\/schema\/logo\/image\/\",\"url\":\"https:\/\/www.boranera.com\/wp-content\/uploads\/2023\/03\/Logo_Dark.png\",\"contentUrl\":\"https:\/\/www.boranera.com\/wp-content\/uploads\/2023\/03\/Logo_Dark.png\",\"width\":536,\"height\":344,\"caption\":\"Bora Nera\"},\"image\":{\"@id\":\"https:\/\/www.boranera.com\/#\/schema\/logo\/image\/\"},\"sameAs\":[\"https:\/\/www.facebook.com\/boraneracoffee\",\"https:\/\/www.instagram.com\/boraneracoffee\/\"]}]}<\/script>\n<!-- \/ Yoast SEO plugin. -->","yoast_head_json":{"title":"Quick Mill Pegaso - Bora Nera","robots":{"index":"index","follow":"follow","max-snippet":"max-snippet:-1","max-image-preview":"max-image-preview:large","max-video-preview":"max-video-preview:-1"},"canonical":"https:\/\/www.boranera.com\/hr\/product\/uredaji\/quick-mill-pegaso\/","og_locale":"hr_HR","og_type":"article","og_title":"Quick Mill Pegaso - Bora Nera","og_description":"Vi\u0161e od 20 godina simbol kvalitete i prakti\u010dnosti. Vi\u0161e od dva desetlje\u0107a s ponosom predstavlja savr\u0161en spoj inovacije i funkcionalnosti.  Njegovo srce je integrirani mlinac, koji vam omogu\u0107uje mljevenje svje\u017eih zrna na licu mjesta za bogatu i intenzivnu aromu. Manometar vam pru\u017ea potpunu kontrolu nad svakim va\u0111enjem, jam\u010de\u0107i profesionalne rezultate svaki put.  Zahvaljuju\u0107i termo-blok tehnologiji, Pegaso je spreman za kori\u0161tenje u nekoliko sekundi, \u010dine\u0107i pripremu kave brzom, jednostavnom i iznimno u\u010dinkovitom.  Pegaso: talijanska izvrsnost kave na dohvat ruke.  ZA INFORMACIJE I CIJENE, KONTAKTIRAJTE NAS.  &nbsp;","og_url":"https:\/\/www.boranera.com\/hr\/product\/uredaji\/quick-mill-pegaso\/","og_site_name":"Bora Nera","article_publisher":"https:\/\/www.facebook.com\/boraneracoffee","article_modified_time":"2025-05-27T12:22:55+00:00","og_image":[{"width":567,"height":850,"url":"https:\/\/www.boranera.com\/wp-content\/uploads\/2025\/05\/9.png","type":"image\/png"}],"twitter_card":"summary_large_image","twitter_misc":{"Procijenjeno vrijeme \u010ditanja":"1 minuta"},"schema":{"@context":"https:\/\/schema.org","@graph":[{"@type":"WebPage","@id":"https:\/\/www.boranera.com\/product\/uredaji\/quick-mill-pegaso\/","url":"https:\/\/www.boranera.com\/product\/uredaji\/quick-mill-pegaso\/","name":"Quick Mill Pegaso - Bora Nera","isPartOf":{"@id":"https:\/\/www.boranera.com\/#website"},"primaryImageOfPage":{"@id":"https:\/\/www.boranera.com\/product\/uredaji\/quick-mill-pegaso\/#primaryimage"},"image":{"@id":"https:\/\/www.boranera.com\/product\/uredaji\/quick-mill-pegaso\/#primaryimage"},"thumbnailUrl":"https:\/\/www.boranera.com\/wp-content\/uploads\/2025\/05\/9.png","datePublished":"2025-05-22T09:01:03+00:00","dateModified":"2025-05-27T12:22:55+00:00","breadcrumb":{"@id":"https:\/\/www.boranera.com\/product\/uredaji\/quick-mill-pegaso\/#breadcrumb"},"inLanguage":"hr","potentialAction":[{"@type":"ReadAction","target":["https:\/\/www.boranera.com\/product\/uredaji\/quick-mill-pegaso\/"]}]},{"@type":"ImageObject","inLanguage":"hr","@id":"https:\/\/www.boranera.com\/product\/uredaji\/quick-mill-pegaso\/#primaryimage","url":"https:\/\/www.boranera.com\/wp-content\/uploads\/2025\/05\/9.png","contentUrl":"https:\/\/www.boranera.com\/wp-content\/uploads\/2025\/05\/9.png","width":567,"height":850},{"@type":"BreadcrumbList","@id":"https:\/\/www.boranera.com\/product\/uredaji\/quick-mill-pegaso\/#breadcrumb","itemListElement":[{"@type":"ListItem","position":1,"name":"Home","item":"https:\/\/www.boranera.com\/hr\/"},{"@type":"ListItem","position":2,"name":"Trgovina","item":"https:\/\/www.boranera.com\/trgovina\/"},{"@type":"ListItem","position":3,"name":"Quick Mill Pegaso"}]},{"@type":"WebSite","@id":"https:\/\/www.boranera.com\/#website","url":"https:\/\/www.boranera.com\/","name":"Bora Nera","description":"THE FIRST SPECIALTY COFFEE IN ISTRIA","publisher":{"@id":"https:\/\/www.boranera.com\/#organization"},"potentialAction":[{"@type":"SearchAction","target":{"@type":"EntryPoint","urlTemplate":"https:\/\/www.boranera.com\/?s={search_term_string}"},"query-input":{"@type":"PropertyValueSpecification","valueRequired":true,"valueName":"search_term_string"}}],"inLanguage":"hr"},{"@type":"Organization","@id":"https:\/\/www.boranera.com\/#organization","name":"Bora Nera","url":"https:\/\/www.boranera.com\/","logo":{"@type":"ImageObject","inLanguage":"hr","@id":"https:\/\/www.boranera.com\/#\/schema\/logo\/image\/","url":"https:\/\/www.boranera.com\/wp-content\/uploads\/2023\/03\/Logo_Dark.png","contentUrl":"https:\/\/www.boranera.com\/wp-content\/uploads\/2023\/03\/Logo_Dark.png","width":536,"height":344,"caption":"Bora Nera"},"image":{"@id":"https:\/\/www.boranera.com\/#\/schema\/logo\/image\/"},"sameAs":["https:\/\/www.facebook.com\/boraneracoffee","https:\/\/www.instagram.com\/boraneracoffee\/"]}]}},"_links":{"self":[{"href":"https:\/\/www.boranera.com\/hr\/wp-json\/wp\/v2\/product\/2484"}],"collection":[{"href":"https:\/\/www.boranera.com\/hr\/wp-json\/wp\/v2\/product"}],"about":[{"href":"https:\/\/www.boranera.com\/hr\/wp-json\/wp\/v2\/types\/product"}],"wp:featuredmedia":[{"embeddable":true,"href":"https:\/\/www.boranera.com\/hr\/wp-json\/wp\/v2\/media\/2492"}],"wp:attachment":[{"href":"https:\/\/www.boranera.com\/hr\/wp-json\/wp\/v2\/media?parent=2484"}],"wp:term":[{"taxonomy":"product_brand","embeddable":true,"href":"https:\/\/www.boranera.com\/hr\/wp-json\/wp\/v2\/product_brand?post=2484"},{"taxonomy":"product_cat","embeddable":true,"href":"https:\/\/www.boranera.com\/hr\/wp-json\/wp\/v2\/product_cat?post=2484"},{"taxonomy":"product_tag","embeddable":true,"href":"https:\/\/www.boranera.com\/hr\/wp-json\/wp\/v2\/product_tag?post=2484"}],"curies":[{"name":"wp","href":"https:\/\/api.w.org\/{rel}","templated":true}]}}