{"id":959,"date":"2023-10-31T20:25:19","date_gmt":"2023-10-31T20:25:19","guid":{"rendered":"https:\/\/www.boranera.com\/?page_id=959"},"modified":"2024-07-15T14:39:40","modified_gmt":"2024-07-15T14:39:40","slug":"transakcija-uspjesna","status":"publish","type":"page","link":"https:\/\/www.boranera.com\/hr\/transakcija-uspjesna\/","title":{"rendered":"Transakcija uspje\u0161na"},"content":{"rendered":"<h3>\u00a0<\/h3>\r\n<h3>Va\u0161a transakcija je uspje\u0161no provedena!<\/h3>\r\n<p>Zahvaljujemo Vam se na ukazanom povjerenju! Nadamo se da \u0107ete u\u017eivati u na\u0161im proizvodima!<\/p>\r\n<p><\/p>\r\n<p><\/p>\r\n<p><\/p>\r\n<p style=\"text-align: center;\">Ukoliko \u017eelite isprobati jo\u0161 proizvoda iz na\u0161eg asortimana, kliknite <a href=\"https:\/\/www.boranera.com\/trgovina\/\">ovdje.<\/a><\/p>\r\n<p>&nbsp;<\/p>\r\n<p>&nbsp;<\/p>\r\n<p><\/p>","protected":false},"excerpt":{"rendered":"<p>\u00a0 Va\u0161a transakcija je uspje\u0161no provedena! Zahvaljujemo Vam se na ukazanom povjerenju! Nadamo se da \u0107ete u\u017eivati u na\u0161im proizvodima! Ukoliko \u017eelite isprobati jo\u0161 proizvoda iz na\u0161eg asortimana, kliknite ovdje. &nbsp; &nbsp;<\/p>\n","protected":false},"author":1,"featured_media":0,"parent":0,"menu_order":0,"comment_status":"closed","ping_status":"closed","template":"","meta":{"_et_pb_use_builder":"off","_et_pb_old_content":"","_et_gb_content_width":"","footnotes":""},"class_list":["post-959","page","type-page","status-publish","hentry"],"yoast_head":"<!-- This site is optimized with the Yoast SEO plugin v25.6 - https:\/\/yoast.com\/wordpress\/plugins\/seo\/ -->\n<title>Transakcija uspje\u0161na - Bora Nera<\/title>\n<meta name=\"robots\" content=\"index, follow, max-snippet:-1, max-image-preview:large, max-video-preview:-1\" \/>\n<link rel=\"canonical\" href=\"https:\/\/www.boranera.com\/hr\/transakcija-uspjesna\/\" \/>\n<meta property=\"og:locale\" content=\"hr_HR\" \/>\n<meta property=\"og:type\" content=\"article\" \/>\n<meta property=\"og:title\" content=\"Transakcija uspje\u0161na - Bora Nera\" \/>\n<meta property=\"og:description\" content=\"\u00a0 Va\u0161a transakcija je uspje\u0161no provedena! Zahvaljujemo Vam se na ukazanom povjerenju! Nadamo se da \u0107ete u\u017eivati u na\u0161im proizvodima! Ukoliko \u017eelite isprobati jo\u0161 proizvoda iz na\u0161eg asortimana, kliknite ovdje. &nbsp; &nbsp;\" \/>\n<meta property=\"og:url\" content=\"https:\/\/www.boranera.com\/hr\/transakcija-uspjesna\/\" \/>\n<meta property=\"og:site_name\" content=\"Bora Nera\" \/>\n<meta property=\"article:publisher\" content=\"https:\/\/www.facebook.com\/boraneracoffee\" \/>\n<meta property=\"article:modified_time\" content=\"2024-07-15T14:39:40+00:00\" \/>\n<meta name=\"twitter:card\" content=\"summary_large_image\" \/>\n<meta name=\"twitter:label1\" content=\"Procijenjeno vrijeme \u010ditanja\" \/>\n\t<meta name=\"twitter:data1\" content=\"1 minuta\" \/>\n<script type=\"application\/ld+json\" class=\"yoast-schema-graph\">{\"@context\":\"https:\/\/schema.org\",\"@graph\":[{\"@type\":\"WebPage\",\"@id\":\"https:\/\/www.boranera.com\/transakcija-uspjesna\/\",\"url\":\"https:\/\/www.boranera.com\/transakcija-uspjesna\/\",\"name\":\"Transakcija uspje\u0161na - Bora Nera\",\"isPartOf\":{\"@id\":\"https:\/\/www.boranera.com\/#website\"},\"datePublished\":\"2023-10-31T20:25:19+00:00\",\"dateModified\":\"2024-07-15T14:39:40+00:00\",\"breadcrumb\":{\"@id\":\"https:\/\/www.boranera.com\/transakcija-uspjesna\/#breadcrumb\"},\"inLanguage\":\"hr\",\"potentialAction\":[{\"@type\":\"ReadAction\",\"target\":[\"https:\/\/www.boranera.com\/transakcija-uspjesna\/\"]}]},{\"@type\":\"BreadcrumbList\",\"@id\":\"https:\/\/www.boranera.com\/transakcija-uspjesna\/#breadcrumb\",\"itemListElement\":[{\"@type\":\"ListItem\",\"position\":1,\"name\":\"Home\",\"item\":\"https:\/\/www.boranera.com\/hr\/\"},{\"@type\":\"ListItem\",\"position\":2,\"name\":\"Transakcija uspje\u0161na\"}]},{\"@type\":\"WebSite\",\"@id\":\"https:\/\/www.boranera.com\/#website\",\"url\":\"https:\/\/www.boranera.com\/\",\"name\":\"Bora Nera\",\"description\":\"THE FIRST SPECIALTY COFFEE IN ISTRIA\",\"publisher\":{\"@id\":\"https:\/\/www.boranera.com\/#organization\"},\"potentialAction\":[{\"@type\":\"SearchAction\",\"target\":{\"@type\":\"EntryPoint\",\"urlTemplate\":\"https:\/\/www.boranera.com\/?s={search_term_string}\"},\"query-input\":{\"@type\":\"PropertyValueSpecification\",\"valueRequired\":true,\"valueName\":\"search_term_string\"}}],\"inLanguage\":\"hr\"},{\"@type\":\"Organization\",\"@id\":\"https:\/\/www.boranera.com\/#organization\",\"name\":\"Bora Nera\",\"url\":\"https:\/\/www.boranera.com\/\",\"logo\":{\"@type\":\"ImageObject\",\"inLanguage\":\"hr\",\"@id\":\"https:\/\/www.boranera.com\/#\/schema\/logo\/image\/\",\"url\":\"https:\/\/www.boranera.com\/wp-content\/uploads\/2023\/03\/Logo_Dark.png\",\"contentUrl\":\"https:\/\/www.boranera.com\/wp-content\/uploads\/2023\/03\/Logo_Dark.png\",\"width\":536,\"height\":344,\"caption\":\"Bora Nera\"},\"image\":{\"@id\":\"https:\/\/www.boranera.com\/#\/schema\/logo\/image\/\"},\"sameAs\":[\"https:\/\/www.facebook.com\/boraneracoffee\",\"https:\/\/www.instagram.com\/boraneracoffee\/\"]}]}<\/script>\n<!-- \/ Yoast SEO plugin. -->","yoast_head_json":{"title":"Transakcija uspje\u0161na - Bora Nera","robots":{"index":"index","follow":"follow","max-snippet":"max-snippet:-1","max-image-preview":"max-image-preview:large","max-video-preview":"max-video-preview:-1"},"canonical":"https:\/\/www.boranera.com\/hr\/transakcija-uspjesna\/","og_locale":"hr_HR","og_type":"article","og_title":"Transakcija uspje\u0161na - Bora Nera","og_description":"\u00a0 Va\u0161a transakcija je uspje\u0161no provedena! Zahvaljujemo Vam se na ukazanom povjerenju! Nadamo se da \u0107ete u\u017eivati u na\u0161im proizvodima! Ukoliko \u017eelite isprobati jo\u0161 proizvoda iz na\u0161eg asortimana, kliknite ovdje. &nbsp; &nbsp;","og_url":"https:\/\/www.boranera.com\/hr\/transakcija-uspjesna\/","og_site_name":"Bora Nera","article_publisher":"https:\/\/www.facebook.com\/boraneracoffee","article_modified_time":"2024-07-15T14:39:40+00:00","twitter_card":"summary_large_image","twitter_misc":{"Procijenjeno vrijeme \u010ditanja":"1 minuta"},"schema":{"@context":"https:\/\/schema.org","@graph":[{"@type":"WebPage","@id":"https:\/\/www.boranera.com\/transakcija-uspjesna\/","url":"https:\/\/www.boranera.com\/transakcija-uspjesna\/","name":"Transakcija uspje\u0161na - Bora Nera","isPartOf":{"@id":"https:\/\/www.boranera.com\/#website"},"datePublished":"2023-10-31T20:25:19+00:00","dateModified":"2024-07-15T14:39:40+00:00","breadcrumb":{"@id":"https:\/\/www.boranera.com\/transakcija-uspjesna\/#breadcrumb"},"inLanguage":"hr","potentialAction":[{"@type":"ReadAction","target":["https:\/\/www.boranera.com\/transakcija-uspjesna\/"]}]},{"@type":"BreadcrumbList","@id":"https:\/\/www.boranera.com\/transakcija-uspjesna\/#breadcrumb","itemListElement":[{"@type":"ListItem","position":1,"name":"Home","item":"https:\/\/www.boranera.com\/hr\/"},{"@type":"ListItem","position":2,"name":"Transakcija uspje\u0161na"}]},{"@type":"WebSite","@id":"https:\/\/www.boranera.com\/#website","url":"https:\/\/www.boranera.com\/","name":"Bora Nera","description":"THE FIRST SPECIALTY COFFEE IN ISTRIA","publisher":{"@id":"https:\/\/www.boranera.com\/#organization"},"potentialAction":[{"@type":"SearchAction","target":{"@type":"EntryPoint","urlTemplate":"https:\/\/www.boranera.com\/?s={search_term_string}"},"query-input":{"@type":"PropertyValueSpecification","valueRequired":true,"valueName":"search_term_string"}}],"inLanguage":"hr"},{"@type":"Organization","@id":"https:\/\/www.boranera.com\/#organization","name":"Bora Nera","url":"https:\/\/www.boranera.com\/","logo":{"@type":"ImageObject","inLanguage":"hr","@id":"https:\/\/www.boranera.com\/#\/schema\/logo\/image\/","url":"https:\/\/www.boranera.com\/wp-content\/uploads\/2023\/03\/Logo_Dark.png","contentUrl":"https:\/\/www.boranera.com\/wp-content\/uploads\/2023\/03\/Logo_Dark.png","width":536,"height":344,"caption":"Bora Nera"},"image":{"@id":"https:\/\/www.boranera.com\/#\/schema\/logo\/image\/"},"sameAs":["https:\/\/www.facebook.com\/boraneracoffee","https:\/\/www.instagram.com\/boraneracoffee\/"]}]}},"_links":{"self":[{"href":"https:\/\/www.boranera.com\/hr\/wp-json\/wp\/v2\/pages\/959"}],"collection":[{"href":"https:\/\/www.boranera.com\/hr\/wp-json\/wp\/v2\/pages"}],"about":[{"href":"https:\/\/www.boranera.com\/hr\/wp-json\/wp\/v2\/types\/page"}],"author":[{"embeddable":true,"href":"https:\/\/www.boranera.com\/hr\/wp-json\/wp\/v2\/users\/1"}],"replies":[{"embeddable":true,"href":"https:\/\/www.boranera.com\/hr\/wp-json\/wp\/v2\/comments?post=959"}],"version-history":[{"count":22,"href":"https:\/\/www.boranera.com\/hr\/wp-json\/wp\/v2\/pages\/959\/revisions"}],"predecessor-version":[{"id":2210,"href":"https:\/\/www.boranera.com\/hr\/wp-json\/wp\/v2\/pages\/959\/revisions\/2210"}],"wp:attachment":[{"href":"https:\/\/www.boranera.com\/hr\/wp-json\/wp\/v2\/media?parent=959"}],"curies":[{"name":"wp","href":"https:\/\/api.w.org\/{rel}","templated":true}]}}