{"id":469,"date":"2023-09-01T14:50:07","date_gmt":"2023-09-01T14:50:07","guid":{"rendered":"http:\/\/www.boranera.com\/?post_type=product&#038;p=469"},"modified":"2024-06-08T11:44:09","modified_gmt":"2024-06-08T11:44:09","slug":"able-disk-filter-fine","status":"publish","type":"product","link":"https:\/\/www.boranera.com\/en\/product\/alati\/able-disk-filter-fine\/","title":{"rendered":"Aeropress Stainless Steel Filter"},"content":{"rendered":"","protected":false},"excerpt":{"rendered":"<p>Stainless steel filter intended for Aropress Coffee Maker.<\/p>","protected":false},"featured_media":2121,"template":"","meta":{"_et_pb_use_builder":"","_et_pb_old_content":"","_et_gb_content_width":""},"product_brand":[],"product_cat":[16],"product_tag":[],"class_list":{"0":"post-469","1":"product","2":"type-product","3":"status-publish","4":"has-post-thumbnail","6":"product_cat-alati","8":"first","9":"instock","10":"taxable","11":"shipping-taxable","12":"purchasable","13":"product-type-simple"},"yoast_head":"<!-- This site is optimized with the Yoast SEO plugin v25.6 - https:\/\/yoast.com\/wordpress\/plugins\/seo\/ -->\n<title>Aeropress Stainless Steel Filter - Bora Nera<\/title>\n<meta name=\"robots\" content=\"index, follow, max-snippet:-1, max-image-preview:large, max-video-preview:-1\" \/>\n<link rel=\"canonical\" href=\"https:\/\/www.boranera.com\/en\/product\/alati\/able-disk-filter-fine\/\" \/>\n<meta property=\"og:locale\" content=\"en_GB\" \/>\n<meta property=\"og:type\" content=\"article\" \/>\n<meta property=\"og:title\" content=\"Aeropress Stainless Steel Filter - Bora Nera\" \/>\n<meta property=\"og:description\" content=\"Nehr\u0111aju\u0107i \u010deli\u010dni filter namijenjen Aropress Coffee Makeru.\" \/>\n<meta property=\"og:url\" content=\"https:\/\/www.boranera.com\/en\/product\/alati\/able-disk-filter-fine\/\" \/>\n<meta property=\"og:site_name\" content=\"Bora Nera\" \/>\n<meta property=\"article:publisher\" content=\"https:\/\/www.facebook.com\/boraneracoffee\" \/>\n<meta property=\"article:modified_time\" content=\"2024-06-08T11:44:09+00:00\" \/>\n<meta property=\"og:image\" content=\"https:\/\/www.boranera.com\/wp-content\/uploads\/2023\/09\/81MCS.jpg\" \/>\n\t<meta property=\"og:image:width\" content=\"600\" \/>\n\t<meta property=\"og:image:height\" content=\"600\" \/>\n\t<meta property=\"og:image:type\" content=\"image\/jpeg\" \/>\n<meta name=\"twitter:card\" content=\"summary_large_image\" \/>\n<meta name=\"twitter:label1\" content=\"Estimated reading time\" \/>\n\t<meta name=\"twitter:data1\" content=\"1 minute\" \/>\n<script type=\"application\/ld+json\" class=\"yoast-schema-graph\">{\"@context\":\"https:\/\/schema.org\",\"@graph\":[{\"@type\":\"WebPage\",\"@id\":\"https:\/\/www.boranera.com\/product\/alati\/able-disk-filter-fine\/\",\"url\":\"https:\/\/www.boranera.com\/product\/alati\/able-disk-filter-fine\/\",\"name\":\"Aeropress Stainless Steel Filter - Bora Nera\",\"isPartOf\":{\"@id\":\"https:\/\/www.boranera.com\/#website\"},\"primaryImageOfPage\":{\"@id\":\"https:\/\/www.boranera.com\/product\/alati\/able-disk-filter-fine\/#primaryimage\"},\"image\":{\"@id\":\"https:\/\/www.boranera.com\/product\/alati\/able-disk-filter-fine\/#primaryimage\"},\"thumbnailUrl\":\"https:\/\/www.boranera.com\/wp-content\/uploads\/2023\/09\/81MCS.jpg\",\"datePublished\":\"2023-09-01T14:50:07+00:00\",\"dateModified\":\"2024-06-08T11:44:09+00:00\",\"breadcrumb\":{\"@id\":\"https:\/\/www.boranera.com\/product\/alati\/able-disk-filter-fine\/#breadcrumb\"},\"inLanguage\":\"en-GB\",\"potentialAction\":[{\"@type\":\"ReadAction\",\"target\":[\"https:\/\/www.boranera.com\/product\/alati\/able-disk-filter-fine\/\"]}]},{\"@type\":\"ImageObject\",\"inLanguage\":\"en-GB\",\"@id\":\"https:\/\/www.boranera.com\/product\/alati\/able-disk-filter-fine\/#primaryimage\",\"url\":\"https:\/\/www.boranera.com\/wp-content\/uploads\/2023\/09\/81MCS.jpg\",\"contentUrl\":\"https:\/\/www.boranera.com\/wp-content\/uploads\/2023\/09\/81MCS.jpg\",\"width\":600,\"height\":600},{\"@type\":\"BreadcrumbList\",\"@id\":\"https:\/\/www.boranera.com\/product\/alati\/able-disk-filter-fine\/#breadcrumb\",\"itemListElement\":[{\"@type\":\"ListItem\",\"position\":1,\"name\":\"Home\",\"item\":\"https:\/\/www.boranera.com\/hr\/\"},{\"@type\":\"ListItem\",\"position\":2,\"name\":\"Trgovina\",\"item\":\"https:\/\/www.boranera.com\/trgovina\/\"},{\"@type\":\"ListItem\",\"position\":3,\"name\":\"Aeropress Stainless Steel Filter\"}]},{\"@type\":\"WebSite\",\"@id\":\"https:\/\/www.boranera.com\/#website\",\"url\":\"https:\/\/www.boranera.com\/\",\"name\":\"Bora Nera\",\"description\":\"THE FIRST SPECIALTY COFFEE IN ISTRIA\",\"publisher\":{\"@id\":\"https:\/\/www.boranera.com\/#organization\"},\"potentialAction\":[{\"@type\":\"SearchAction\",\"target\":{\"@type\":\"EntryPoint\",\"urlTemplate\":\"https:\/\/www.boranera.com\/?s={search_term_string}\"},\"query-input\":{\"@type\":\"PropertyValueSpecification\",\"valueRequired\":true,\"valueName\":\"search_term_string\"}}],\"inLanguage\":\"en-GB\"},{\"@type\":\"Organization\",\"@id\":\"https:\/\/www.boranera.com\/#organization\",\"name\":\"Bora Nera\",\"url\":\"https:\/\/www.boranera.com\/\",\"logo\":{\"@type\":\"ImageObject\",\"inLanguage\":\"en-GB\",\"@id\":\"https:\/\/www.boranera.com\/#\/schema\/logo\/image\/\",\"url\":\"https:\/\/www.boranera.com\/wp-content\/uploads\/2023\/03\/Logo_Dark.png\",\"contentUrl\":\"https:\/\/www.boranera.com\/wp-content\/uploads\/2023\/03\/Logo_Dark.png\",\"width\":536,\"height\":344,\"caption\":\"Bora Nera\"},\"image\":{\"@id\":\"https:\/\/www.boranera.com\/#\/schema\/logo\/image\/\"},\"sameAs\":[\"https:\/\/www.facebook.com\/boraneracoffee\",\"https:\/\/www.instagram.com\/boraneracoffee\/\"]}]}<\/script>\n<!-- \/ Yoast SEO plugin. -->","yoast_head_json":{"title":"Aeropress Stainless Steel Filter - Bora Nera","robots":{"index":"index","follow":"follow","max-snippet":"max-snippet:-1","max-image-preview":"max-image-preview:large","max-video-preview":"max-video-preview:-1"},"canonical":"https:\/\/www.boranera.com\/en\/product\/alati\/able-disk-filter-fine\/","og_locale":"en_GB","og_type":"article","og_title":"Aeropress Stainless Steel Filter - Bora Nera","og_description":"Nehr\u0111aju\u0107i \u010deli\u010dni filter namijenjen Aropress Coffee Makeru.","og_url":"https:\/\/www.boranera.com\/en\/product\/alati\/able-disk-filter-fine\/","og_site_name":"Bora Nera","article_publisher":"https:\/\/www.facebook.com\/boraneracoffee","article_modified_time":"2024-06-08T11:44:09+00:00","og_image":[{"width":600,"height":600,"url":"https:\/\/www.boranera.com\/wp-content\/uploads\/2023\/09\/81MCS.jpg","type":"image\/jpeg"}],"twitter_card":"summary_large_image","twitter_misc":{"Estimated reading time":"1 minute"},"schema":{"@context":"https:\/\/schema.org","@graph":[{"@type":"WebPage","@id":"https:\/\/www.boranera.com\/product\/alati\/able-disk-filter-fine\/","url":"https:\/\/www.boranera.com\/product\/alati\/able-disk-filter-fine\/","name":"Aeropress Stainless Steel Filter - Bora Nera","isPartOf":{"@id":"https:\/\/www.boranera.com\/#website"},"primaryImageOfPage":{"@id":"https:\/\/www.boranera.com\/product\/alati\/able-disk-filter-fine\/#primaryimage"},"image":{"@id":"https:\/\/www.boranera.com\/product\/alati\/able-disk-filter-fine\/#primaryimage"},"thumbnailUrl":"https:\/\/www.boranera.com\/wp-content\/uploads\/2023\/09\/81MCS.jpg","datePublished":"2023-09-01T14:50:07+00:00","dateModified":"2024-06-08T11:44:09+00:00","breadcrumb":{"@id":"https:\/\/www.boranera.com\/product\/alati\/able-disk-filter-fine\/#breadcrumb"},"inLanguage":"en-GB","potentialAction":[{"@type":"ReadAction","target":["https:\/\/www.boranera.com\/product\/alati\/able-disk-filter-fine\/"]}]},{"@type":"ImageObject","inLanguage":"en-GB","@id":"https:\/\/www.boranera.com\/product\/alati\/able-disk-filter-fine\/#primaryimage","url":"https:\/\/www.boranera.com\/wp-content\/uploads\/2023\/09\/81MCS.jpg","contentUrl":"https:\/\/www.boranera.com\/wp-content\/uploads\/2023\/09\/81MCS.jpg","width":600,"height":600},{"@type":"BreadcrumbList","@id":"https:\/\/www.boranera.com\/product\/alati\/able-disk-filter-fine\/#breadcrumb","itemListElement":[{"@type":"ListItem","position":1,"name":"Home","item":"https:\/\/www.boranera.com\/hr\/"},{"@type":"ListItem","position":2,"name":"Trgovina","item":"https:\/\/www.boranera.com\/trgovina\/"},{"@type":"ListItem","position":3,"name":"Aeropress Stainless Steel Filter"}]},{"@type":"WebSite","@id":"https:\/\/www.boranera.com\/#website","url":"https:\/\/www.boranera.com\/","name":"Bora Nera","description":"THE FIRST SPECIALTY COFFEE IN ISTRIA","publisher":{"@id":"https:\/\/www.boranera.com\/#organization"},"potentialAction":[{"@type":"SearchAction","target":{"@type":"EntryPoint","urlTemplate":"https:\/\/www.boranera.com\/?s={search_term_string}"},"query-input":{"@type":"PropertyValueSpecification","valueRequired":true,"valueName":"search_term_string"}}],"inLanguage":"en-GB"},{"@type":"Organization","@id":"https:\/\/www.boranera.com\/#organization","name":"Bora Nera","url":"https:\/\/www.boranera.com\/","logo":{"@type":"ImageObject","inLanguage":"en-GB","@id":"https:\/\/www.boranera.com\/#\/schema\/logo\/image\/","url":"https:\/\/www.boranera.com\/wp-content\/uploads\/2023\/03\/Logo_Dark.png","contentUrl":"https:\/\/www.boranera.com\/wp-content\/uploads\/2023\/03\/Logo_Dark.png","width":536,"height":344,"caption":"Bora Nera"},"image":{"@id":"https:\/\/www.boranera.com\/#\/schema\/logo\/image\/"},"sameAs":["https:\/\/www.facebook.com\/boraneracoffee","https:\/\/www.instagram.com\/boraneracoffee\/"]}]}},"_links":{"self":[{"href":"https:\/\/www.boranera.com\/en\/wp-json\/wp\/v2\/product\/469"}],"collection":[{"href":"https:\/\/www.boranera.com\/en\/wp-json\/wp\/v2\/product"}],"about":[{"href":"https:\/\/www.boranera.com\/en\/wp-json\/wp\/v2\/types\/product"}],"wp:featuredmedia":[{"embeddable":true,"href":"https:\/\/www.boranera.com\/en\/wp-json\/wp\/v2\/media\/2121"}],"wp:attachment":[{"href":"https:\/\/www.boranera.com\/en\/wp-json\/wp\/v2\/media?parent=469"}],"wp:term":[{"taxonomy":"product_brand","embeddable":true,"href":"https:\/\/www.boranera.com\/en\/wp-json\/wp\/v2\/product_brand?post=469"},{"taxonomy":"product_cat","embeddable":true,"href":"https:\/\/www.boranera.com\/en\/wp-json\/wp\/v2\/product_cat?post=469"},{"taxonomy":"product_tag","embeddable":true,"href":"https:\/\/www.boranera.com\/en\/wp-json\/wp\/v2\/product_tag?post=469"}],"curies":[{"name":"wp","href":"https:\/\/api.w.org\/{rel}","templated":true}]}}