{"id":390,"date":"2023-08-31T09:17:25","date_gmt":"2023-08-31T09:17:25","guid":{"rendered":"http:\/\/www.boranera.com\/?post_type=product&#038;p=390"},"modified":"2026-03-17T18:11:01","modified_gmt":"2026-03-17T18:11:01","slug":"bolivia","status":"publish","type":"product","link":"https:\/\/www.boranera.com\/en\/product\/kave\/bolivia\/","title":{"rendered":"PERU &#8211; LOS SANTOS"},"content":{"rendered":"<p>[et_pb_section fb_built=&#8221;1&#8243; theme_builder_area=&#8221;post_content&#8221; _builder_version=&#8221;4.27.4&#8243; _module_preset=&#8221;default&#8221;][\/et_pb_section]<\/p>\n","protected":false},"excerpt":{"rendered":"<p>The Los Santos family has been cultivating coffee since 1941, inheriting and refining management and processing techniques across generations. Situated in the Peruvian jungle within the Amazonas Department, the farm thrives at altitudes ranging from 1700 to 2000 meters, optimal for producing specialty-grade coffee. Additionally, the estate employs agroforestry practices to promote a more natural environment, fostering increased biodiversity. Equipped with processing facilities, the farm meticulously prepares coffee for quality assessment prior to exporting it abroad.<\/p>\n<p>Terroir: Lonya Grande, Utcubamba<br \/>\nProcess: washed<br \/>\nVariety: Bourbon<br \/>\nAltitude: 1400 - 1800 m.a.s.l.<br \/>\nCup profile: Fruity, almond, tropical, red grape, apple.<\/p>\n<p>&nbsp;<\/p>","protected":false},"featured_media":2364,"template":"","meta":{"_et_pb_use_builder":"on","_et_pb_old_content":"","_et_gb_content_width":""},"product_brand":[],"product_cat":[18],"product_tag":[70],"class_list":{"0":"post-390","1":"product","2":"type-product","3":"status-publish","4":"has-post-thumbnail","6":"product_cat-kave","7":"product_tag-new","9":"first","10":"instock","11":"taxable","12":"shipping-taxable","13":"purchasable","14":"product-type-variable"},"yoast_head":"<!-- This site is optimized with the Yoast SEO plugin v25.6 - https:\/\/yoast.com\/wordpress\/plugins\/seo\/ -->\n<title>PERU - LOS SANTOS - Bora Nera<\/title>\n<meta name=\"description\" content=\"Valeriano je vrlo skroman proizvo\u0111a\u010d kave koji se zajedno sa svojom obitelji trudi proizvesti kave najvi\u0161e mogu\u0107e kvalitete. Konzistentnost zrna koje proizvodi Valeriano iznimno je visoka. To je vjerojatno posljedica visoke nadmorske visine na kojoj se uzgaja kava i posebno discipliniranog branja, jedinstvenog procesa fermentacije koji uklju\u010duje promjene vode te posve\u0107enog su\u0161enja u okru\u017eenju sli\u010dnom zaklonu.Regija: San Jos\u00e9Obrada: washed - anaerobic\" \/>\n<meta name=\"robots\" content=\"index, follow, max-snippet:-1, max-image-preview:large, max-video-preview:-1\" \/>\n<link rel=\"canonical\" href=\"https:\/\/www.boranera.com\/en\/product\/kave\/bolivia\/\" \/>\n<meta property=\"og:locale\" content=\"en_GB\" \/>\n<meta property=\"og:type\" content=\"article\" \/>\n<meta property=\"og:title\" content=\"PERU - LOS SANTOS - Bora Nera\" \/>\n<meta property=\"og:description\" content=\"Valeriano je vrlo skroman proizvo\u0111a\u010d kave koji se zajedno sa svojom obitelji trudi proizvesti kave najvi\u0161e mogu\u0107e kvalitete. Konzistentnost zrna koje proizvodi Valeriano iznimno je visoka. To je vjerojatno posljedica visoke nadmorske visine na kojoj se uzgaja kava i posebno discipliniranog branja, jedinstvenog procesa fermentacije koji uklju\u010duje promjene vode te posve\u0107enog su\u0161enja u okru\u017eenju sli\u010dnom zaklonu.Regija: San Jos\u00e9Obrada: washed - anaerobic\" \/>\n<meta property=\"og:url\" content=\"https:\/\/www.boranera.com\/en\/product\/kave\/bolivia\/\" \/>\n<meta property=\"og:site_name\" content=\"Bora Nera\" \/>\n<meta property=\"article:publisher\" content=\"https:\/\/www.facebook.com\/boraneracoffee\" \/>\n<meta property=\"article:modified_time\" content=\"2026-03-17T18:11:01+00:00\" \/>\n<meta property=\"og:image\" content=\"https:\/\/www.boranera.com\/wp-content\/uploads\/2024\/11\/CRDM_BORANERA_306.png\" \/>\n\t<meta property=\"og:image:width\" content=\"562\" \/>\n\t<meta property=\"og:image:height\" content=\"562\" \/>\n\t<meta property=\"og:image:type\" content=\"image\/png\" \/>\n<meta name=\"twitter:card\" content=\"summary_large_image\" \/>\n<meta name=\"twitter:label1\" content=\"Estimated reading time\" \/>\n\t<meta name=\"twitter:data1\" content=\"1 minute\" \/>\n<script type=\"application\/ld+json\" class=\"yoast-schema-graph\">{\"@context\":\"https:\/\/schema.org\",\"@graph\":[{\"@type\":\"WebPage\",\"@id\":\"https:\/\/www.boranera.com\/hr\/product\/kave\/bolivia\/\",\"url\":\"https:\/\/www.boranera.com\/hr\/product\/kave\/bolivia\/\",\"name\":\"PERU - LOS SANTOS - Bora Nera\",\"isPartOf\":{\"@id\":\"https:\/\/www.boranera.com\/#website\"},\"primaryImageOfPage\":{\"@id\":\"https:\/\/www.boranera.com\/hr\/product\/kave\/bolivia\/#primaryimage\"},\"image\":{\"@id\":\"https:\/\/www.boranera.com\/hr\/product\/kave\/bolivia\/#primaryimage\"},\"thumbnailUrl\":\"https:\/\/www.boranera.com\/wp-content\/uploads\/2024\/11\/CRDM_BORANERA_306.png\",\"datePublished\":\"2023-08-31T09:17:25+00:00\",\"dateModified\":\"2026-03-17T18:11:01+00:00\",\"description\":\"Valeriano je vrlo skroman proizvo\u0111a\u010d kave koji se zajedno sa svojom obitelji trudi proizvesti kave najvi\u0161e mogu\u0107e kvalitete. Konzistentnost zrna koje proizvodi Valeriano iznimno je visoka. To je vjerojatno posljedica visoke nadmorske visine na kojoj se uzgaja kava i posebno discipliniranog branja, jedinstvenog procesa fermentacije koji uklju\u010duje promjene vode te posve\u0107enog su\u0161enja u okru\u017eenju sli\u010dnom zaklonu.Regija: San Jos\u00e9Obrada: washed - anaerobic\",\"breadcrumb\":{\"@id\":\"https:\/\/www.boranera.com\/hr\/product\/kave\/bolivia\/#breadcrumb\"},\"inLanguage\":\"en-GB\",\"potentialAction\":[{\"@type\":\"ReadAction\",\"target\":[\"https:\/\/www.boranera.com\/hr\/product\/kave\/bolivia\/\"]}]},{\"@type\":\"ImageObject\",\"inLanguage\":\"en-GB\",\"@id\":\"https:\/\/www.boranera.com\/hr\/product\/kave\/bolivia\/#primaryimage\",\"url\":\"https:\/\/www.boranera.com\/wp-content\/uploads\/2024\/11\/CRDM_BORANERA_306.png\",\"contentUrl\":\"https:\/\/www.boranera.com\/wp-content\/uploads\/2024\/11\/CRDM_BORANERA_306.png\",\"width\":562,\"height\":562},{\"@type\":\"BreadcrumbList\",\"@id\":\"https:\/\/www.boranera.com\/hr\/product\/kave\/bolivia\/#breadcrumb\",\"itemListElement\":[{\"@type\":\"ListItem\",\"position\":1,\"name\":\"Home\",\"item\":\"https:\/\/www.boranera.com\/hr\/\"},{\"@type\":\"ListItem\",\"position\":2,\"name\":\"Trgovina\",\"item\":\"https:\/\/www.boranera.com\/trgovina\/\"},{\"@type\":\"ListItem\",\"position\":3,\"name\":\"PERU &#8211; LOS SANTOS\"}]},{\"@type\":\"WebSite\",\"@id\":\"https:\/\/www.boranera.com\/#website\",\"url\":\"https:\/\/www.boranera.com\/\",\"name\":\"Bora Nera\",\"description\":\"THE FIRST SPECIALTY COFFEE IN ISTRIA\",\"publisher\":{\"@id\":\"https:\/\/www.boranera.com\/#organization\"},\"potentialAction\":[{\"@type\":\"SearchAction\",\"target\":{\"@type\":\"EntryPoint\",\"urlTemplate\":\"https:\/\/www.boranera.com\/?s={search_term_string}\"},\"query-input\":{\"@type\":\"PropertyValueSpecification\",\"valueRequired\":true,\"valueName\":\"search_term_string\"}}],\"inLanguage\":\"en-GB\"},{\"@type\":\"Organization\",\"@id\":\"https:\/\/www.boranera.com\/#organization\",\"name\":\"Bora Nera\",\"url\":\"https:\/\/www.boranera.com\/\",\"logo\":{\"@type\":\"ImageObject\",\"inLanguage\":\"en-GB\",\"@id\":\"https:\/\/www.boranera.com\/#\/schema\/logo\/image\/\",\"url\":\"https:\/\/www.boranera.com\/wp-content\/uploads\/2023\/03\/Logo_Dark.png\",\"contentUrl\":\"https:\/\/www.boranera.com\/wp-content\/uploads\/2023\/03\/Logo_Dark.png\",\"width\":536,\"height\":344,\"caption\":\"Bora Nera\"},\"image\":{\"@id\":\"https:\/\/www.boranera.com\/#\/schema\/logo\/image\/\"},\"sameAs\":[\"https:\/\/www.facebook.com\/boraneracoffee\",\"https:\/\/www.instagram.com\/boraneracoffee\/\"]}]}<\/script>\n<!-- \/ Yoast SEO plugin. -->","yoast_head_json":{"title":"PERU - LOS SANTOS - Bora Nera","description":"Valeriano je vrlo skroman proizvo\u0111a\u010d kave koji se zajedno sa svojom obitelji trudi proizvesti kave najvi\u0161e mogu\u0107e kvalitete. Konzistentnost zrna koje proizvodi Valeriano iznimno je visoka. To je vjerojatno posljedica visoke nadmorske visine na kojoj se uzgaja kava i posebno discipliniranog branja, jedinstvenog procesa fermentacije koji uklju\u010duje promjene vode te posve\u0107enog su\u0161enja u okru\u017eenju sli\u010dnom zaklonu.Regija: San Jos\u00e9Obrada: washed - anaerobic","robots":{"index":"index","follow":"follow","max-snippet":"max-snippet:-1","max-image-preview":"max-image-preview:large","max-video-preview":"max-video-preview:-1"},"canonical":"https:\/\/www.boranera.com\/en\/product\/kave\/bolivia\/","og_locale":"en_GB","og_type":"article","og_title":"PERU - LOS SANTOS - Bora Nera","og_description":"Valeriano je vrlo skroman proizvo\u0111a\u010d kave koji se zajedno sa svojom obitelji trudi proizvesti kave najvi\u0161e mogu\u0107e kvalitete. Konzistentnost zrna koje proizvodi Valeriano iznimno je visoka. To je vjerojatno posljedica visoke nadmorske visine na kojoj se uzgaja kava i posebno discipliniranog branja, jedinstvenog procesa fermentacije koji uklju\u010duje promjene vode te posve\u0107enog su\u0161enja u okru\u017eenju sli\u010dnom zaklonu.Regija: San Jos\u00e9Obrada: washed - anaerobic","og_url":"https:\/\/www.boranera.com\/en\/product\/kave\/bolivia\/","og_site_name":"Bora Nera","article_publisher":"https:\/\/www.facebook.com\/boraneracoffee","article_modified_time":"2026-03-17T18:11:01+00:00","og_image":[{"width":562,"height":562,"url":"https:\/\/www.boranera.com\/wp-content\/uploads\/2024\/11\/CRDM_BORANERA_306.png","type":"image\/png"}],"twitter_card":"summary_large_image","twitter_misc":{"Estimated reading time":"1 minute"},"schema":{"@context":"https:\/\/schema.org","@graph":[{"@type":"WebPage","@id":"https:\/\/www.boranera.com\/hr\/product\/kave\/bolivia\/","url":"https:\/\/www.boranera.com\/hr\/product\/kave\/bolivia\/","name":"PERU - LOS SANTOS - Bora Nera","isPartOf":{"@id":"https:\/\/www.boranera.com\/#website"},"primaryImageOfPage":{"@id":"https:\/\/www.boranera.com\/hr\/product\/kave\/bolivia\/#primaryimage"},"image":{"@id":"https:\/\/www.boranera.com\/hr\/product\/kave\/bolivia\/#primaryimage"},"thumbnailUrl":"https:\/\/www.boranera.com\/wp-content\/uploads\/2024\/11\/CRDM_BORANERA_306.png","datePublished":"2023-08-31T09:17:25+00:00","dateModified":"2026-03-17T18:11:01+00:00","description":"Valeriano je vrlo skroman proizvo\u0111a\u010d kave koji se zajedno sa svojom obitelji trudi proizvesti kave najvi\u0161e mogu\u0107e kvalitete. Konzistentnost zrna koje proizvodi Valeriano iznimno je visoka. To je vjerojatno posljedica visoke nadmorske visine na kojoj se uzgaja kava i posebno discipliniranog branja, jedinstvenog procesa fermentacije koji uklju\u010duje promjene vode te posve\u0107enog su\u0161enja u okru\u017eenju sli\u010dnom zaklonu.Regija: San Jos\u00e9Obrada: washed - anaerobic","breadcrumb":{"@id":"https:\/\/www.boranera.com\/hr\/product\/kave\/bolivia\/#breadcrumb"},"inLanguage":"en-GB","potentialAction":[{"@type":"ReadAction","target":["https:\/\/www.boranera.com\/hr\/product\/kave\/bolivia\/"]}]},{"@type":"ImageObject","inLanguage":"en-GB","@id":"https:\/\/www.boranera.com\/hr\/product\/kave\/bolivia\/#primaryimage","url":"https:\/\/www.boranera.com\/wp-content\/uploads\/2024\/11\/CRDM_BORANERA_306.png","contentUrl":"https:\/\/www.boranera.com\/wp-content\/uploads\/2024\/11\/CRDM_BORANERA_306.png","width":562,"height":562},{"@type":"BreadcrumbList","@id":"https:\/\/www.boranera.com\/hr\/product\/kave\/bolivia\/#breadcrumb","itemListElement":[{"@type":"ListItem","position":1,"name":"Home","item":"https:\/\/www.boranera.com\/hr\/"},{"@type":"ListItem","position":2,"name":"Trgovina","item":"https:\/\/www.boranera.com\/trgovina\/"},{"@type":"ListItem","position":3,"name":"PERU &#8211; LOS SANTOS"}]},{"@type":"WebSite","@id":"https:\/\/www.boranera.com\/#website","url":"https:\/\/www.boranera.com\/","name":"Bora Nera","description":"THE FIRST SPECIALTY COFFEE IN ISTRIA","publisher":{"@id":"https:\/\/www.boranera.com\/#organization"},"potentialAction":[{"@type":"SearchAction","target":{"@type":"EntryPoint","urlTemplate":"https:\/\/www.boranera.com\/?s={search_term_string}"},"query-input":{"@type":"PropertyValueSpecification","valueRequired":true,"valueName":"search_term_string"}}],"inLanguage":"en-GB"},{"@type":"Organization","@id":"https:\/\/www.boranera.com\/#organization","name":"Bora Nera","url":"https:\/\/www.boranera.com\/","logo":{"@type":"ImageObject","inLanguage":"en-GB","@id":"https:\/\/www.boranera.com\/#\/schema\/logo\/image\/","url":"https:\/\/www.boranera.com\/wp-content\/uploads\/2023\/03\/Logo_Dark.png","contentUrl":"https:\/\/www.boranera.com\/wp-content\/uploads\/2023\/03\/Logo_Dark.png","width":536,"height":344,"caption":"Bora Nera"},"image":{"@id":"https:\/\/www.boranera.com\/#\/schema\/logo\/image\/"},"sameAs":["https:\/\/www.facebook.com\/boraneracoffee","https:\/\/www.instagram.com\/boraneracoffee\/"]}]}},"_links":{"self":[{"href":"https:\/\/www.boranera.com\/en\/wp-json\/wp\/v2\/product\/390"}],"collection":[{"href":"https:\/\/www.boranera.com\/en\/wp-json\/wp\/v2\/product"}],"about":[{"href":"https:\/\/www.boranera.com\/en\/wp-json\/wp\/v2\/types\/product"}],"wp:featuredmedia":[{"embeddable":true,"href":"https:\/\/www.boranera.com\/en\/wp-json\/wp\/v2\/media\/2364"}],"wp:attachment":[{"href":"https:\/\/www.boranera.com\/en\/wp-json\/wp\/v2\/media?parent=390"}],"wp:term":[{"taxonomy":"product_brand","embeddable":true,"href":"https:\/\/www.boranera.com\/en\/wp-json\/wp\/v2\/product_brand?post=390"},{"taxonomy":"product_cat","embeddable":true,"href":"https:\/\/www.boranera.com\/en\/wp-json\/wp\/v2\/product_cat?post=390"},{"taxonomy":"product_tag","embeddable":true,"href":"https:\/\/www.boranera.com\/en\/wp-json\/wp\/v2\/product_tag?post=390"}],"curies":[{"name":"wp","href":"https:\/\/api.w.org\/{rel}","templated":true}]}}