{"id":2483,"date":"2025-05-22T08:54:04","date_gmt":"2025-05-22T08:54:04","guid":{"rendered":"https:\/\/www.boranera.com\/?post_type=product&#038;p=2483"},"modified":"2025-05-26T20:08:16","modified_gmt":"2025-05-26T20:08:16","slug":"quick-mill-05000","status":"publish","type":"product","link":"https:\/\/www.boranera.com\/en\/product\/uredaji\/quick-mill-05000\/","title":{"rendered":"Quick Mill 05000"},"content":{"rendered":"<p>[et_pb_section fb_built=&#8221;1&#8243; theme_builder_area=&#8221;post_content&#8221; _builder_version=&#8221;4.27.4&#8243; _module_preset=&#8221;default&#8221;][\/et_pb_section]<\/p>\n","protected":false},"excerpt":{"rendered":"<p><strong>Kompaktna, izdr\u017eljiva, iznimno u\u010dinkovita i u potpunosti proizvedena u Italiji.<\/strong><br \/>\nOvaj superautomatski aparat za kavu dizajniran je tako da se savr\u0161eno uklopi u svaki prostor, poslovni ili ku\u0107ni. Njene kompaktne dimenzije i \u010dvrsti, dugotrajni materijali \u010dine ga idealnim izborom za one koji tra\u017ee pouzdanost i svestranost.<\/p>\n<p>Opremljena termoblokom za kavu i sustavom neograni\u010denog to\u010denja vode, nudi prakti\u010dnost bez kompromisa. Integrirani mlinac s ravnim \u017eilicama promjera 49 mm osigurava ravnomjerno i visokokvalitetno mljevenje.<\/p>\n<p>Samo jednim dodirom mo\u017eete u\u017eivati svaki put, u bogatoj, aromati\u010dnoj i savr\u0161eno pripremljenoj \u0161alici kave.<\/p>\n<p>FOR INFORMATION AND PRICES, <a href=\"https:\/\/www.boranera.com\/en\/#contact\">CONTACT US.<\/a><\/p>","protected":false},"featured_media":2489,"template":"","meta":{"_et_pb_use_builder":"on","_et_pb_old_content":"","_et_gb_content_width":""},"product_brand":[],"product_cat":[32],"product_tag":[70],"class_list":{"0":"post-2483","1":"product","2":"type-product","3":"status-publish","4":"has-post-thumbnail","6":"product_cat-uredaji","7":"product_tag-new","9":"first","10":"instock","11":"taxable","12":"shipping-taxable","13":"product-type-simple"},"yoast_head":"<!-- This site is optimized with the Yoast SEO plugin v25.6 - https:\/\/yoast.com\/wordpress\/plugins\/seo\/ -->\n<title>Quick Mill 05000 - Bora Nera<\/title>\n<meta name=\"robots\" content=\"index, follow, max-snippet:-1, max-image-preview:large, max-video-preview:-1\" \/>\n<link rel=\"canonical\" href=\"https:\/\/www.boranera.com\/en\/product\/uredaji\/quick-mill-05000\/\" \/>\n<meta property=\"og:locale\" content=\"en_GB\" \/>\n<meta property=\"og:type\" content=\"article\" \/>\n<meta property=\"og:title\" content=\"Quick Mill 05000 - Bora Nera\" \/>\n<meta property=\"og:description\" content=\"Kompaktna, izdr\u017eljiva, iznimno u\u010dinkovita i u potpunosti proizvedena u Italiji. Ovaj superautomatski aparat za kavu dizajniran je tako da se savr\u0161eno uklopi u svaki prostor, poslovni ili ku\u0107ni. Njene kompaktne dimenzije i \u010dvrsti, dugotrajni materijali \u010dine ga idealnim izborom za one koji tra\u017ee pouzdanost i svestranost.  Opremljena termoblokom za kavu i sustavom neograni\u010denog to\u010denja vode, nudi prakti\u010dnost bez kompromisa. Integrirani mlinac s ravnim \u017eilicama promjera 49 mm osigurava ravnomjerno i visokokvalitetno mljevenje.  Samo jednim dodirom mo\u017eete u\u017eivati svaki put, u bogatoj, aromati\u010dnoj i savr\u0161eno pripremljenoj \u0161alici kave.  ZA INFORMACIJE I CIJENE, KONTAKTIRAJTE NAS.\" \/>\n<meta property=\"og:url\" content=\"https:\/\/www.boranera.com\/en\/product\/uredaji\/quick-mill-05000\/\" \/>\n<meta property=\"og:site_name\" content=\"Bora Nera\" \/>\n<meta property=\"article:publisher\" content=\"https:\/\/www.facebook.com\/boraneracoffee\" \/>\n<meta property=\"article:modified_time\" content=\"2025-05-26T20:08:16+00:00\" \/>\n<meta property=\"og:image\" content=\"https:\/\/www.boranera.com\/wp-content\/uploads\/2025\/05\/25.png\" \/>\n\t<meta property=\"og:image:width\" content=\"680\" \/>\n\t<meta property=\"og:image:height\" content=\"850\" \/>\n\t<meta property=\"og:image:type\" content=\"image\/png\" \/>\n<meta name=\"twitter:card\" content=\"summary_large_image\" \/>\n<meta name=\"twitter:label1\" content=\"Estimated reading time\" \/>\n\t<meta name=\"twitter:data1\" content=\"1 minute\" \/>\n<script type=\"application\/ld+json\" class=\"yoast-schema-graph\">{\"@context\":\"https:\/\/schema.org\",\"@graph\":[{\"@type\":\"WebPage\",\"@id\":\"https:\/\/www.boranera.com\/product\/uredaji\/quick-mill-05000\/\",\"url\":\"https:\/\/www.boranera.com\/product\/uredaji\/quick-mill-05000\/\",\"name\":\"Quick Mill 05000 - Bora Nera\",\"isPartOf\":{\"@id\":\"https:\/\/www.boranera.com\/#website\"},\"primaryImageOfPage\":{\"@id\":\"https:\/\/www.boranera.com\/product\/uredaji\/quick-mill-05000\/#primaryimage\"},\"image\":{\"@id\":\"https:\/\/www.boranera.com\/product\/uredaji\/quick-mill-05000\/#primaryimage\"},\"thumbnailUrl\":\"https:\/\/www.boranera.com\/wp-content\/uploads\/2025\/05\/25.png\",\"datePublished\":\"2025-05-22T08:54:04+00:00\",\"dateModified\":\"2025-05-26T20:08:16+00:00\",\"breadcrumb\":{\"@id\":\"https:\/\/www.boranera.com\/product\/uredaji\/quick-mill-05000\/#breadcrumb\"},\"inLanguage\":\"en-GB\",\"potentialAction\":[{\"@type\":\"ReadAction\",\"target\":[\"https:\/\/www.boranera.com\/product\/uredaji\/quick-mill-05000\/\"]}]},{\"@type\":\"ImageObject\",\"inLanguage\":\"en-GB\",\"@id\":\"https:\/\/www.boranera.com\/product\/uredaji\/quick-mill-05000\/#primaryimage\",\"url\":\"https:\/\/www.boranera.com\/wp-content\/uploads\/2025\/05\/25.png\",\"contentUrl\":\"https:\/\/www.boranera.com\/wp-content\/uploads\/2025\/05\/25.png\",\"width\":680,\"height\":850},{\"@type\":\"BreadcrumbList\",\"@id\":\"https:\/\/www.boranera.com\/product\/uredaji\/quick-mill-05000\/#breadcrumb\",\"itemListElement\":[{\"@type\":\"ListItem\",\"position\":1,\"name\":\"Home\",\"item\":\"https:\/\/www.boranera.com\/hr\/\"},{\"@type\":\"ListItem\",\"position\":2,\"name\":\"Trgovina\",\"item\":\"https:\/\/www.boranera.com\/trgovina\/\"},{\"@type\":\"ListItem\",\"position\":3,\"name\":\"Quick Mill 05000\"}]},{\"@type\":\"WebSite\",\"@id\":\"https:\/\/www.boranera.com\/#website\",\"url\":\"https:\/\/www.boranera.com\/\",\"name\":\"Bora Nera\",\"description\":\"THE FIRST SPECIALTY COFFEE IN ISTRIA\",\"publisher\":{\"@id\":\"https:\/\/www.boranera.com\/#organization\"},\"potentialAction\":[{\"@type\":\"SearchAction\",\"target\":{\"@type\":\"EntryPoint\",\"urlTemplate\":\"https:\/\/www.boranera.com\/?s={search_term_string}\"},\"query-input\":{\"@type\":\"PropertyValueSpecification\",\"valueRequired\":true,\"valueName\":\"search_term_string\"}}],\"inLanguage\":\"en-GB\"},{\"@type\":\"Organization\",\"@id\":\"https:\/\/www.boranera.com\/#organization\",\"name\":\"Bora Nera\",\"url\":\"https:\/\/www.boranera.com\/\",\"logo\":{\"@type\":\"ImageObject\",\"inLanguage\":\"en-GB\",\"@id\":\"https:\/\/www.boranera.com\/#\/schema\/logo\/image\/\",\"url\":\"https:\/\/www.boranera.com\/wp-content\/uploads\/2023\/03\/Logo_Dark.png\",\"contentUrl\":\"https:\/\/www.boranera.com\/wp-content\/uploads\/2023\/03\/Logo_Dark.png\",\"width\":536,\"height\":344,\"caption\":\"Bora Nera\"},\"image\":{\"@id\":\"https:\/\/www.boranera.com\/#\/schema\/logo\/image\/\"},\"sameAs\":[\"https:\/\/www.facebook.com\/boraneracoffee\",\"https:\/\/www.instagram.com\/boraneracoffee\/\"]}]}<\/script>\n<!-- \/ Yoast SEO plugin. -->","yoast_head_json":{"title":"Quick Mill 05000 - Bora Nera","robots":{"index":"index","follow":"follow","max-snippet":"max-snippet:-1","max-image-preview":"max-image-preview:large","max-video-preview":"max-video-preview:-1"},"canonical":"https:\/\/www.boranera.com\/en\/product\/uredaji\/quick-mill-05000\/","og_locale":"en_GB","og_type":"article","og_title":"Quick Mill 05000 - Bora Nera","og_description":"Kompaktna, izdr\u017eljiva, iznimno u\u010dinkovita i u potpunosti proizvedena u Italiji. Ovaj superautomatski aparat za kavu dizajniran je tako da se savr\u0161eno uklopi u svaki prostor, poslovni ili ku\u0107ni. Njene kompaktne dimenzije i \u010dvrsti, dugotrajni materijali \u010dine ga idealnim izborom za one koji tra\u017ee pouzdanost i svestranost.  Opremljena termoblokom za kavu i sustavom neograni\u010denog to\u010denja vode, nudi prakti\u010dnost bez kompromisa. Integrirani mlinac s ravnim \u017eilicama promjera 49 mm osigurava ravnomjerno i visokokvalitetno mljevenje.  Samo jednim dodirom mo\u017eete u\u017eivati svaki put, u bogatoj, aromati\u010dnoj i savr\u0161eno pripremljenoj \u0161alici kave.  ZA INFORMACIJE I CIJENE, KONTAKTIRAJTE NAS.","og_url":"https:\/\/www.boranera.com\/en\/product\/uredaji\/quick-mill-05000\/","og_site_name":"Bora Nera","article_publisher":"https:\/\/www.facebook.com\/boraneracoffee","article_modified_time":"2025-05-26T20:08:16+00:00","og_image":[{"width":680,"height":850,"url":"https:\/\/www.boranera.com\/wp-content\/uploads\/2025\/05\/25.png","type":"image\/png"}],"twitter_card":"summary_large_image","twitter_misc":{"Estimated reading time":"1 minute"},"schema":{"@context":"https:\/\/schema.org","@graph":[{"@type":"WebPage","@id":"https:\/\/www.boranera.com\/product\/uredaji\/quick-mill-05000\/","url":"https:\/\/www.boranera.com\/product\/uredaji\/quick-mill-05000\/","name":"Quick Mill 05000 - Bora Nera","isPartOf":{"@id":"https:\/\/www.boranera.com\/#website"},"primaryImageOfPage":{"@id":"https:\/\/www.boranera.com\/product\/uredaji\/quick-mill-05000\/#primaryimage"},"image":{"@id":"https:\/\/www.boranera.com\/product\/uredaji\/quick-mill-05000\/#primaryimage"},"thumbnailUrl":"https:\/\/www.boranera.com\/wp-content\/uploads\/2025\/05\/25.png","datePublished":"2025-05-22T08:54:04+00:00","dateModified":"2025-05-26T20:08:16+00:00","breadcrumb":{"@id":"https:\/\/www.boranera.com\/product\/uredaji\/quick-mill-05000\/#breadcrumb"},"inLanguage":"en-GB","potentialAction":[{"@type":"ReadAction","target":["https:\/\/www.boranera.com\/product\/uredaji\/quick-mill-05000\/"]}]},{"@type":"ImageObject","inLanguage":"en-GB","@id":"https:\/\/www.boranera.com\/product\/uredaji\/quick-mill-05000\/#primaryimage","url":"https:\/\/www.boranera.com\/wp-content\/uploads\/2025\/05\/25.png","contentUrl":"https:\/\/www.boranera.com\/wp-content\/uploads\/2025\/05\/25.png","width":680,"height":850},{"@type":"BreadcrumbList","@id":"https:\/\/www.boranera.com\/product\/uredaji\/quick-mill-05000\/#breadcrumb","itemListElement":[{"@type":"ListItem","position":1,"name":"Home","item":"https:\/\/www.boranera.com\/hr\/"},{"@type":"ListItem","position":2,"name":"Trgovina","item":"https:\/\/www.boranera.com\/trgovina\/"},{"@type":"ListItem","position":3,"name":"Quick Mill 05000"}]},{"@type":"WebSite","@id":"https:\/\/www.boranera.com\/#website","url":"https:\/\/www.boranera.com\/","name":"Bora Nera","description":"THE FIRST SPECIALTY COFFEE IN ISTRIA","publisher":{"@id":"https:\/\/www.boranera.com\/#organization"},"potentialAction":[{"@type":"SearchAction","target":{"@type":"EntryPoint","urlTemplate":"https:\/\/www.boranera.com\/?s={search_term_string}"},"query-input":{"@type":"PropertyValueSpecification","valueRequired":true,"valueName":"search_term_string"}}],"inLanguage":"en-GB"},{"@type":"Organization","@id":"https:\/\/www.boranera.com\/#organization","name":"Bora Nera","url":"https:\/\/www.boranera.com\/","logo":{"@type":"ImageObject","inLanguage":"en-GB","@id":"https:\/\/www.boranera.com\/#\/schema\/logo\/image\/","url":"https:\/\/www.boranera.com\/wp-content\/uploads\/2023\/03\/Logo_Dark.png","contentUrl":"https:\/\/www.boranera.com\/wp-content\/uploads\/2023\/03\/Logo_Dark.png","width":536,"height":344,"caption":"Bora Nera"},"image":{"@id":"https:\/\/www.boranera.com\/#\/schema\/logo\/image\/"},"sameAs":["https:\/\/www.facebook.com\/boraneracoffee","https:\/\/www.instagram.com\/boraneracoffee\/"]}]}},"_links":{"self":[{"href":"https:\/\/www.boranera.com\/en\/wp-json\/wp\/v2\/product\/2483"}],"collection":[{"href":"https:\/\/www.boranera.com\/en\/wp-json\/wp\/v2\/product"}],"about":[{"href":"https:\/\/www.boranera.com\/en\/wp-json\/wp\/v2\/types\/product"}],"wp:featuredmedia":[{"embeddable":true,"href":"https:\/\/www.boranera.com\/en\/wp-json\/wp\/v2\/media\/2489"}],"wp:attachment":[{"href":"https:\/\/www.boranera.com\/en\/wp-json\/wp\/v2\/media?parent=2483"}],"wp:term":[{"taxonomy":"product_brand","embeddable":true,"href":"https:\/\/www.boranera.com\/en\/wp-json\/wp\/v2\/product_brand?post=2483"},{"taxonomy":"product_cat","embeddable":true,"href":"https:\/\/www.boranera.com\/en\/wp-json\/wp\/v2\/product_cat?post=2483"},{"taxonomy":"product_tag","embeddable":true,"href":"https:\/\/www.boranera.com\/en\/wp-json\/wp\/v2\/product_tag?post=2483"}],"curies":[{"name":"wp","href":"https:\/\/api.w.org\/{rel}","templated":true}]}}