{"id":2459,"date":"2025-04-17T15:04:29","date_gmt":"2025-04-17T15:04:29","guid":{"rendered":"https:\/\/www.boranera.com\/?post_type=product&#038;p=2459"},"modified":"2025-06-21T13:39:14","modified_gmt":"2025-06-21T13:39:14","slug":"cascara-cbd","status":"publish","type":"product","link":"https:\/\/www.boranera.com\/en\/product\/kave\/cascara-cbd\/","title":{"rendered":"Cascara &#038; CBD"},"content":{"rendered":"","protected":false},"excerpt":{"rendered":"<p>Cascara oboga\u010dena organskim uzgojem konopljom iz OPG a Fuego iz Motovuna. Ovaj proizvod kombinira blagotvorna svojstva oba sastojka: antioksidansi, B vitamini (B1 i B2) omega 3 i 6, vlakna i minerale, \u010dime se posti\u017ee unikatan okus. Konoplja oboga\u0107uje slatki okus Cascare, dodaju\u0107i mu prepoznatljive cvjetne i biljne note i dodatne kiseline koje daju ve\u0107u svje\u017einu napitku.<\/p>\n<p><strong>Method of preparetion:<\/strong> 15 gr Cascara - 250 gr water (92\u00b0C) - time of infusion 5\/6 minutes<\/p>\n<p>&nbsp;<\/p>","protected":false},"featured_media":2462,"template":"","meta":{"_et_pb_use_builder":"","_et_pb_old_content":"","_et_gb_content_width":""},"product_brand":[],"product_cat":[18],"product_tag":[],"class_list":{"0":"post-2459","1":"product","2":"type-product","3":"status-publish","4":"has-post-thumbnail","6":"product_cat-kave","8":"first","9":"instock","10":"taxable","11":"shipping-taxable","12":"purchasable","13":"product-type-variable"},"yoast_head":"<!-- This site is optimized with the Yoast SEO plugin v25.6 - https:\/\/yoast.com\/wordpress\/plugins\/seo\/ -->\n<title>Cascara &amp; CBD - Bora Nera<\/title>\n<meta name=\"description\" content=\"Cascara se izra\u0111uje od ko\u017ee i pulpe osu\u0161enog kavnog ploda. Rije\u010d &quot;Cascara&quot; zna\u010di &quot;ko\u017ea&quot; ili &quot;ljuska&quot; na \u0161panjolskom jeziku. Ne priprema se kao tipi\u010dna kava, ve\u0107 kao \u010daj. Vrlo je slatka s notama hibiskusa, brusnice i meda. Na temelju nekih istra\u017eivanja, bogata je antioksidansima i vitaminima B2 i E.Regija: Alajuela - Central ValleyObrada: naturalSorta: Caturra, Catua\u00ec, SL28, Marsellesa, SarchimorVisina: 1200 - 1300mOkus: Fruity, hibiscus, honey, dried figs, cranberry, sweet\" \/>\n<meta name=\"robots\" content=\"index, follow, max-snippet:-1, max-image-preview:large, max-video-preview:-1\" \/>\n<link rel=\"canonical\" href=\"https:\/\/www.boranera.com\/en\/product\/kave\/cascara-cbd\/\" \/>\n<meta property=\"og:locale\" content=\"en_GB\" \/>\n<meta property=\"og:type\" content=\"article\" \/>\n<meta property=\"og:title\" content=\"Cascara &amp; CBD - Bora Nera\" \/>\n<meta property=\"og:description\" content=\"Cascara se izra\u0111uje od ko\u017ee i pulpe osu\u0161enog kavnog ploda. Rije\u010d &quot;Cascara&quot; zna\u010di &quot;ko\u017ea&quot; ili &quot;ljuska&quot; na \u0161panjolskom jeziku. Ne priprema se kao tipi\u010dna kava, ve\u0107 kao \u010daj. Vrlo je slatka s notama hibiskusa, brusnice i meda. Na temelju nekih istra\u017eivanja, bogata je antioksidansima i vitaminima B2 i E.Regija: Alajuela - Central ValleyObrada: naturalSorta: Caturra, Catua\u00ec, SL28, Marsellesa, SarchimorVisina: 1200 - 1300mOkus: Fruity, hibiscus, honey, dried figs, cranberry, sweet\" \/>\n<meta property=\"og:url\" content=\"https:\/\/www.boranera.com\/en\/product\/kave\/cascara-cbd\/\" \/>\n<meta property=\"og:site_name\" content=\"Bora Nera\" \/>\n<meta property=\"article:publisher\" content=\"https:\/\/www.facebook.com\/boraneracoffee\" \/>\n<meta property=\"article:modified_time\" content=\"2025-06-21T13:39:14+00:00\" \/>\n<meta property=\"og:image\" content=\"https:\/\/www.boranera.com\/wp-content\/uploads\/2025\/04\/CRDM_BORANERA_435.png\" \/>\n\t<meta property=\"og:image:width\" content=\"486\" \/>\n\t<meta property=\"og:image:height\" content=\"486\" \/>\n\t<meta property=\"og:image:type\" content=\"image\/png\" \/>\n<meta name=\"twitter:card\" content=\"summary_large_image\" \/>\n<meta name=\"twitter:label1\" content=\"Estimated reading time\" \/>\n\t<meta name=\"twitter:data1\" content=\"1 minute\" \/>\n<script type=\"application\/ld+json\" class=\"yoast-schema-graph\">{\"@context\":\"https:\/\/schema.org\",\"@graph\":[{\"@type\":\"WebPage\",\"@id\":\"https:\/\/www.boranera.com\/product\/kave\/cascara-cbd\/\",\"url\":\"https:\/\/www.boranera.com\/product\/kave\/cascara-cbd\/\",\"name\":\"Cascara & CBD - Bora Nera\",\"isPartOf\":{\"@id\":\"https:\/\/www.boranera.com\/#website\"},\"primaryImageOfPage\":{\"@id\":\"https:\/\/www.boranera.com\/product\/kave\/cascara-cbd\/#primaryimage\"},\"image\":{\"@id\":\"https:\/\/www.boranera.com\/product\/kave\/cascara-cbd\/#primaryimage\"},\"thumbnailUrl\":\"https:\/\/www.boranera.com\/wp-content\/uploads\/2025\/04\/CRDM_BORANERA_435.png\",\"datePublished\":\"2025-04-17T15:04:29+00:00\",\"dateModified\":\"2025-06-21T13:39:14+00:00\",\"description\":\"Cascara se izra\u0111uje od ko\u017ee i pulpe osu\u0161enog kavnog ploda. Rije\u010d \\\"Cascara\\\" zna\u010di \\\"ko\u017ea\\\" ili \\\"ljuska\\\" na \u0161panjolskom jeziku. Ne priprema se kao tipi\u010dna kava, ve\u0107 kao \u010daj. Vrlo je slatka s notama hibiskusa, brusnice i meda. Na temelju nekih istra\u017eivanja, bogata je antioksidansima i vitaminima B2 i E.Regija: Alajuela - Central ValleyObrada: naturalSorta: Caturra, Catua\u00ec, SL28, Marsellesa, SarchimorVisina: 1200 - 1300mOkus: Fruity, hibiscus, honey, dried figs, cranberry, sweet\",\"breadcrumb\":{\"@id\":\"https:\/\/www.boranera.com\/product\/kave\/cascara-cbd\/#breadcrumb\"},\"inLanguage\":\"en-GB\",\"potentialAction\":[{\"@type\":\"ReadAction\",\"target\":[\"https:\/\/www.boranera.com\/product\/kave\/cascara-cbd\/\"]}]},{\"@type\":\"ImageObject\",\"inLanguage\":\"en-GB\",\"@id\":\"https:\/\/www.boranera.com\/product\/kave\/cascara-cbd\/#primaryimage\",\"url\":\"https:\/\/www.boranera.com\/wp-content\/uploads\/2025\/04\/CRDM_BORANERA_435.png\",\"contentUrl\":\"https:\/\/www.boranera.com\/wp-content\/uploads\/2025\/04\/CRDM_BORANERA_435.png\",\"width\":486,\"height\":486},{\"@type\":\"BreadcrumbList\",\"@id\":\"https:\/\/www.boranera.com\/product\/kave\/cascara-cbd\/#breadcrumb\",\"itemListElement\":[{\"@type\":\"ListItem\",\"position\":1,\"name\":\"Home\",\"item\":\"https:\/\/www.boranera.com\/hr\/\"},{\"@type\":\"ListItem\",\"position\":2,\"name\":\"Trgovina\",\"item\":\"https:\/\/www.boranera.com\/trgovina\/\"},{\"@type\":\"ListItem\",\"position\":3,\"name\":\"Cascara &#038; CBD\"}]},{\"@type\":\"WebSite\",\"@id\":\"https:\/\/www.boranera.com\/#website\",\"url\":\"https:\/\/www.boranera.com\/\",\"name\":\"Bora Nera\",\"description\":\"THE FIRST SPECIALTY COFFEE IN ISTRIA\",\"publisher\":{\"@id\":\"https:\/\/www.boranera.com\/#organization\"},\"potentialAction\":[{\"@type\":\"SearchAction\",\"target\":{\"@type\":\"EntryPoint\",\"urlTemplate\":\"https:\/\/www.boranera.com\/?s={search_term_string}\"},\"query-input\":{\"@type\":\"PropertyValueSpecification\",\"valueRequired\":true,\"valueName\":\"search_term_string\"}}],\"inLanguage\":\"en-GB\"},{\"@type\":\"Organization\",\"@id\":\"https:\/\/www.boranera.com\/#organization\",\"name\":\"Bora Nera\",\"url\":\"https:\/\/www.boranera.com\/\",\"logo\":{\"@type\":\"ImageObject\",\"inLanguage\":\"en-GB\",\"@id\":\"https:\/\/www.boranera.com\/#\/schema\/logo\/image\/\",\"url\":\"https:\/\/www.boranera.com\/wp-content\/uploads\/2023\/03\/Logo_Dark.png\",\"contentUrl\":\"https:\/\/www.boranera.com\/wp-content\/uploads\/2023\/03\/Logo_Dark.png\",\"width\":536,\"height\":344,\"caption\":\"Bora Nera\"},\"image\":{\"@id\":\"https:\/\/www.boranera.com\/#\/schema\/logo\/image\/\"},\"sameAs\":[\"https:\/\/www.facebook.com\/boraneracoffee\",\"https:\/\/www.instagram.com\/boraneracoffee\/\"]}]}<\/script>\n<!-- \/ Yoast SEO plugin. -->","yoast_head_json":{"title":"Cascara & CBD - Bora Nera","description":"Cascara se izra\u0111uje od ko\u017ee i pulpe osu\u0161enog kavnog ploda. Rije\u010d \"Cascara\" zna\u010di \"ko\u017ea\" ili \"ljuska\" na \u0161panjolskom jeziku. Ne priprema se kao tipi\u010dna kava, ve\u0107 kao \u010daj. Vrlo je slatka s notama hibiskusa, brusnice i meda. Na temelju nekih istra\u017eivanja, bogata je antioksidansima i vitaminima B2 i E.Regija: Alajuela - Central ValleyObrada: naturalSorta: Caturra, Catua\u00ec, SL28, Marsellesa, SarchimorVisina: 1200 - 1300mOkus: Fruity, hibiscus, honey, dried figs, cranberry, sweet","robots":{"index":"index","follow":"follow","max-snippet":"max-snippet:-1","max-image-preview":"max-image-preview:large","max-video-preview":"max-video-preview:-1"},"canonical":"https:\/\/www.boranera.com\/en\/product\/kave\/cascara-cbd\/","og_locale":"en_GB","og_type":"article","og_title":"Cascara & CBD - Bora Nera","og_description":"Cascara se izra\u0111uje od ko\u017ee i pulpe osu\u0161enog kavnog ploda. Rije\u010d \"Cascara\" zna\u010di \"ko\u017ea\" ili \"ljuska\" na \u0161panjolskom jeziku. Ne priprema se kao tipi\u010dna kava, ve\u0107 kao \u010daj. Vrlo je slatka s notama hibiskusa, brusnice i meda. Na temelju nekih istra\u017eivanja, bogata je antioksidansima i vitaminima B2 i E.Regija: Alajuela - Central ValleyObrada: naturalSorta: Caturra, Catua\u00ec, SL28, Marsellesa, SarchimorVisina: 1200 - 1300mOkus: Fruity, hibiscus, honey, dried figs, cranberry, sweet","og_url":"https:\/\/www.boranera.com\/en\/product\/kave\/cascara-cbd\/","og_site_name":"Bora Nera","article_publisher":"https:\/\/www.facebook.com\/boraneracoffee","article_modified_time":"2025-06-21T13:39:14+00:00","og_image":[{"width":486,"height":486,"url":"https:\/\/www.boranera.com\/wp-content\/uploads\/2025\/04\/CRDM_BORANERA_435.png","type":"image\/png"}],"twitter_card":"summary_large_image","twitter_misc":{"Estimated reading time":"1 minute"},"schema":{"@context":"https:\/\/schema.org","@graph":[{"@type":"WebPage","@id":"https:\/\/www.boranera.com\/product\/kave\/cascara-cbd\/","url":"https:\/\/www.boranera.com\/product\/kave\/cascara-cbd\/","name":"Cascara & CBD - Bora Nera","isPartOf":{"@id":"https:\/\/www.boranera.com\/#website"},"primaryImageOfPage":{"@id":"https:\/\/www.boranera.com\/product\/kave\/cascara-cbd\/#primaryimage"},"image":{"@id":"https:\/\/www.boranera.com\/product\/kave\/cascara-cbd\/#primaryimage"},"thumbnailUrl":"https:\/\/www.boranera.com\/wp-content\/uploads\/2025\/04\/CRDM_BORANERA_435.png","datePublished":"2025-04-17T15:04:29+00:00","dateModified":"2025-06-21T13:39:14+00:00","description":"Cascara se izra\u0111uje od ko\u017ee i pulpe osu\u0161enog kavnog ploda. Rije\u010d \"Cascara\" zna\u010di \"ko\u017ea\" ili \"ljuska\" na \u0161panjolskom jeziku. Ne priprema se kao tipi\u010dna kava, ve\u0107 kao \u010daj. Vrlo je slatka s notama hibiskusa, brusnice i meda. Na temelju nekih istra\u017eivanja, bogata je antioksidansima i vitaminima B2 i E.Regija: Alajuela - Central ValleyObrada: naturalSorta: Caturra, Catua\u00ec, SL28, Marsellesa, SarchimorVisina: 1200 - 1300mOkus: Fruity, hibiscus, honey, dried figs, cranberry, sweet","breadcrumb":{"@id":"https:\/\/www.boranera.com\/product\/kave\/cascara-cbd\/#breadcrumb"},"inLanguage":"en-GB","potentialAction":[{"@type":"ReadAction","target":["https:\/\/www.boranera.com\/product\/kave\/cascara-cbd\/"]}]},{"@type":"ImageObject","inLanguage":"en-GB","@id":"https:\/\/www.boranera.com\/product\/kave\/cascara-cbd\/#primaryimage","url":"https:\/\/www.boranera.com\/wp-content\/uploads\/2025\/04\/CRDM_BORANERA_435.png","contentUrl":"https:\/\/www.boranera.com\/wp-content\/uploads\/2025\/04\/CRDM_BORANERA_435.png","width":486,"height":486},{"@type":"BreadcrumbList","@id":"https:\/\/www.boranera.com\/product\/kave\/cascara-cbd\/#breadcrumb","itemListElement":[{"@type":"ListItem","position":1,"name":"Home","item":"https:\/\/www.boranera.com\/hr\/"},{"@type":"ListItem","position":2,"name":"Trgovina","item":"https:\/\/www.boranera.com\/trgovina\/"},{"@type":"ListItem","position":3,"name":"Cascara &#038; CBD"}]},{"@type":"WebSite","@id":"https:\/\/www.boranera.com\/#website","url":"https:\/\/www.boranera.com\/","name":"Bora Nera","description":"THE FIRST SPECIALTY COFFEE IN ISTRIA","publisher":{"@id":"https:\/\/www.boranera.com\/#organization"},"potentialAction":[{"@type":"SearchAction","target":{"@type":"EntryPoint","urlTemplate":"https:\/\/www.boranera.com\/?s={search_term_string}"},"query-input":{"@type":"PropertyValueSpecification","valueRequired":true,"valueName":"search_term_string"}}],"inLanguage":"en-GB"},{"@type":"Organization","@id":"https:\/\/www.boranera.com\/#organization","name":"Bora Nera","url":"https:\/\/www.boranera.com\/","logo":{"@type":"ImageObject","inLanguage":"en-GB","@id":"https:\/\/www.boranera.com\/#\/schema\/logo\/image\/","url":"https:\/\/www.boranera.com\/wp-content\/uploads\/2023\/03\/Logo_Dark.png","contentUrl":"https:\/\/www.boranera.com\/wp-content\/uploads\/2023\/03\/Logo_Dark.png","width":536,"height":344,"caption":"Bora Nera"},"image":{"@id":"https:\/\/www.boranera.com\/#\/schema\/logo\/image\/"},"sameAs":["https:\/\/www.facebook.com\/boraneracoffee","https:\/\/www.instagram.com\/boraneracoffee\/"]}]}},"_links":{"self":[{"href":"https:\/\/www.boranera.com\/en\/wp-json\/wp\/v2\/product\/2459"}],"collection":[{"href":"https:\/\/www.boranera.com\/en\/wp-json\/wp\/v2\/product"}],"about":[{"href":"https:\/\/www.boranera.com\/en\/wp-json\/wp\/v2\/types\/product"}],"wp:featuredmedia":[{"embeddable":true,"href":"https:\/\/www.boranera.com\/en\/wp-json\/wp\/v2\/media\/2462"}],"wp:attachment":[{"href":"https:\/\/www.boranera.com\/en\/wp-json\/wp\/v2\/media?parent=2459"}],"wp:term":[{"taxonomy":"product_brand","embeddable":true,"href":"https:\/\/www.boranera.com\/en\/wp-json\/wp\/v2\/product_brand?post=2459"},{"taxonomy":"product_cat","embeddable":true,"href":"https:\/\/www.boranera.com\/en\/wp-json\/wp\/v2\/product_cat?post=2459"},{"taxonomy":"product_tag","embeddable":true,"href":"https:\/\/www.boranera.com\/en\/wp-json\/wp\/v2\/product_tag?post=2459"}],"curies":[{"name":"wp","href":"https:\/\/api.w.org\/{rel}","templated":true}]}}