{"id":2446,"date":"2025-04-07T14:13:29","date_gmt":"2025-04-07T14:13:29","guid":{"rendered":"https:\/\/www.boranera.com\/?post_type=product&#038;p=2446"},"modified":"2025-08-20T08:14:13","modified_gmt":"2025-08-20T08:14:13","slug":"matcha-ceremonial-gr-uji-japan","status":"publish","type":"product","link":"https:\/\/www.boranera.com\/en\/product\/kave\/matcha-ceremonial-gr-uji-japan\/","title":{"rendered":"Matcha Ceremonial Gr. &#8211; Uji, Japan (Organic)"},"content":{"rendered":"","protected":false},"excerpt":{"rendered":"<p>Matcha je proizvod dugogodi\u0161njih tehnika uzgoja, stru\u010dne izrade i dubokog po\u0161tovanja prema prirodi. Dobivena iz hranjivim tvarima bogatih tala Ujija, listovi se pa\u017eljivo beru ru\u010dno i fino melju kamenim \u017ervnjem, osiguravaju\u0107i briljantnu zelenu boju, bogat okus i izuzetnu nutritivnu vrijednost<\/p>\n<p><strong>Ceremonijalna Matcha:<\/strong> Dizajnirana za najistan\u010danije \u010dajne rituale, ceremonialna matcha savr\u0161ena je za tradicionalne \u010dajne ceremonije i istinske ljubitelje matche. Sa svojim glatkim, umami bogatim okusom i svilenkastom teksturom, najbolje se konzumira u svom \u010distom, nepromijenjenom obliku.<\/p>\n<p>Matchu nabavljamo od Yoona, izuzetno posve\u0107enog i inspirativnog stru\u010dnjaka za \u010daj. Razvio je blisko partnerstvo s malom, obiteljskom farmom u Ujiju, poznatom po proizvodnji neke od najfinijih matcha na svijetu. Ova izravna veza jam\u010di da je Yoon matcha nabavljena s predano\u0161\u0107u, autenti\u010dno\u0161\u0107u i osobnim dodirom.<\/p>\n<p><strong>Method of preparetion:<\/strong> 1-1,5 gr matcha &#8211; 40 gr vode (75\u00b0C)<\/p>","protected":false},"featured_media":2449,"template":"","meta":{"_et_pb_use_builder":"","_et_pb_old_content":"","_et_gb_content_width":""},"product_brand":[],"product_cat":[18],"product_tag":[],"class_list":{"0":"post-2446","1":"product","2":"type-product","3":"status-publish","4":"has-post-thumbnail","6":"product_cat-kave","8":"first","9":"instock","10":"taxable","11":"shipping-taxable","12":"purchasable","13":"product-type-variable","14":"has-default-attributes"},"yoast_head":"<!-- This site is optimized with the Yoast SEO plugin v25.6 - https:\/\/yoast.com\/wordpress\/plugins\/seo\/ -->\n<title>Matcha Ceremonial Gr. - Uji, Japan (Organic) - Bora Nera<\/title>\n<meta name=\"description\" content=\"Cascara se izra\u0111uje od ko\u017ee i pulpe osu\u0161enog kavnog ploda. Rije\u010d &quot;Cascara&quot; zna\u010di &quot;ko\u017ea&quot; ili &quot;ljuska&quot; na \u0161panjolskom jeziku. Ne priprema se kao tipi\u010dna kava, ve\u0107 kao \u010daj. Vrlo je slatka s notama hibiskusa, brusnice i meda. Na temelju nekih istra\u017eivanja, bogata je antioksidansima i vitaminima B2 i E.Regija: Alajuela - Central ValleyObrada: naturalSorta: Caturra, Catua\u00ec, SL28, Marsellesa, SarchimorVisina: 1200 - 1300mOkus: Fruity, hibiscus, honey, dried figs, cranberry, sweet\" \/>\n<meta name=\"robots\" content=\"index, follow, max-snippet:-1, max-image-preview:large, max-video-preview:-1\" \/>\n<link rel=\"canonical\" href=\"https:\/\/www.boranera.com\/en\/product\/kave\/matcha-ceremonial-gr-uji-japan\/\" \/>\n<meta property=\"og:locale\" content=\"en_GB\" \/>\n<meta property=\"og:type\" content=\"article\" \/>\n<meta property=\"og:title\" content=\"Matcha Ceremonial Gr. - Uji, Japan (Organic) - Bora Nera\" \/>\n<meta property=\"og:description\" content=\"Cascara se izra\u0111uje od ko\u017ee i pulpe osu\u0161enog kavnog ploda. Rije\u010d &quot;Cascara&quot; zna\u010di &quot;ko\u017ea&quot; ili &quot;ljuska&quot; na \u0161panjolskom jeziku. Ne priprema se kao tipi\u010dna kava, ve\u0107 kao \u010daj. Vrlo je slatka s notama hibiskusa, brusnice i meda. Na temelju nekih istra\u017eivanja, bogata je antioksidansima i vitaminima B2 i E.Regija: Alajuela - Central ValleyObrada: naturalSorta: Caturra, Catua\u00ec, SL28, Marsellesa, SarchimorVisina: 1200 - 1300mOkus: Fruity, hibiscus, honey, dried figs, cranberry, sweet\" \/>\n<meta property=\"og:url\" content=\"https:\/\/www.boranera.com\/en\/product\/kave\/matcha-ceremonial-gr-uji-japan\/\" \/>\n<meta property=\"og:site_name\" content=\"Bora Nera\" \/>\n<meta property=\"article:publisher\" content=\"https:\/\/www.facebook.com\/boraneracoffee\" \/>\n<meta property=\"article:modified_time\" content=\"2025-08-20T08:14:13+00:00\" \/>\n<meta property=\"og:image\" content=\"https:\/\/www.boranera.com\/wp-content\/uploads\/2025\/04\/CRDM_BORANERA_431.png\" \/>\n\t<meta property=\"og:image:width\" content=\"1024\" \/>\n\t<meta property=\"og:image:height\" content=\"1024\" \/>\n\t<meta property=\"og:image:type\" content=\"image\/png\" \/>\n<meta name=\"twitter:card\" content=\"summary_large_image\" \/>\n<meta name=\"twitter:label1\" content=\"Estimated reading time\" \/>\n\t<meta name=\"twitter:data1\" content=\"1 minute\" \/>\n<script type=\"application\/ld+json\" class=\"yoast-schema-graph\">{\"@context\":\"https:\/\/schema.org\",\"@graph\":[{\"@type\":\"WebPage\",\"@id\":\"https:\/\/www.boranera.com\/product\/kave\/matcha-ceremonial-gr-uji-japan\/\",\"url\":\"https:\/\/www.boranera.com\/product\/kave\/matcha-ceremonial-gr-uji-japan\/\",\"name\":\"Matcha Ceremonial Gr. - Uji, Japan (Organic) - Bora Nera\",\"isPartOf\":{\"@id\":\"https:\/\/www.boranera.com\/#website\"},\"primaryImageOfPage\":{\"@id\":\"https:\/\/www.boranera.com\/product\/kave\/matcha-ceremonial-gr-uji-japan\/#primaryimage\"},\"image\":{\"@id\":\"https:\/\/www.boranera.com\/product\/kave\/matcha-ceremonial-gr-uji-japan\/#primaryimage\"},\"thumbnailUrl\":\"https:\/\/www.boranera.com\/wp-content\/uploads\/2025\/04\/CRDM_BORANERA_431.png\",\"datePublished\":\"2025-04-07T14:13:29+00:00\",\"dateModified\":\"2025-08-20T08:14:13+00:00\",\"description\":\"Cascara se izra\u0111uje od ko\u017ee i pulpe osu\u0161enog kavnog ploda. Rije\u010d \\\"Cascara\\\" zna\u010di \\\"ko\u017ea\\\" ili \\\"ljuska\\\" na \u0161panjolskom jeziku. Ne priprema se kao tipi\u010dna kava, ve\u0107 kao \u010daj. Vrlo je slatka s notama hibiskusa, brusnice i meda. Na temelju nekih istra\u017eivanja, bogata je antioksidansima i vitaminima B2 i E.Regija: Alajuela - Central ValleyObrada: naturalSorta: Caturra, Catua\u00ec, SL28, Marsellesa, SarchimorVisina: 1200 - 1300mOkus: Fruity, hibiscus, honey, dried figs, cranberry, sweet\",\"breadcrumb\":{\"@id\":\"https:\/\/www.boranera.com\/product\/kave\/matcha-ceremonial-gr-uji-japan\/#breadcrumb\"},\"inLanguage\":\"en-GB\",\"potentialAction\":[{\"@type\":\"ReadAction\",\"target\":[\"https:\/\/www.boranera.com\/product\/kave\/matcha-ceremonial-gr-uji-japan\/\"]}]},{\"@type\":\"ImageObject\",\"inLanguage\":\"en-GB\",\"@id\":\"https:\/\/www.boranera.com\/product\/kave\/matcha-ceremonial-gr-uji-japan\/#primaryimage\",\"url\":\"https:\/\/www.boranera.com\/wp-content\/uploads\/2025\/04\/CRDM_BORANERA_431.png\",\"contentUrl\":\"https:\/\/www.boranera.com\/wp-content\/uploads\/2025\/04\/CRDM_BORANERA_431.png\",\"width\":1024,\"height\":1024},{\"@type\":\"BreadcrumbList\",\"@id\":\"https:\/\/www.boranera.com\/product\/kave\/matcha-ceremonial-gr-uji-japan\/#breadcrumb\",\"itemListElement\":[{\"@type\":\"ListItem\",\"position\":1,\"name\":\"Home\",\"item\":\"https:\/\/www.boranera.com\/hr\/\"},{\"@type\":\"ListItem\",\"position\":2,\"name\":\"Trgovina\",\"item\":\"https:\/\/www.boranera.com\/trgovina\/\"},{\"@type\":\"ListItem\",\"position\":3,\"name\":\"Matcha Ceremonial Gr. &#8211; Uji, Japan (Organic)\"}]},{\"@type\":\"WebSite\",\"@id\":\"https:\/\/www.boranera.com\/#website\",\"url\":\"https:\/\/www.boranera.com\/\",\"name\":\"Bora Nera\",\"description\":\"THE FIRST SPECIALTY COFFEE IN ISTRIA\",\"publisher\":{\"@id\":\"https:\/\/www.boranera.com\/#organization\"},\"potentialAction\":[{\"@type\":\"SearchAction\",\"target\":{\"@type\":\"EntryPoint\",\"urlTemplate\":\"https:\/\/www.boranera.com\/?s={search_term_string}\"},\"query-input\":{\"@type\":\"PropertyValueSpecification\",\"valueRequired\":true,\"valueName\":\"search_term_string\"}}],\"inLanguage\":\"en-GB\"},{\"@type\":\"Organization\",\"@id\":\"https:\/\/www.boranera.com\/#organization\",\"name\":\"Bora Nera\",\"url\":\"https:\/\/www.boranera.com\/\",\"logo\":{\"@type\":\"ImageObject\",\"inLanguage\":\"en-GB\",\"@id\":\"https:\/\/www.boranera.com\/#\/schema\/logo\/image\/\",\"url\":\"https:\/\/www.boranera.com\/wp-content\/uploads\/2023\/03\/Logo_Dark.png\",\"contentUrl\":\"https:\/\/www.boranera.com\/wp-content\/uploads\/2023\/03\/Logo_Dark.png\",\"width\":536,\"height\":344,\"caption\":\"Bora Nera\"},\"image\":{\"@id\":\"https:\/\/www.boranera.com\/#\/schema\/logo\/image\/\"},\"sameAs\":[\"https:\/\/www.facebook.com\/boraneracoffee\",\"https:\/\/www.instagram.com\/boraneracoffee\/\"]}]}<\/script>\n<!-- \/ Yoast SEO plugin. -->","yoast_head_json":{"title":"Matcha Ceremonial Gr. - Uji, Japan (Organic) - Bora Nera","description":"Cascara se izra\u0111uje od ko\u017ee i pulpe osu\u0161enog kavnog ploda. Rije\u010d \"Cascara\" zna\u010di \"ko\u017ea\" ili \"ljuska\" na \u0161panjolskom jeziku. Ne priprema se kao tipi\u010dna kava, ve\u0107 kao \u010daj. Vrlo je slatka s notama hibiskusa, brusnice i meda. Na temelju nekih istra\u017eivanja, bogata je antioksidansima i vitaminima B2 i E.Regija: Alajuela - Central ValleyObrada: naturalSorta: Caturra, Catua\u00ec, SL28, Marsellesa, SarchimorVisina: 1200 - 1300mOkus: Fruity, hibiscus, honey, dried figs, cranberry, sweet","robots":{"index":"index","follow":"follow","max-snippet":"max-snippet:-1","max-image-preview":"max-image-preview:large","max-video-preview":"max-video-preview:-1"},"canonical":"https:\/\/www.boranera.com\/en\/product\/kave\/matcha-ceremonial-gr-uji-japan\/","og_locale":"en_GB","og_type":"article","og_title":"Matcha Ceremonial Gr. - Uji, Japan (Organic) - Bora Nera","og_description":"Cascara se izra\u0111uje od ko\u017ee i pulpe osu\u0161enog kavnog ploda. Rije\u010d \"Cascara\" zna\u010di \"ko\u017ea\" ili \"ljuska\" na \u0161panjolskom jeziku. Ne priprema se kao tipi\u010dna kava, ve\u0107 kao \u010daj. Vrlo je slatka s notama hibiskusa, brusnice i meda. Na temelju nekih istra\u017eivanja, bogata je antioksidansima i vitaminima B2 i E.Regija: Alajuela - Central ValleyObrada: naturalSorta: Caturra, Catua\u00ec, SL28, Marsellesa, SarchimorVisina: 1200 - 1300mOkus: Fruity, hibiscus, honey, dried figs, cranberry, sweet","og_url":"https:\/\/www.boranera.com\/en\/product\/kave\/matcha-ceremonial-gr-uji-japan\/","og_site_name":"Bora Nera","article_publisher":"https:\/\/www.facebook.com\/boraneracoffee","article_modified_time":"2025-08-20T08:14:13+00:00","og_image":[{"width":1024,"height":1024,"url":"https:\/\/www.boranera.com\/wp-content\/uploads\/2025\/04\/CRDM_BORANERA_431.png","type":"image\/png"}],"twitter_card":"summary_large_image","twitter_misc":{"Estimated reading time":"1 minute"},"schema":{"@context":"https:\/\/schema.org","@graph":[{"@type":"WebPage","@id":"https:\/\/www.boranera.com\/product\/kave\/matcha-ceremonial-gr-uji-japan\/","url":"https:\/\/www.boranera.com\/product\/kave\/matcha-ceremonial-gr-uji-japan\/","name":"Matcha Ceremonial Gr. - Uji, Japan (Organic) - Bora Nera","isPartOf":{"@id":"https:\/\/www.boranera.com\/#website"},"primaryImageOfPage":{"@id":"https:\/\/www.boranera.com\/product\/kave\/matcha-ceremonial-gr-uji-japan\/#primaryimage"},"image":{"@id":"https:\/\/www.boranera.com\/product\/kave\/matcha-ceremonial-gr-uji-japan\/#primaryimage"},"thumbnailUrl":"https:\/\/www.boranera.com\/wp-content\/uploads\/2025\/04\/CRDM_BORANERA_431.png","datePublished":"2025-04-07T14:13:29+00:00","dateModified":"2025-08-20T08:14:13+00:00","description":"Cascara se izra\u0111uje od ko\u017ee i pulpe osu\u0161enog kavnog ploda. Rije\u010d \"Cascara\" zna\u010di \"ko\u017ea\" ili \"ljuska\" na \u0161panjolskom jeziku. Ne priprema se kao tipi\u010dna kava, ve\u0107 kao \u010daj. Vrlo je slatka s notama hibiskusa, brusnice i meda. Na temelju nekih istra\u017eivanja, bogata je antioksidansima i vitaminima B2 i E.Regija: Alajuela - Central ValleyObrada: naturalSorta: Caturra, Catua\u00ec, SL28, Marsellesa, SarchimorVisina: 1200 - 1300mOkus: Fruity, hibiscus, honey, dried figs, cranberry, sweet","breadcrumb":{"@id":"https:\/\/www.boranera.com\/product\/kave\/matcha-ceremonial-gr-uji-japan\/#breadcrumb"},"inLanguage":"en-GB","potentialAction":[{"@type":"ReadAction","target":["https:\/\/www.boranera.com\/product\/kave\/matcha-ceremonial-gr-uji-japan\/"]}]},{"@type":"ImageObject","inLanguage":"en-GB","@id":"https:\/\/www.boranera.com\/product\/kave\/matcha-ceremonial-gr-uji-japan\/#primaryimage","url":"https:\/\/www.boranera.com\/wp-content\/uploads\/2025\/04\/CRDM_BORANERA_431.png","contentUrl":"https:\/\/www.boranera.com\/wp-content\/uploads\/2025\/04\/CRDM_BORANERA_431.png","width":1024,"height":1024},{"@type":"BreadcrumbList","@id":"https:\/\/www.boranera.com\/product\/kave\/matcha-ceremonial-gr-uji-japan\/#breadcrumb","itemListElement":[{"@type":"ListItem","position":1,"name":"Home","item":"https:\/\/www.boranera.com\/hr\/"},{"@type":"ListItem","position":2,"name":"Trgovina","item":"https:\/\/www.boranera.com\/trgovina\/"},{"@type":"ListItem","position":3,"name":"Matcha Ceremonial Gr. &#8211; Uji, Japan (Organic)"}]},{"@type":"WebSite","@id":"https:\/\/www.boranera.com\/#website","url":"https:\/\/www.boranera.com\/","name":"Bora Nera","description":"THE FIRST SPECIALTY COFFEE IN ISTRIA","publisher":{"@id":"https:\/\/www.boranera.com\/#organization"},"potentialAction":[{"@type":"SearchAction","target":{"@type":"EntryPoint","urlTemplate":"https:\/\/www.boranera.com\/?s={search_term_string}"},"query-input":{"@type":"PropertyValueSpecification","valueRequired":true,"valueName":"search_term_string"}}],"inLanguage":"en-GB"},{"@type":"Organization","@id":"https:\/\/www.boranera.com\/#organization","name":"Bora Nera","url":"https:\/\/www.boranera.com\/","logo":{"@type":"ImageObject","inLanguage":"en-GB","@id":"https:\/\/www.boranera.com\/#\/schema\/logo\/image\/","url":"https:\/\/www.boranera.com\/wp-content\/uploads\/2023\/03\/Logo_Dark.png","contentUrl":"https:\/\/www.boranera.com\/wp-content\/uploads\/2023\/03\/Logo_Dark.png","width":536,"height":344,"caption":"Bora Nera"},"image":{"@id":"https:\/\/www.boranera.com\/#\/schema\/logo\/image\/"},"sameAs":["https:\/\/www.facebook.com\/boraneracoffee","https:\/\/www.instagram.com\/boraneracoffee\/"]}]}},"_links":{"self":[{"href":"https:\/\/www.boranera.com\/en\/wp-json\/wp\/v2\/product\/2446"}],"collection":[{"href":"https:\/\/www.boranera.com\/en\/wp-json\/wp\/v2\/product"}],"about":[{"href":"https:\/\/www.boranera.com\/en\/wp-json\/wp\/v2\/types\/product"}],"wp:featuredmedia":[{"embeddable":true,"href":"https:\/\/www.boranera.com\/en\/wp-json\/wp\/v2\/media\/2449"}],"wp:attachment":[{"href":"https:\/\/www.boranera.com\/en\/wp-json\/wp\/v2\/media?parent=2446"}],"wp:term":[{"taxonomy":"product_brand","embeddable":true,"href":"https:\/\/www.boranera.com\/en\/wp-json\/wp\/v2\/product_brand?post=2446"},{"taxonomy":"product_cat","embeddable":true,"href":"https:\/\/www.boranera.com\/en\/wp-json\/wp\/v2\/product_cat?post=2446"},{"taxonomy":"product_tag","embeddable":true,"href":"https:\/\/www.boranera.com\/en\/wp-json\/wp\/v2\/product_tag?post=2446"}],"curies":[{"name":"wp","href":"https:\/\/api.w.org\/{rel}","templated":true}]}}