{"id":100,"date":"2022-04-02T06:45:45","date_gmt":"2022-04-02T06:45:45","guid":{"rendered":"http:\/\/www.boranera.com\/?post_type=product&#038;p=100"},"modified":"2024-11-20T19:42:41","modified_gmt":"2024-11-20T19:42:41","slug":"cascara-costa-rica","status":"publish","type":"product","link":"https:\/\/www.boranera.com\/en\/product\/kave\/cascara-costa-rica\/","title":{"rendered":"Cascara Costa Rica"},"content":{"rendered":"","protected":false},"excerpt":{"rendered":"<p>Cascara is made from the skin and pulp of the dried coffee fruit. The word \"Cascara\" means \"skin\" or \"husk\" in Spanish. It is not prepared like a typical coffee, but like a tea. It is very sweet with notes of hibiscus, cranberry and honey. Based on some research, it is rich in antioxidants and vitamins B2 and E.<\/p>\n<p><strong>Method of preparetion:<\/strong> 15 gr Cascara - 250 gr water (92\u00b0C) - time of infusion 5\/6 minutes<\/p>\n<p>Terroir: Alajuela \u2013 Central Valley<br \/>\nProcess: natural<br \/>\nVariety: Caturra, Catua\u00ec, SL28, Marsellesa, Sarchimor<br \/>\nAltitude: 1200\u20131300 m.a.s.l.<br \/>\nCup profile: Fruity, hibiscus, honey, dried figs, cranberry, sweet<\/p>","protected":false},"featured_media":2325,"template":"","meta":{"_et_pb_use_builder":"","_et_pb_old_content":"","_et_gb_content_width":""},"product_brand":[],"product_cat":[18],"product_tag":[],"class_list":{"0":"post-100","1":"product","2":"type-product","3":"status-publish","4":"has-post-thumbnail","6":"product_cat-kave","8":"first","9":"instock","10":"taxable","11":"shipping-taxable","12":"purchasable","13":"product-type-variable"},"yoast_head":"<!-- This site is optimized with the Yoast SEO plugin v25.6 - https:\/\/yoast.com\/wordpress\/plugins\/seo\/ -->\n<title>Cascara Costa Rica - Bora Nera<\/title>\n<meta name=\"description\" content=\"Cascara se izra\u0111uje od ko\u017ee i pulpe osu\u0161enog kavnog ploda. Rije\u010d &quot;Cascara&quot; zna\u010di &quot;ko\u017ea&quot; ili &quot;ljuska&quot; na \u0161panjolskom jeziku. Ne priprema se kao tipi\u010dna kava, ve\u0107 kao \u010daj. Vrlo je slatka s notama hibiskusa, brusnice i meda. Na temelju nekih istra\u017eivanja, bogata je antioksidansima i vitaminima B2 i E.Regija: Alajuela - Central ValleyObrada: naturalSorta: Caturra, Catua\u00ec, SL28, Marsellesa, SarchimorVisina: 1200 - 1300mOkus: Fruity, hibiscus, honey, dried figs, cranberry, sweet\" \/>\n<meta name=\"robots\" content=\"index, follow, max-snippet:-1, max-image-preview:large, max-video-preview:-1\" \/>\n<link rel=\"canonical\" href=\"https:\/\/www.boranera.com\/en\/product\/kave\/cascara-costa-rica\/\" \/>\n<meta property=\"og:locale\" content=\"en_GB\" \/>\n<meta property=\"og:type\" content=\"article\" \/>\n<meta property=\"og:title\" content=\"Cascara Costa Rica - Bora Nera\" \/>\n<meta property=\"og:description\" content=\"Cascara se izra\u0111uje od ko\u017ee i pulpe osu\u0161enog kavnog ploda. Rije\u010d &quot;Cascara&quot; zna\u010di &quot;ko\u017ea&quot; ili &quot;ljuska&quot; na \u0161panjolskom jeziku. Ne priprema se kao tipi\u010dna kava, ve\u0107 kao \u010daj. Vrlo je slatka s notama hibiskusa, brusnice i meda. Na temelju nekih istra\u017eivanja, bogata je antioksidansima i vitaminima B2 i E.Regija: Alajuela - Central ValleyObrada: naturalSorta: Caturra, Catua\u00ec, SL28, Marsellesa, SarchimorVisina: 1200 - 1300mOkus: Fruity, hibiscus, honey, dried figs, cranberry, sweet\" \/>\n<meta property=\"og:url\" content=\"https:\/\/www.boranera.com\/en\/product\/kave\/cascara-costa-rica\/\" \/>\n<meta property=\"og:site_name\" content=\"Bora Nera\" \/>\n<meta property=\"article:publisher\" content=\"https:\/\/www.facebook.com\/boraneracoffee\" \/>\n<meta property=\"article:modified_time\" content=\"2024-11-20T19:42:41+00:00\" \/>\n<meta property=\"og:image\" content=\"https:\/\/www.boranera.com\/wp-content\/uploads\/2022\/04\/CRDM_BORANERA_414.png\" \/>\n\t<meta property=\"og:image:width\" content=\"850\" \/>\n\t<meta property=\"og:image:height\" content=\"850\" \/>\n\t<meta property=\"og:image:type\" content=\"image\/png\" \/>\n<meta name=\"twitter:card\" content=\"summary_large_image\" \/>\n<meta name=\"twitter:label1\" content=\"Estimated reading time\" \/>\n\t<meta name=\"twitter:data1\" content=\"1 minute\" \/>\n<script type=\"application\/ld+json\" class=\"yoast-schema-graph\">{\"@context\":\"https:\/\/schema.org\",\"@graph\":[{\"@type\":\"WebPage\",\"@id\":\"https:\/\/www.boranera.com\/product\/kave\/cascara-costa-rica\/\",\"url\":\"https:\/\/www.boranera.com\/product\/kave\/cascara-costa-rica\/\",\"name\":\"Cascara Costa Rica - Bora Nera\",\"isPartOf\":{\"@id\":\"https:\/\/www.boranera.com\/#website\"},\"primaryImageOfPage\":{\"@id\":\"https:\/\/www.boranera.com\/product\/kave\/cascara-costa-rica\/#primaryimage\"},\"image\":{\"@id\":\"https:\/\/www.boranera.com\/product\/kave\/cascara-costa-rica\/#primaryimage\"},\"thumbnailUrl\":\"https:\/\/www.boranera.com\/wp-content\/uploads\/2022\/04\/CRDM_BORANERA_414.png\",\"datePublished\":\"2022-04-02T06:45:45+00:00\",\"dateModified\":\"2024-11-20T19:42:41+00:00\",\"description\":\"Cascara se izra\u0111uje od ko\u017ee i pulpe osu\u0161enog kavnog ploda. Rije\u010d \\\"Cascara\\\" zna\u010di \\\"ko\u017ea\\\" ili \\\"ljuska\\\" na \u0161panjolskom jeziku. Ne priprema se kao tipi\u010dna kava, ve\u0107 kao \u010daj. Vrlo je slatka s notama hibiskusa, brusnice i meda. Na temelju nekih istra\u017eivanja, bogata je antioksidansima i vitaminima B2 i E.Regija: Alajuela - Central ValleyObrada: naturalSorta: Caturra, Catua\u00ec, SL28, Marsellesa, SarchimorVisina: 1200 - 1300mOkus: Fruity, hibiscus, honey, dried figs, cranberry, sweet\",\"breadcrumb\":{\"@id\":\"https:\/\/www.boranera.com\/product\/kave\/cascara-costa-rica\/#breadcrumb\"},\"inLanguage\":\"en-GB\",\"potentialAction\":[{\"@type\":\"ReadAction\",\"target\":[\"https:\/\/www.boranera.com\/product\/kave\/cascara-costa-rica\/\"]}]},{\"@type\":\"ImageObject\",\"inLanguage\":\"en-GB\",\"@id\":\"https:\/\/www.boranera.com\/product\/kave\/cascara-costa-rica\/#primaryimage\",\"url\":\"https:\/\/www.boranera.com\/wp-content\/uploads\/2022\/04\/CRDM_BORANERA_414.png\",\"contentUrl\":\"https:\/\/www.boranera.com\/wp-content\/uploads\/2022\/04\/CRDM_BORANERA_414.png\",\"width\":850,\"height\":850},{\"@type\":\"BreadcrumbList\",\"@id\":\"https:\/\/www.boranera.com\/product\/kave\/cascara-costa-rica\/#breadcrumb\",\"itemListElement\":[{\"@type\":\"ListItem\",\"position\":1,\"name\":\"Home\",\"item\":\"https:\/\/www.boranera.com\/hr\/\"},{\"@type\":\"ListItem\",\"position\":2,\"name\":\"Trgovina\",\"item\":\"https:\/\/www.boranera.com\/trgovina\/\"},{\"@type\":\"ListItem\",\"position\":3,\"name\":\"Cascara Costa Rica\"}]},{\"@type\":\"WebSite\",\"@id\":\"https:\/\/www.boranera.com\/#website\",\"url\":\"https:\/\/www.boranera.com\/\",\"name\":\"Bora Nera\",\"description\":\"THE FIRST SPECIALTY COFFEE IN ISTRIA\",\"publisher\":{\"@id\":\"https:\/\/www.boranera.com\/#organization\"},\"potentialAction\":[{\"@type\":\"SearchAction\",\"target\":{\"@type\":\"EntryPoint\",\"urlTemplate\":\"https:\/\/www.boranera.com\/?s={search_term_string}\"},\"query-input\":{\"@type\":\"PropertyValueSpecification\",\"valueRequired\":true,\"valueName\":\"search_term_string\"}}],\"inLanguage\":\"en-GB\"},{\"@type\":\"Organization\",\"@id\":\"https:\/\/www.boranera.com\/#organization\",\"name\":\"Bora Nera\",\"url\":\"https:\/\/www.boranera.com\/\",\"logo\":{\"@type\":\"ImageObject\",\"inLanguage\":\"en-GB\",\"@id\":\"https:\/\/www.boranera.com\/#\/schema\/logo\/image\/\",\"url\":\"https:\/\/www.boranera.com\/wp-content\/uploads\/2023\/03\/Logo_Dark.png\",\"contentUrl\":\"https:\/\/www.boranera.com\/wp-content\/uploads\/2023\/03\/Logo_Dark.png\",\"width\":536,\"height\":344,\"caption\":\"Bora Nera\"},\"image\":{\"@id\":\"https:\/\/www.boranera.com\/#\/schema\/logo\/image\/\"},\"sameAs\":[\"https:\/\/www.facebook.com\/boraneracoffee\",\"https:\/\/www.instagram.com\/boraneracoffee\/\"]}]}<\/script>\n<!-- \/ Yoast SEO plugin. -->","yoast_head_json":{"title":"Cascara Costa Rica - Bora Nera","description":"Cascara se izra\u0111uje od ko\u017ee i pulpe osu\u0161enog kavnog ploda. Rije\u010d \"Cascara\" zna\u010di \"ko\u017ea\" ili \"ljuska\" na \u0161panjolskom jeziku. Ne priprema se kao tipi\u010dna kava, ve\u0107 kao \u010daj. Vrlo je slatka s notama hibiskusa, brusnice i meda. Na temelju nekih istra\u017eivanja, bogata je antioksidansima i vitaminima B2 i E.Regija: Alajuela - Central ValleyObrada: naturalSorta: Caturra, Catua\u00ec, SL28, Marsellesa, SarchimorVisina: 1200 - 1300mOkus: Fruity, hibiscus, honey, dried figs, cranberry, sweet","robots":{"index":"index","follow":"follow","max-snippet":"max-snippet:-1","max-image-preview":"max-image-preview:large","max-video-preview":"max-video-preview:-1"},"canonical":"https:\/\/www.boranera.com\/en\/product\/kave\/cascara-costa-rica\/","og_locale":"en_GB","og_type":"article","og_title":"Cascara Costa Rica - Bora Nera","og_description":"Cascara se izra\u0111uje od ko\u017ee i pulpe osu\u0161enog kavnog ploda. Rije\u010d \"Cascara\" zna\u010di \"ko\u017ea\" ili \"ljuska\" na \u0161panjolskom jeziku. Ne priprema se kao tipi\u010dna kava, ve\u0107 kao \u010daj. Vrlo je slatka s notama hibiskusa, brusnice i meda. Na temelju nekih istra\u017eivanja, bogata je antioksidansima i vitaminima B2 i E.Regija: Alajuela - Central ValleyObrada: naturalSorta: Caturra, Catua\u00ec, SL28, Marsellesa, SarchimorVisina: 1200 - 1300mOkus: Fruity, hibiscus, honey, dried figs, cranberry, sweet","og_url":"https:\/\/www.boranera.com\/en\/product\/kave\/cascara-costa-rica\/","og_site_name":"Bora Nera","article_publisher":"https:\/\/www.facebook.com\/boraneracoffee","article_modified_time":"2024-11-20T19:42:41+00:00","og_image":[{"width":850,"height":850,"url":"https:\/\/www.boranera.com\/wp-content\/uploads\/2022\/04\/CRDM_BORANERA_414.png","type":"image\/png"}],"twitter_card":"summary_large_image","twitter_misc":{"Estimated reading time":"1 minute"},"schema":{"@context":"https:\/\/schema.org","@graph":[{"@type":"WebPage","@id":"https:\/\/www.boranera.com\/product\/kave\/cascara-costa-rica\/","url":"https:\/\/www.boranera.com\/product\/kave\/cascara-costa-rica\/","name":"Cascara Costa Rica - Bora Nera","isPartOf":{"@id":"https:\/\/www.boranera.com\/#website"},"primaryImageOfPage":{"@id":"https:\/\/www.boranera.com\/product\/kave\/cascara-costa-rica\/#primaryimage"},"image":{"@id":"https:\/\/www.boranera.com\/product\/kave\/cascara-costa-rica\/#primaryimage"},"thumbnailUrl":"https:\/\/www.boranera.com\/wp-content\/uploads\/2022\/04\/CRDM_BORANERA_414.png","datePublished":"2022-04-02T06:45:45+00:00","dateModified":"2024-11-20T19:42:41+00:00","description":"Cascara se izra\u0111uje od ko\u017ee i pulpe osu\u0161enog kavnog ploda. Rije\u010d \"Cascara\" zna\u010di \"ko\u017ea\" ili \"ljuska\" na \u0161panjolskom jeziku. Ne priprema se kao tipi\u010dna kava, ve\u0107 kao \u010daj. Vrlo je slatka s notama hibiskusa, brusnice i meda. Na temelju nekih istra\u017eivanja, bogata je antioksidansima i vitaminima B2 i E.Regija: Alajuela - Central ValleyObrada: naturalSorta: Caturra, Catua\u00ec, SL28, Marsellesa, SarchimorVisina: 1200 - 1300mOkus: Fruity, hibiscus, honey, dried figs, cranberry, sweet","breadcrumb":{"@id":"https:\/\/www.boranera.com\/product\/kave\/cascara-costa-rica\/#breadcrumb"},"inLanguage":"en-GB","potentialAction":[{"@type":"ReadAction","target":["https:\/\/www.boranera.com\/product\/kave\/cascara-costa-rica\/"]}]},{"@type":"ImageObject","inLanguage":"en-GB","@id":"https:\/\/www.boranera.com\/product\/kave\/cascara-costa-rica\/#primaryimage","url":"https:\/\/www.boranera.com\/wp-content\/uploads\/2022\/04\/CRDM_BORANERA_414.png","contentUrl":"https:\/\/www.boranera.com\/wp-content\/uploads\/2022\/04\/CRDM_BORANERA_414.png","width":850,"height":850},{"@type":"BreadcrumbList","@id":"https:\/\/www.boranera.com\/product\/kave\/cascara-costa-rica\/#breadcrumb","itemListElement":[{"@type":"ListItem","position":1,"name":"Home","item":"https:\/\/www.boranera.com\/hr\/"},{"@type":"ListItem","position":2,"name":"Trgovina","item":"https:\/\/www.boranera.com\/trgovina\/"},{"@type":"ListItem","position":3,"name":"Cascara Costa Rica"}]},{"@type":"WebSite","@id":"https:\/\/www.boranera.com\/#website","url":"https:\/\/www.boranera.com\/","name":"Bora Nera","description":"THE FIRST SPECIALTY COFFEE IN ISTRIA","publisher":{"@id":"https:\/\/www.boranera.com\/#organization"},"potentialAction":[{"@type":"SearchAction","target":{"@type":"EntryPoint","urlTemplate":"https:\/\/www.boranera.com\/?s={search_term_string}"},"query-input":{"@type":"PropertyValueSpecification","valueRequired":true,"valueName":"search_term_string"}}],"inLanguage":"en-GB"},{"@type":"Organization","@id":"https:\/\/www.boranera.com\/#organization","name":"Bora Nera","url":"https:\/\/www.boranera.com\/","logo":{"@type":"ImageObject","inLanguage":"en-GB","@id":"https:\/\/www.boranera.com\/#\/schema\/logo\/image\/","url":"https:\/\/www.boranera.com\/wp-content\/uploads\/2023\/03\/Logo_Dark.png","contentUrl":"https:\/\/www.boranera.com\/wp-content\/uploads\/2023\/03\/Logo_Dark.png","width":536,"height":344,"caption":"Bora Nera"},"image":{"@id":"https:\/\/www.boranera.com\/#\/schema\/logo\/image\/"},"sameAs":["https:\/\/www.facebook.com\/boraneracoffee","https:\/\/www.instagram.com\/boraneracoffee\/"]}]}},"_links":{"self":[{"href":"https:\/\/www.boranera.com\/en\/wp-json\/wp\/v2\/product\/100"}],"collection":[{"href":"https:\/\/www.boranera.com\/en\/wp-json\/wp\/v2\/product"}],"about":[{"href":"https:\/\/www.boranera.com\/en\/wp-json\/wp\/v2\/types\/product"}],"wp:featuredmedia":[{"embeddable":true,"href":"https:\/\/www.boranera.com\/en\/wp-json\/wp\/v2\/media\/2325"}],"wp:attachment":[{"href":"https:\/\/www.boranera.com\/en\/wp-json\/wp\/v2\/media?parent=100"}],"wp:term":[{"taxonomy":"product_brand","embeddable":true,"href":"https:\/\/www.boranera.com\/en\/wp-json\/wp\/v2\/product_brand?post=100"},{"taxonomy":"product_cat","embeddable":true,"href":"https:\/\/www.boranera.com\/en\/wp-json\/wp\/v2\/product_cat?post=100"},{"taxonomy":"product_tag","embeddable":true,"href":"https:\/\/www.boranera.com\/en\/wp-json\/wp\/v2\/product_tag?post=100"}],"curies":[{"name":"wp","href":"https:\/\/api.w.org\/{rel}","templated":true}]}}