{"id":370,"date":"2023-08-31T07:23:06","date_gmt":"2023-08-31T07:23:06","guid":{"rendered":"http:\/\/www.boranera.com\/?post_type=product&#038;p=370"},"modified":"2024-10-22T19:41:54","modified_gmt":"2024-10-22T19:41:54","slug":"sumatra","status":"publish","type":"product","link":"http:\/\/www.boranera.com\/hr\/product\/kave\/sumatra\/","title":{"rendered":"Sumatra"},"content":{"rendered":"","protected":false},"excerpt":{"rendered":"<p>Godine 2018. Asman Arianto osnovao je kooperativu Ribang Gayo Musara s ciljem da ponudi konkurentske cijene. Istovremeno, kooperativa osigurava bonus cijene za lotove vi\u0161e kvalitete koje proizvode \u010dlanovi. Kooperativa broji preko 350 \u010dlanova s prosje\u010dnom povr\u0161inom farme od 0,5 do 2,5 hektara. Kooperativa pru\u017ea obuku i programe za poljoprivrednike, od uzgoja do prerade.<\/p>\n<p>Regija: Pantan Musara Village, Aceh Tengah<br \/>\nObrada: natural<br \/>\nSorta: Abyssinia, Ateng, Gayo1, Gayo2, Timtim<br \/>\nVisina: 1500-1700m<br \/>\nOkus: Nutty, butter, herbal, fruity, licorice.<\/p>\n","protected":false},"featured_media":1687,"template":"","meta":{"_et_pb_use_builder":"","_et_pb_old_content":"","_et_gb_content_width":""},"product_brand":[],"product_cat":[18],"product_tag":[],"class_list":{"0":"post-370","1":"product","2":"type-product","3":"status-publish","4":"has-post-thumbnail","6":"product_cat-kave","8":"first","9":"outofstock","10":"taxable","11":"shipping-taxable","12":"purchasable","13":"product-type-variable"},"yoast_head":"<!-- This site is optimized with the Yoast SEO plugin v25.6 - https:\/\/yoast.com\/wordpress\/plugins\/seo\/ -->\n<title>Sumatra - Bora Nera<\/title>\n<meta name=\"description\" content=\"Godine 2018. Asman Arianto osnovao je kooperativu Ribang Gayo Musara s ciljem da ponudi konkurentske cijene. Istovremeno, kooperativa osigurava bonus cijene za lotove vi\u0161e kvalitete koje proizvode \u010dlanovi. Kooperativa broji preko 350 \u010dlanova s prosje\u010dnom povr\u0161inom farme od 0,5 do 2,5 hektara. Kooperativa pru\u017ea obuku i programe za poljoprivrednike, od uzgoja do prerade.Regija: Minas Gerais \u2013 CaparaoObrada: naturalSorta: Abyssinia, Ateng, Gayo1, Gayo2, TimtimVisina: 1500-1700mOkus: N\/A\" \/>\n<meta name=\"robots\" content=\"index, follow, max-snippet:-1, max-image-preview:large, max-video-preview:-1\" \/>\n<link rel=\"canonical\" href=\"https:\/\/www.boranera.com\/hr\/product\/kave\/sumatra\/\" \/>\n<meta property=\"og:locale\" content=\"hr_HR\" \/>\n<meta property=\"og:type\" content=\"article\" \/>\n<meta property=\"og:title\" content=\"Sumatra - Bora Nera\" \/>\n<meta property=\"og:description\" content=\"Godine 2018. Asman Arianto osnovao je kooperativu Ribang Gayo Musara s ciljem da ponudi konkurentske cijene. Istovremeno, kooperativa osigurava bonus cijene za lotove vi\u0161e kvalitete koje proizvode \u010dlanovi. Kooperativa broji preko 350 \u010dlanova s prosje\u010dnom povr\u0161inom farme od 0,5 do 2,5 hektara. Kooperativa pru\u017ea obuku i programe za poljoprivrednike, od uzgoja do prerade.Regija: Minas Gerais \u2013 CaparaoObrada: naturalSorta: Abyssinia, Ateng, Gayo1, Gayo2, TimtimVisina: 1500-1700mOkus: N\/A\" \/>\n<meta property=\"og:url\" content=\"https:\/\/www.boranera.com\/hr\/product\/kave\/sumatra\/\" \/>\n<meta property=\"og:site_name\" content=\"Bora Nera\" \/>\n<meta property=\"article:publisher\" content=\"https:\/\/www.facebook.com\/boraneracoffee\" \/>\n<meta property=\"article:modified_time\" content=\"2024-10-22T19:41:54+00:00\" \/>\n<meta property=\"og:image\" content=\"https:\/\/www.boranera.com\/wp-content\/uploads\/2024\/05\/CRDM_BORANERA_280-kopija.png\" \/>\n\t<meta property=\"og:image:width\" content=\"850\" \/>\n\t<meta property=\"og:image:height\" content=\"850\" \/>\n\t<meta property=\"og:image:type\" content=\"image\/png\" \/>\n<meta name=\"twitter:card\" content=\"summary_large_image\" \/>\n<meta name=\"twitter:label1\" content=\"Procijenjeno vrijeme \u010ditanja\" \/>\n\t<meta name=\"twitter:data1\" content=\"1 minuta\" \/>\n<script type=\"application\/ld+json\" class=\"yoast-schema-graph\">{\"@context\":\"https:\/\/schema.org\",\"@graph\":[{\"@type\":\"WebPage\",\"@id\":\"https:\/\/www.boranera.com\/product\/kave\/sumatra\/\",\"url\":\"https:\/\/www.boranera.com\/product\/kave\/sumatra\/\",\"name\":\"Sumatra - Bora Nera\",\"isPartOf\":{\"@id\":\"https:\/\/www.boranera.com\/#website\"},\"primaryImageOfPage\":{\"@id\":\"https:\/\/www.boranera.com\/product\/kave\/sumatra\/#primaryimage\"},\"image\":{\"@id\":\"https:\/\/www.boranera.com\/product\/kave\/sumatra\/#primaryimage\"},\"thumbnailUrl\":\"https:\/\/www.boranera.com\/wp-content\/uploads\/2024\/05\/CRDM_BORANERA_280-kopija.png\",\"datePublished\":\"2023-08-31T07:23:06+00:00\",\"dateModified\":\"2024-10-22T19:41:54+00:00\",\"description\":\"Godine 2018. Asman Arianto osnovao je kooperativu Ribang Gayo Musara s ciljem da ponudi konkurentske cijene. Istovremeno, kooperativa osigurava bonus cijene za lotove vi\u0161e kvalitete koje proizvode \u010dlanovi. Kooperativa broji preko 350 \u010dlanova s prosje\u010dnom povr\u0161inom farme od 0,5 do 2,5 hektara. Kooperativa pru\u017ea obuku i programe za poljoprivrednike, od uzgoja do prerade.Regija: Minas Gerais \u2013 CaparaoObrada: naturalSorta: Abyssinia, Ateng, Gayo1, Gayo2, TimtimVisina: 1500-1700mOkus: N\/A\",\"breadcrumb\":{\"@id\":\"https:\/\/www.boranera.com\/product\/kave\/sumatra\/#breadcrumb\"},\"inLanguage\":\"hr\",\"potentialAction\":[{\"@type\":\"ReadAction\",\"target\":[\"https:\/\/www.boranera.com\/product\/kave\/sumatra\/\"]}]},{\"@type\":\"ImageObject\",\"inLanguage\":\"hr\",\"@id\":\"https:\/\/www.boranera.com\/product\/kave\/sumatra\/#primaryimage\",\"url\":\"https:\/\/www.boranera.com\/wp-content\/uploads\/2024\/05\/CRDM_BORANERA_280-kopija.png\",\"contentUrl\":\"https:\/\/www.boranera.com\/wp-content\/uploads\/2024\/05\/CRDM_BORANERA_280-kopija.png\",\"width\":850,\"height\":850},{\"@type\":\"BreadcrumbList\",\"@id\":\"https:\/\/www.boranera.com\/product\/kave\/sumatra\/#breadcrumb\",\"itemListElement\":[{\"@type\":\"ListItem\",\"position\":1,\"name\":\"Home\",\"item\":\"https:\/\/www.boranera.com\/hr\/\"},{\"@type\":\"ListItem\",\"position\":2,\"name\":\"Trgovina\",\"item\":\"https:\/\/www.boranera.com\/trgovina\/\"},{\"@type\":\"ListItem\",\"position\":3,\"name\":\"Sumatra\"}]},{\"@type\":\"WebSite\",\"@id\":\"https:\/\/www.boranera.com\/#website\",\"url\":\"https:\/\/www.boranera.com\/\",\"name\":\"Bora Nera\",\"description\":\"THE FIRST SPECIALTY COFFEE IN ISTRIA\",\"publisher\":{\"@id\":\"https:\/\/www.boranera.com\/#organization\"},\"potentialAction\":[{\"@type\":\"SearchAction\",\"target\":{\"@type\":\"EntryPoint\",\"urlTemplate\":\"https:\/\/www.boranera.com\/?s={search_term_string}\"},\"query-input\":{\"@type\":\"PropertyValueSpecification\",\"valueRequired\":true,\"valueName\":\"search_term_string\"}}],\"inLanguage\":\"hr\"},{\"@type\":\"Organization\",\"@id\":\"https:\/\/www.boranera.com\/#organization\",\"name\":\"Bora Nera\",\"url\":\"https:\/\/www.boranera.com\/\",\"logo\":{\"@type\":\"ImageObject\",\"inLanguage\":\"hr\",\"@id\":\"https:\/\/www.boranera.com\/#\/schema\/logo\/image\/\",\"url\":\"https:\/\/www.boranera.com\/wp-content\/uploads\/2023\/03\/Logo_Dark.png\",\"contentUrl\":\"https:\/\/www.boranera.com\/wp-content\/uploads\/2023\/03\/Logo_Dark.png\",\"width\":536,\"height\":344,\"caption\":\"Bora Nera\"},\"image\":{\"@id\":\"https:\/\/www.boranera.com\/#\/schema\/logo\/image\/\"},\"sameAs\":[\"https:\/\/www.facebook.com\/boraneracoffee\",\"https:\/\/www.instagram.com\/boraneracoffee\/\"]}]}<\/script>\n<!-- \/ Yoast SEO plugin. -->","yoast_head_json":{"title":"Sumatra - Bora Nera","description":"Godine 2018. Asman Arianto osnovao je kooperativu Ribang Gayo Musara s ciljem da ponudi konkurentske cijene. Istovremeno, kooperativa osigurava bonus cijene za lotove vi\u0161e kvalitete koje proizvode \u010dlanovi. Kooperativa broji preko 350 \u010dlanova s prosje\u010dnom povr\u0161inom farme od 0,5 do 2,5 hektara. Kooperativa pru\u017ea obuku i programe za poljoprivrednike, od uzgoja do prerade.Regija: Minas Gerais \u2013 CaparaoObrada: naturalSorta: Abyssinia, Ateng, Gayo1, Gayo2, TimtimVisina: 1500-1700mOkus: N\/A","robots":{"index":"index","follow":"follow","max-snippet":"max-snippet:-1","max-image-preview":"max-image-preview:large","max-video-preview":"max-video-preview:-1"},"canonical":"https:\/\/www.boranera.com\/hr\/product\/kave\/sumatra\/","og_locale":"hr_HR","og_type":"article","og_title":"Sumatra - Bora Nera","og_description":"Godine 2018. Asman Arianto osnovao je kooperativu Ribang Gayo Musara s ciljem da ponudi konkurentske cijene. Istovremeno, kooperativa osigurava bonus cijene za lotove vi\u0161e kvalitete koje proizvode \u010dlanovi. Kooperativa broji preko 350 \u010dlanova s prosje\u010dnom povr\u0161inom farme od 0,5 do 2,5 hektara. Kooperativa pru\u017ea obuku i programe za poljoprivrednike, od uzgoja do prerade.Regija: Minas Gerais \u2013 CaparaoObrada: naturalSorta: Abyssinia, Ateng, Gayo1, Gayo2, TimtimVisina: 1500-1700mOkus: N\/A","og_url":"https:\/\/www.boranera.com\/hr\/product\/kave\/sumatra\/","og_site_name":"Bora Nera","article_publisher":"https:\/\/www.facebook.com\/boraneracoffee","article_modified_time":"2024-10-22T19:41:54+00:00","og_image":[{"width":850,"height":850,"url":"https:\/\/www.boranera.com\/wp-content\/uploads\/2024\/05\/CRDM_BORANERA_280-kopija.png","type":"image\/png"}],"twitter_card":"summary_large_image","twitter_misc":{"Procijenjeno vrijeme \u010ditanja":"1 minuta"},"schema":{"@context":"https:\/\/schema.org","@graph":[{"@type":"WebPage","@id":"https:\/\/www.boranera.com\/product\/kave\/sumatra\/","url":"https:\/\/www.boranera.com\/product\/kave\/sumatra\/","name":"Sumatra - Bora Nera","isPartOf":{"@id":"https:\/\/www.boranera.com\/#website"},"primaryImageOfPage":{"@id":"https:\/\/www.boranera.com\/product\/kave\/sumatra\/#primaryimage"},"image":{"@id":"https:\/\/www.boranera.com\/product\/kave\/sumatra\/#primaryimage"},"thumbnailUrl":"https:\/\/www.boranera.com\/wp-content\/uploads\/2024\/05\/CRDM_BORANERA_280-kopija.png","datePublished":"2023-08-31T07:23:06+00:00","dateModified":"2024-10-22T19:41:54+00:00","description":"Godine 2018. Asman Arianto osnovao je kooperativu Ribang Gayo Musara s ciljem da ponudi konkurentske cijene. Istovremeno, kooperativa osigurava bonus cijene za lotove vi\u0161e kvalitete koje proizvode \u010dlanovi. Kooperativa broji preko 350 \u010dlanova s prosje\u010dnom povr\u0161inom farme od 0,5 do 2,5 hektara. Kooperativa pru\u017ea obuku i programe za poljoprivrednike, od uzgoja do prerade.Regija: Minas Gerais \u2013 CaparaoObrada: naturalSorta: Abyssinia, Ateng, Gayo1, Gayo2, TimtimVisina: 1500-1700mOkus: N\/A","breadcrumb":{"@id":"https:\/\/www.boranera.com\/product\/kave\/sumatra\/#breadcrumb"},"inLanguage":"hr","potentialAction":[{"@type":"ReadAction","target":["https:\/\/www.boranera.com\/product\/kave\/sumatra\/"]}]},{"@type":"ImageObject","inLanguage":"hr","@id":"https:\/\/www.boranera.com\/product\/kave\/sumatra\/#primaryimage","url":"https:\/\/www.boranera.com\/wp-content\/uploads\/2024\/05\/CRDM_BORANERA_280-kopija.png","contentUrl":"https:\/\/www.boranera.com\/wp-content\/uploads\/2024\/05\/CRDM_BORANERA_280-kopija.png","width":850,"height":850},{"@type":"BreadcrumbList","@id":"https:\/\/www.boranera.com\/product\/kave\/sumatra\/#breadcrumb","itemListElement":[{"@type":"ListItem","position":1,"name":"Home","item":"https:\/\/www.boranera.com\/hr\/"},{"@type":"ListItem","position":2,"name":"Trgovina","item":"https:\/\/www.boranera.com\/trgovina\/"},{"@type":"ListItem","position":3,"name":"Sumatra"}]},{"@type":"WebSite","@id":"https:\/\/www.boranera.com\/#website","url":"https:\/\/www.boranera.com\/","name":"Bora Nera","description":"THE FIRST SPECIALTY COFFEE IN ISTRIA","publisher":{"@id":"https:\/\/www.boranera.com\/#organization"},"potentialAction":[{"@type":"SearchAction","target":{"@type":"EntryPoint","urlTemplate":"https:\/\/www.boranera.com\/?s={search_term_string}"},"query-input":{"@type":"PropertyValueSpecification","valueRequired":true,"valueName":"search_term_string"}}],"inLanguage":"hr"},{"@type":"Organization","@id":"https:\/\/www.boranera.com\/#organization","name":"Bora Nera","url":"https:\/\/www.boranera.com\/","logo":{"@type":"ImageObject","inLanguage":"hr","@id":"https:\/\/www.boranera.com\/#\/schema\/logo\/image\/","url":"https:\/\/www.boranera.com\/wp-content\/uploads\/2023\/03\/Logo_Dark.png","contentUrl":"https:\/\/www.boranera.com\/wp-content\/uploads\/2023\/03\/Logo_Dark.png","width":536,"height":344,"caption":"Bora Nera"},"image":{"@id":"https:\/\/www.boranera.com\/#\/schema\/logo\/image\/"},"sameAs":["https:\/\/www.facebook.com\/boraneracoffee","https:\/\/www.instagram.com\/boraneracoffee\/"]}]}},"_links":{"self":[{"href":"http:\/\/www.boranera.com\/hr\/wp-json\/wp\/v2\/product\/370"}],"collection":[{"href":"http:\/\/www.boranera.com\/hr\/wp-json\/wp\/v2\/product"}],"about":[{"href":"http:\/\/www.boranera.com\/hr\/wp-json\/wp\/v2\/types\/product"}],"wp:featuredmedia":[{"embeddable":true,"href":"http:\/\/www.boranera.com\/hr\/wp-json\/wp\/v2\/media\/1687"}],"wp:attachment":[{"href":"http:\/\/www.boranera.com\/hr\/wp-json\/wp\/v2\/media?parent=370"}],"wp:term":[{"taxonomy":"product_brand","embeddable":true,"href":"http:\/\/www.boranera.com\/hr\/wp-json\/wp\/v2\/product_brand?post=370"},{"taxonomy":"product_cat","embeddable":true,"href":"http:\/\/www.boranera.com\/hr\/wp-json\/wp\/v2\/product_cat?post=370"},{"taxonomy":"product_tag","embeddable":true,"href":"http:\/\/www.boranera.com\/hr\/wp-json\/wp\/v2\/product_tag?post=370"}],"curies":[{"name":"wp","href":"https:\/\/api.w.org\/{rel}","templated":true}]}}