{"id":495,"date":"2023-09-01T15:17:31","date_gmt":"2023-09-01T15:17:31","guid":{"rendered":"http:\/\/www.boranera.com\/?post_type=product&#038;p=495"},"modified":"2024-08-22T09:24:43","modified_gmt":"2024-08-22T09:24:43","slug":"brewista-variable-temperature-kettle-1l","status":"publish","type":"product","link":"http:\/\/www.boranera.com\/en\/product\/alati\/brewista-variable-temperature-kettle-1l\/","title":{"rendered":"Brewista Variable Temperature Kettle 1L"},"content":{"rendered":"","protected":false},"excerpt":{"rendered":"<p>Experience precise control over your heat, giving you total mastery of your coffee. The LCD console adjusts water temperature in increments of just 1 degree Celsius, ensuring the best flavor from various roasts, grind sizes, and even steeped teas.<\/p>","protected":false},"featured_media":496,"template":"","meta":{"_et_pb_use_builder":"","_et_pb_old_content":"","_et_gb_content_width":""},"product_brand":[],"product_cat":[16],"product_tag":[],"class_list":{"0":"post-495","1":"product","2":"type-product","3":"status-publish","4":"has-post-thumbnail","6":"product_cat-alati","8":"first","9":"instock","10":"taxable","11":"shipping-taxable","12":"purchasable","13":"product-type-simple"},"yoast_head":"<!-- This site is optimized with the Yoast SEO plugin v25.6 - https:\/\/yoast.com\/wordpress\/plugins\/seo\/ -->\n<title>Brewista Variable Temperature Kettle 1L - Bora Nera<\/title>\n<meta name=\"robots\" content=\"index, follow, max-snippet:-1, max-image-preview:large, max-video-preview:-1\" \/>\n<link rel=\"canonical\" href=\"https:\/\/www.boranera.com\/en\/product\/alati\/brewista-variable-temperature-kettle-1l\/\" \/>\n<meta property=\"og:locale\" content=\"en_GB\" \/>\n<meta property=\"og:type\" content=\"article\" \/>\n<meta property=\"og:title\" content=\"Brewista Variable Temperature Kettle 1L - Bora Nera\" \/>\n<meta property=\"og:description\" content=\"Iskusite preciznu kontrolu topline, pru\u017eaju\u0107i vam potpunu kontrolu nad va\u0161om kavom. LCD konzola pode\u0161ava temperaturu vode u koracima od samo 1 stupnja Celzijusa, osiguravaju\u0107i najbolji okus iz razli\u010ditih pe\u010denja, veli\u010dina mljevenja i \u010dak \u010dajeva.\" \/>\n<meta property=\"og:url\" content=\"https:\/\/www.boranera.com\/en\/product\/alati\/brewista-variable-temperature-kettle-1l\/\" \/>\n<meta property=\"og:site_name\" content=\"Bora Nera\" \/>\n<meta property=\"article:publisher\" content=\"https:\/\/www.facebook.com\/boraneracoffee\" \/>\n<meta property=\"article:modified_time\" content=\"2024-08-22T09:24:43+00:00\" \/>\n<meta property=\"og:image\" content=\"https:\/\/www.boranera.com\/wp-content\/uploads\/2023\/09\/BrewistaKettleBlk.jpg\" \/>\n\t<meta property=\"og:image:width\" content=\"900\" \/>\n\t<meta property=\"og:image:height\" content=\"900\" \/>\n\t<meta property=\"og:image:type\" content=\"image\/jpeg\" \/>\n<meta name=\"twitter:card\" content=\"summary_large_image\" \/>\n<meta name=\"twitter:label1\" content=\"Estimated reading time\" \/>\n\t<meta name=\"twitter:data1\" content=\"1 minute\" \/>\n<script type=\"application\/ld+json\" class=\"yoast-schema-graph\">{\"@context\":\"https:\/\/schema.org\",\"@graph\":[{\"@type\":\"WebPage\",\"@id\":\"https:\/\/www.boranera.com\/product\/alati\/brewista-variable-temperature-kettle-1l\/\",\"url\":\"https:\/\/www.boranera.com\/product\/alati\/brewista-variable-temperature-kettle-1l\/\",\"name\":\"Brewista Variable Temperature Kettle 1L - Bora Nera\",\"isPartOf\":{\"@id\":\"https:\/\/www.boranera.com\/#website\"},\"primaryImageOfPage\":{\"@id\":\"https:\/\/www.boranera.com\/product\/alati\/brewista-variable-temperature-kettle-1l\/#primaryimage\"},\"image\":{\"@id\":\"https:\/\/www.boranera.com\/product\/alati\/brewista-variable-temperature-kettle-1l\/#primaryimage\"},\"thumbnailUrl\":\"https:\/\/www.boranera.com\/wp-content\/uploads\/2023\/09\/BrewistaKettleBlk.jpg\",\"datePublished\":\"2023-09-01T15:17:31+00:00\",\"dateModified\":\"2024-08-22T09:24:43+00:00\",\"breadcrumb\":{\"@id\":\"https:\/\/www.boranera.com\/product\/alati\/brewista-variable-temperature-kettle-1l\/#breadcrumb\"},\"inLanguage\":\"en-GB\",\"potentialAction\":[{\"@type\":\"ReadAction\",\"target\":[\"https:\/\/www.boranera.com\/product\/alati\/brewista-variable-temperature-kettle-1l\/\"]}]},{\"@type\":\"ImageObject\",\"inLanguage\":\"en-GB\",\"@id\":\"https:\/\/www.boranera.com\/product\/alati\/brewista-variable-temperature-kettle-1l\/#primaryimage\",\"url\":\"https:\/\/www.boranera.com\/wp-content\/uploads\/2023\/09\/BrewistaKettleBlk.jpg\",\"contentUrl\":\"https:\/\/www.boranera.com\/wp-content\/uploads\/2023\/09\/BrewistaKettleBlk.jpg\",\"width\":900,\"height\":900},{\"@type\":\"BreadcrumbList\",\"@id\":\"https:\/\/www.boranera.com\/product\/alati\/brewista-variable-temperature-kettle-1l\/#breadcrumb\",\"itemListElement\":[{\"@type\":\"ListItem\",\"position\":1,\"name\":\"Home\",\"item\":\"https:\/\/www.boranera.com\/hr\/\"},{\"@type\":\"ListItem\",\"position\":2,\"name\":\"Trgovina\",\"item\":\"https:\/\/www.boranera.com\/trgovina\/\"},{\"@type\":\"ListItem\",\"position\":3,\"name\":\"Brewista Variable Temperature Kettle 1L\"}]},{\"@type\":\"WebSite\",\"@id\":\"https:\/\/www.boranera.com\/#website\",\"url\":\"https:\/\/www.boranera.com\/\",\"name\":\"Bora Nera\",\"description\":\"THE FIRST SPECIALTY COFFEE IN ISTRIA\",\"publisher\":{\"@id\":\"https:\/\/www.boranera.com\/#organization\"},\"potentialAction\":[{\"@type\":\"SearchAction\",\"target\":{\"@type\":\"EntryPoint\",\"urlTemplate\":\"https:\/\/www.boranera.com\/?s={search_term_string}\"},\"query-input\":{\"@type\":\"PropertyValueSpecification\",\"valueRequired\":true,\"valueName\":\"search_term_string\"}}],\"inLanguage\":\"en-GB\"},{\"@type\":\"Organization\",\"@id\":\"https:\/\/www.boranera.com\/#organization\",\"name\":\"Bora Nera\",\"url\":\"https:\/\/www.boranera.com\/\",\"logo\":{\"@type\":\"ImageObject\",\"inLanguage\":\"en-GB\",\"@id\":\"https:\/\/www.boranera.com\/#\/schema\/logo\/image\/\",\"url\":\"https:\/\/www.boranera.com\/wp-content\/uploads\/2023\/03\/Logo_Dark.png\",\"contentUrl\":\"https:\/\/www.boranera.com\/wp-content\/uploads\/2023\/03\/Logo_Dark.png\",\"width\":536,\"height\":344,\"caption\":\"Bora Nera\"},\"image\":{\"@id\":\"https:\/\/www.boranera.com\/#\/schema\/logo\/image\/\"},\"sameAs\":[\"https:\/\/www.facebook.com\/boraneracoffee\",\"https:\/\/www.instagram.com\/boraneracoffee\/\"]}]}<\/script>\n<!-- \/ Yoast SEO plugin. -->","yoast_head_json":{"title":"Brewista Variable Temperature Kettle 1L - Bora Nera","robots":{"index":"index","follow":"follow","max-snippet":"max-snippet:-1","max-image-preview":"max-image-preview:large","max-video-preview":"max-video-preview:-1"},"canonical":"https:\/\/www.boranera.com\/en\/product\/alati\/brewista-variable-temperature-kettle-1l\/","og_locale":"en_GB","og_type":"article","og_title":"Brewista Variable Temperature Kettle 1L - Bora Nera","og_description":"Iskusite preciznu kontrolu topline, pru\u017eaju\u0107i vam potpunu kontrolu nad va\u0161om kavom. LCD konzola pode\u0161ava temperaturu vode u koracima od samo 1 stupnja Celzijusa, osiguravaju\u0107i najbolji okus iz razli\u010ditih pe\u010denja, veli\u010dina mljevenja i \u010dak \u010dajeva.","og_url":"https:\/\/www.boranera.com\/en\/product\/alati\/brewista-variable-temperature-kettle-1l\/","og_site_name":"Bora Nera","article_publisher":"https:\/\/www.facebook.com\/boraneracoffee","article_modified_time":"2024-08-22T09:24:43+00:00","og_image":[{"width":900,"height":900,"url":"https:\/\/www.boranera.com\/wp-content\/uploads\/2023\/09\/BrewistaKettleBlk.jpg","type":"image\/jpeg"}],"twitter_card":"summary_large_image","twitter_misc":{"Estimated reading time":"1 minute"},"schema":{"@context":"https:\/\/schema.org","@graph":[{"@type":"WebPage","@id":"https:\/\/www.boranera.com\/product\/alati\/brewista-variable-temperature-kettle-1l\/","url":"https:\/\/www.boranera.com\/product\/alati\/brewista-variable-temperature-kettle-1l\/","name":"Brewista Variable Temperature Kettle 1L - Bora Nera","isPartOf":{"@id":"https:\/\/www.boranera.com\/#website"},"primaryImageOfPage":{"@id":"https:\/\/www.boranera.com\/product\/alati\/brewista-variable-temperature-kettle-1l\/#primaryimage"},"image":{"@id":"https:\/\/www.boranera.com\/product\/alati\/brewista-variable-temperature-kettle-1l\/#primaryimage"},"thumbnailUrl":"https:\/\/www.boranera.com\/wp-content\/uploads\/2023\/09\/BrewistaKettleBlk.jpg","datePublished":"2023-09-01T15:17:31+00:00","dateModified":"2024-08-22T09:24:43+00:00","breadcrumb":{"@id":"https:\/\/www.boranera.com\/product\/alati\/brewista-variable-temperature-kettle-1l\/#breadcrumb"},"inLanguage":"en-GB","potentialAction":[{"@type":"ReadAction","target":["https:\/\/www.boranera.com\/product\/alati\/brewista-variable-temperature-kettle-1l\/"]}]},{"@type":"ImageObject","inLanguage":"en-GB","@id":"https:\/\/www.boranera.com\/product\/alati\/brewista-variable-temperature-kettle-1l\/#primaryimage","url":"https:\/\/www.boranera.com\/wp-content\/uploads\/2023\/09\/BrewistaKettleBlk.jpg","contentUrl":"https:\/\/www.boranera.com\/wp-content\/uploads\/2023\/09\/BrewistaKettleBlk.jpg","width":900,"height":900},{"@type":"BreadcrumbList","@id":"https:\/\/www.boranera.com\/product\/alati\/brewista-variable-temperature-kettle-1l\/#breadcrumb","itemListElement":[{"@type":"ListItem","position":1,"name":"Home","item":"https:\/\/www.boranera.com\/hr\/"},{"@type":"ListItem","position":2,"name":"Trgovina","item":"https:\/\/www.boranera.com\/trgovina\/"},{"@type":"ListItem","position":3,"name":"Brewista Variable Temperature Kettle 1L"}]},{"@type":"WebSite","@id":"https:\/\/www.boranera.com\/#website","url":"https:\/\/www.boranera.com\/","name":"Bora Nera","description":"THE FIRST SPECIALTY COFFEE IN ISTRIA","publisher":{"@id":"https:\/\/www.boranera.com\/#organization"},"potentialAction":[{"@type":"SearchAction","target":{"@type":"EntryPoint","urlTemplate":"https:\/\/www.boranera.com\/?s={search_term_string}"},"query-input":{"@type":"PropertyValueSpecification","valueRequired":true,"valueName":"search_term_string"}}],"inLanguage":"en-GB"},{"@type":"Organization","@id":"https:\/\/www.boranera.com\/#organization","name":"Bora Nera","url":"https:\/\/www.boranera.com\/","logo":{"@type":"ImageObject","inLanguage":"en-GB","@id":"https:\/\/www.boranera.com\/#\/schema\/logo\/image\/","url":"https:\/\/www.boranera.com\/wp-content\/uploads\/2023\/03\/Logo_Dark.png","contentUrl":"https:\/\/www.boranera.com\/wp-content\/uploads\/2023\/03\/Logo_Dark.png","width":536,"height":344,"caption":"Bora Nera"},"image":{"@id":"https:\/\/www.boranera.com\/#\/schema\/logo\/image\/"},"sameAs":["https:\/\/www.facebook.com\/boraneracoffee","https:\/\/www.instagram.com\/boraneracoffee\/"]}]}},"_links":{"self":[{"href":"http:\/\/www.boranera.com\/en\/wp-json\/wp\/v2\/product\/495"}],"collection":[{"href":"http:\/\/www.boranera.com\/en\/wp-json\/wp\/v2\/product"}],"about":[{"href":"http:\/\/www.boranera.com\/en\/wp-json\/wp\/v2\/types\/product"}],"wp:featuredmedia":[{"embeddable":true,"href":"http:\/\/www.boranera.com\/en\/wp-json\/wp\/v2\/media\/496"}],"wp:attachment":[{"href":"http:\/\/www.boranera.com\/en\/wp-json\/wp\/v2\/media?parent=495"}],"wp:term":[{"taxonomy":"product_brand","embeddable":true,"href":"http:\/\/www.boranera.com\/en\/wp-json\/wp\/v2\/product_brand?post=495"},{"taxonomy":"product_cat","embeddable":true,"href":"http:\/\/www.boranera.com\/en\/wp-json\/wp\/v2\/product_cat?post=495"},{"taxonomy":"product_tag","embeddable":true,"href":"http:\/\/www.boranera.com\/en\/wp-json\/wp\/v2\/product_tag?post=495"}],"curies":[{"name":"wp","href":"https:\/\/api.w.org\/{rel}","templated":true}]}}