{"id":361,"date":"2023-08-30T16:09:49","date_gmt":"2023-08-30T16:09:49","guid":{"rendered":"http:\/\/www.boranera.com\/?post_type=product&#038;p=361"},"modified":"2026-03-17T18:06:41","modified_gmt":"2026-03-17T18:06:41","slug":"el-salvador-divisadero-farm-project-origin","status":"publish","type":"product","link":"http:\/\/www.boranera.com\/en\/product\/kave\/el-salvador-divisadero-farm-project-origin\/","title":{"rendered":"EL SALVADOR &#8211; VILLA HIMALAYA &#038; PROJECT ORIGIN"},"content":{"rendered":"<p>[et_pb_section fb_built=&#8221;1&#8243; _builder_version=&#8221;4.25.1&#8243; _module_preset=&#8221;default&#8221; collapsed=&#8221;off&#8221; global_colors_info=&#8221;{}&#8221;][\/et_pb_section]<\/p>\n","protected":false},"excerpt":{"rendered":"<p>Sa\u0161a Sesti\u0107 i Mauricio Salaverria sura\u0111uju od 2012. godine, postavljaju\u0107i temelje vrlo uspje\u0161nog partnerstva.<br \/>\nMauricio upravlja s pet farmi u regijama Ataco i Apaneca, uklju\u010duju\u0107i Cruz Gordu, Finca Himalayu, Villa Galicia i Tablon Divisadero. Svaka farma ima prirodni teren i jedinstvene mikroklime za proizvodnju kave prilago\u0111ene specijaliziranim pr\u017eionicama.<\/p>\n<p>Ve\u0107ina Mauriciove kave uzgaja se u hladu, a on koristi vi\u0161eslojni sustav su\u0161enja. Kava se mo\u017ee su\u0161iti na gornjem sloju na izravnom suncu ili na donjem sloju u hladu, \u0161to usporava proces su\u0161enja za optimalne rezultate.<\/p>\n<p>Poznat po svojoj pedantnosti, Mauricio osigurava da je svaka faza proizvodnje pa\u017eljivo vo\u0111ena. Svaka serija se precizno prati prema datumu berbe, a njegovi objekti za obradu prate najve\u010de standarde. Predan o\u010duvanju okoli\u0161a, koristi ki\u0161nicu za obradu oprane kave, \u010dime pokazuje svoju posve\u0107enost odr\u017eivosti.<\/p>\n<p>Regija: Ataco, Ahuachapan<br \/>\nProcessing: Honey<br \/>\nSorta: Bourbon, Pacas<br \/>\nVisina: 1500 m.a.s.l.<br \/>\nOkus: Chocolate, nutty, jammy, cranberry, melon.<\/p>","protected":false},"featured_media":2369,"template":"","meta":{"_et_pb_use_builder":"on","_et_pb_old_content":"","_et_gb_content_width":""},"product_brand":[],"product_cat":[18],"product_tag":[],"class_list":{"0":"post-361","1":"product","2":"type-product","3":"status-publish","4":"has-post-thumbnail","6":"product_cat-kave","8":"first","9":"instock","10":"taxable","11":"shipping-taxable","12":"purchasable","13":"product-type-variable"},"yoast_head":"<!-- This site is optimized with the Yoast SEO plugin v25.6 - https:\/\/yoast.com\/wordpress\/plugins\/seo\/ -->\n<title>EL SALVADOR - VILLA HIMALAYA &amp; PROJECT ORIGIN - Bora Nera<\/title>\n<meta name=\"robots\" content=\"index, follow, max-snippet:-1, max-image-preview:large, max-video-preview:-1\" \/>\n<link rel=\"canonical\" href=\"https:\/\/www.boranera.com\/en\/product\/kave\/el-salvador-divisadero-farm-project-origin\/\" \/>\n<meta property=\"og:locale\" content=\"en_GB\" \/>\n<meta property=\"og:type\" content=\"article\" \/>\n<meta property=\"og:title\" content=\"EL SALVADOR - VILLA HIMALAYA &amp; PROJECT ORIGIN - Bora Nera\" \/>\n<meta property=\"og:description\" content=\"Sa\u0161a Sesti\u0107 i Mauricio Salaverria sura\u0111uju od 2012. godine, postavljaju\u0107i temelje vrlo uspje\u0161nog partnerstva. Mauricio upravlja s pet farmi u regijama Ataco i Apaneca, uklju\u010duju\u0107i Cruz Gordu, Finca Himalayu, Villa Galicia i Tablon Divisadero. Svaka farma ima prirodni teren i jedinstvene mikroklime za proizvodnju kave prilago\u0111ene specijaliziranim pr\u017eionicama.  Ve\u0107ina Mauriciove kave uzgaja se u hladu, a on koristi vi\u0161eslojni sustav su\u0161enja. Kava se mo\u017ee su\u0161iti na gornjem sloju na izravnom suncu ili na donjem sloju u hladu, \u0161to usporava proces su\u0161enja za optimalne rezultate.  Poznat po svojoj pedantnosti, Mauricio osigurava da je svaka faza proizvodnje pa\u017eljivo vo\u0111ena. Svaka serija se precizno prati prema datumu berbe, a njegovi objekti za obradu prate najve\u010de standarde. Predan o\u010duvanju okoli\u0161a, koristi ki\u0161nicu za obradu oprane kave, \u010dime pokazuje svoju posve\u0107enost odr\u017eivosti.  Regija: Ataco, Ahuachapan Obrada: Honey Sorta: Bourbon, Pacas Visina: 1500 m.a.s.l. Okus: Chocolate, nutty, jammy, cranberry, melon.\" \/>\n<meta property=\"og:url\" content=\"https:\/\/www.boranera.com\/en\/product\/kave\/el-salvador-divisadero-farm-project-origin\/\" \/>\n<meta property=\"og:site_name\" content=\"Bora Nera\" \/>\n<meta property=\"article:publisher\" content=\"https:\/\/www.facebook.com\/boraneracoffee\" \/>\n<meta property=\"article:modified_time\" content=\"2026-03-17T18:06:41+00:00\" \/>\n<meta property=\"og:image\" content=\"https:\/\/www.boranera.com\/wp-content\/uploads\/2024\/11\/ELSALVADOR.png\" \/>\n\t<meta property=\"og:image:width\" content=\"607\" \/>\n\t<meta property=\"og:image:height\" content=\"607\" \/>\n\t<meta property=\"og:image:type\" content=\"image\/png\" \/>\n<meta name=\"twitter:card\" content=\"summary_large_image\" \/>\n<meta name=\"twitter:label1\" content=\"Estimated reading time\" \/>\n\t<meta name=\"twitter:data1\" content=\"1 minute\" \/>\n<script type=\"application\/ld+json\" class=\"yoast-schema-graph\">{\"@context\":\"https:\/\/schema.org\",\"@graph\":[{\"@type\":\"WebPage\",\"@id\":\"https:\/\/www.boranera.com\/product\/kave\/el-salvador-divisadero-farm-project-origin\/\",\"url\":\"https:\/\/www.boranera.com\/product\/kave\/el-salvador-divisadero-farm-project-origin\/\",\"name\":\"EL SALVADOR - VILLA HIMALAYA & PROJECT ORIGIN - Bora Nera\",\"isPartOf\":{\"@id\":\"https:\/\/www.boranera.com\/#website\"},\"primaryImageOfPage\":{\"@id\":\"https:\/\/www.boranera.com\/product\/kave\/el-salvador-divisadero-farm-project-origin\/#primaryimage\"},\"image\":{\"@id\":\"https:\/\/www.boranera.com\/product\/kave\/el-salvador-divisadero-farm-project-origin\/#primaryimage\"},\"thumbnailUrl\":\"https:\/\/www.boranera.com\/wp-content\/uploads\/2024\/11\/ELSALVADOR.png\",\"datePublished\":\"2023-08-30T16:09:49+00:00\",\"dateModified\":\"2026-03-17T18:06:41+00:00\",\"breadcrumb\":{\"@id\":\"https:\/\/www.boranera.com\/product\/kave\/el-salvador-divisadero-farm-project-origin\/#breadcrumb\"},\"inLanguage\":\"en-GB\",\"potentialAction\":[{\"@type\":\"ReadAction\",\"target\":[\"https:\/\/www.boranera.com\/product\/kave\/el-salvador-divisadero-farm-project-origin\/\"]}]},{\"@type\":\"ImageObject\",\"inLanguage\":\"en-GB\",\"@id\":\"https:\/\/www.boranera.com\/product\/kave\/el-salvador-divisadero-farm-project-origin\/#primaryimage\",\"url\":\"https:\/\/www.boranera.com\/wp-content\/uploads\/2024\/11\/ELSALVADOR.png\",\"contentUrl\":\"https:\/\/www.boranera.com\/wp-content\/uploads\/2024\/11\/ELSALVADOR.png\",\"width\":607,\"height\":607},{\"@type\":\"BreadcrumbList\",\"@id\":\"https:\/\/www.boranera.com\/product\/kave\/el-salvador-divisadero-farm-project-origin\/#breadcrumb\",\"itemListElement\":[{\"@type\":\"ListItem\",\"position\":1,\"name\":\"Home\",\"item\":\"https:\/\/www.boranera.com\/hr\/\"},{\"@type\":\"ListItem\",\"position\":2,\"name\":\"Trgovina\",\"item\":\"https:\/\/www.boranera.com\/trgovina\/\"},{\"@type\":\"ListItem\",\"position\":3,\"name\":\"EL SALVADOR &#8211; VILLA HIMALAYA &#038; PROJECT ORIGIN\"}]},{\"@type\":\"WebSite\",\"@id\":\"https:\/\/www.boranera.com\/#website\",\"url\":\"https:\/\/www.boranera.com\/\",\"name\":\"Bora Nera\",\"description\":\"THE FIRST SPECIALTY COFFEE IN ISTRIA\",\"publisher\":{\"@id\":\"https:\/\/www.boranera.com\/#organization\"},\"potentialAction\":[{\"@type\":\"SearchAction\",\"target\":{\"@type\":\"EntryPoint\",\"urlTemplate\":\"https:\/\/www.boranera.com\/?s={search_term_string}\"},\"query-input\":{\"@type\":\"PropertyValueSpecification\",\"valueRequired\":true,\"valueName\":\"search_term_string\"}}],\"inLanguage\":\"en-GB\"},{\"@type\":\"Organization\",\"@id\":\"https:\/\/www.boranera.com\/#organization\",\"name\":\"Bora Nera\",\"url\":\"https:\/\/www.boranera.com\/\",\"logo\":{\"@type\":\"ImageObject\",\"inLanguage\":\"en-GB\",\"@id\":\"https:\/\/www.boranera.com\/#\/schema\/logo\/image\/\",\"url\":\"https:\/\/www.boranera.com\/wp-content\/uploads\/2023\/03\/Logo_Dark.png\",\"contentUrl\":\"https:\/\/www.boranera.com\/wp-content\/uploads\/2023\/03\/Logo_Dark.png\",\"width\":536,\"height\":344,\"caption\":\"Bora Nera\"},\"image\":{\"@id\":\"https:\/\/www.boranera.com\/#\/schema\/logo\/image\/\"},\"sameAs\":[\"https:\/\/www.facebook.com\/boraneracoffee\",\"https:\/\/www.instagram.com\/boraneracoffee\/\"]}]}<\/script>\n<!-- \/ Yoast SEO plugin. -->","yoast_head_json":{"title":"EL SALVADOR - VILLA HIMALAYA & PROJECT ORIGIN - Bora Nera","robots":{"index":"index","follow":"follow","max-snippet":"max-snippet:-1","max-image-preview":"max-image-preview:large","max-video-preview":"max-video-preview:-1"},"canonical":"https:\/\/www.boranera.com\/en\/product\/kave\/el-salvador-divisadero-farm-project-origin\/","og_locale":"en_GB","og_type":"article","og_title":"EL SALVADOR - VILLA HIMALAYA & PROJECT ORIGIN - Bora Nera","og_description":"Sa\u0161a Sesti\u0107 i Mauricio Salaverria sura\u0111uju od 2012. godine, postavljaju\u0107i temelje vrlo uspje\u0161nog partnerstva. Mauricio upravlja s pet farmi u regijama Ataco i Apaneca, uklju\u010duju\u0107i Cruz Gordu, Finca Himalayu, Villa Galicia i Tablon Divisadero. Svaka farma ima prirodni teren i jedinstvene mikroklime za proizvodnju kave prilago\u0111ene specijaliziranim pr\u017eionicama.  Ve\u0107ina Mauriciove kave uzgaja se u hladu, a on koristi vi\u0161eslojni sustav su\u0161enja. Kava se mo\u017ee su\u0161iti na gornjem sloju na izravnom suncu ili na donjem sloju u hladu, \u0161to usporava proces su\u0161enja za optimalne rezultate.  Poznat po svojoj pedantnosti, Mauricio osigurava da je svaka faza proizvodnje pa\u017eljivo vo\u0111ena. Svaka serija se precizno prati prema datumu berbe, a njegovi objekti za obradu prate najve\u010de standarde. Predan o\u010duvanju okoli\u0161a, koristi ki\u0161nicu za obradu oprane kave, \u010dime pokazuje svoju posve\u0107enost odr\u017eivosti.  Regija: Ataco, Ahuachapan Obrada: Honey Sorta: Bourbon, Pacas Visina: 1500 m.a.s.l. Okus: Chocolate, nutty, jammy, cranberry, melon.","og_url":"https:\/\/www.boranera.com\/en\/product\/kave\/el-salvador-divisadero-farm-project-origin\/","og_site_name":"Bora Nera","article_publisher":"https:\/\/www.facebook.com\/boraneracoffee","article_modified_time":"2026-03-17T18:06:41+00:00","og_image":[{"width":607,"height":607,"url":"https:\/\/www.boranera.com\/wp-content\/uploads\/2024\/11\/ELSALVADOR.png","type":"image\/png"}],"twitter_card":"summary_large_image","twitter_misc":{"Estimated reading time":"1 minute"},"schema":{"@context":"https:\/\/schema.org","@graph":[{"@type":"WebPage","@id":"https:\/\/www.boranera.com\/product\/kave\/el-salvador-divisadero-farm-project-origin\/","url":"https:\/\/www.boranera.com\/product\/kave\/el-salvador-divisadero-farm-project-origin\/","name":"EL SALVADOR - VILLA HIMALAYA & PROJECT ORIGIN - Bora Nera","isPartOf":{"@id":"https:\/\/www.boranera.com\/#website"},"primaryImageOfPage":{"@id":"https:\/\/www.boranera.com\/product\/kave\/el-salvador-divisadero-farm-project-origin\/#primaryimage"},"image":{"@id":"https:\/\/www.boranera.com\/product\/kave\/el-salvador-divisadero-farm-project-origin\/#primaryimage"},"thumbnailUrl":"https:\/\/www.boranera.com\/wp-content\/uploads\/2024\/11\/ELSALVADOR.png","datePublished":"2023-08-30T16:09:49+00:00","dateModified":"2026-03-17T18:06:41+00:00","breadcrumb":{"@id":"https:\/\/www.boranera.com\/product\/kave\/el-salvador-divisadero-farm-project-origin\/#breadcrumb"},"inLanguage":"en-GB","potentialAction":[{"@type":"ReadAction","target":["https:\/\/www.boranera.com\/product\/kave\/el-salvador-divisadero-farm-project-origin\/"]}]},{"@type":"ImageObject","inLanguage":"en-GB","@id":"https:\/\/www.boranera.com\/product\/kave\/el-salvador-divisadero-farm-project-origin\/#primaryimage","url":"https:\/\/www.boranera.com\/wp-content\/uploads\/2024\/11\/ELSALVADOR.png","contentUrl":"https:\/\/www.boranera.com\/wp-content\/uploads\/2024\/11\/ELSALVADOR.png","width":607,"height":607},{"@type":"BreadcrumbList","@id":"https:\/\/www.boranera.com\/product\/kave\/el-salvador-divisadero-farm-project-origin\/#breadcrumb","itemListElement":[{"@type":"ListItem","position":1,"name":"Home","item":"https:\/\/www.boranera.com\/hr\/"},{"@type":"ListItem","position":2,"name":"Trgovina","item":"https:\/\/www.boranera.com\/trgovina\/"},{"@type":"ListItem","position":3,"name":"EL SALVADOR &#8211; VILLA HIMALAYA &#038; PROJECT ORIGIN"}]},{"@type":"WebSite","@id":"https:\/\/www.boranera.com\/#website","url":"https:\/\/www.boranera.com\/","name":"Bora Nera","description":"THE FIRST SPECIALTY COFFEE IN ISTRIA","publisher":{"@id":"https:\/\/www.boranera.com\/#organization"},"potentialAction":[{"@type":"SearchAction","target":{"@type":"EntryPoint","urlTemplate":"https:\/\/www.boranera.com\/?s={search_term_string}"},"query-input":{"@type":"PropertyValueSpecification","valueRequired":true,"valueName":"search_term_string"}}],"inLanguage":"en-GB"},{"@type":"Organization","@id":"https:\/\/www.boranera.com\/#organization","name":"Bora Nera","url":"https:\/\/www.boranera.com\/","logo":{"@type":"ImageObject","inLanguage":"en-GB","@id":"https:\/\/www.boranera.com\/#\/schema\/logo\/image\/","url":"https:\/\/www.boranera.com\/wp-content\/uploads\/2023\/03\/Logo_Dark.png","contentUrl":"https:\/\/www.boranera.com\/wp-content\/uploads\/2023\/03\/Logo_Dark.png","width":536,"height":344,"caption":"Bora Nera"},"image":{"@id":"https:\/\/www.boranera.com\/#\/schema\/logo\/image\/"},"sameAs":["https:\/\/www.facebook.com\/boraneracoffee","https:\/\/www.instagram.com\/boraneracoffee\/"]}]}},"_links":{"self":[{"href":"http:\/\/www.boranera.com\/en\/wp-json\/wp\/v2\/product\/361"}],"collection":[{"href":"http:\/\/www.boranera.com\/en\/wp-json\/wp\/v2\/product"}],"about":[{"href":"http:\/\/www.boranera.com\/en\/wp-json\/wp\/v2\/types\/product"}],"wp:featuredmedia":[{"embeddable":true,"href":"http:\/\/www.boranera.com\/en\/wp-json\/wp\/v2\/media\/2369"}],"wp:attachment":[{"href":"http:\/\/www.boranera.com\/en\/wp-json\/wp\/v2\/media?parent=361"}],"wp:term":[{"taxonomy":"product_brand","embeddable":true,"href":"http:\/\/www.boranera.com\/en\/wp-json\/wp\/v2\/product_brand?post=361"},{"taxonomy":"product_cat","embeddable":true,"href":"http:\/\/www.boranera.com\/en\/wp-json\/wp\/v2\/product_cat?post=361"},{"taxonomy":"product_tag","embeddable":true,"href":"http:\/\/www.boranera.com\/en\/wp-json\/wp\/v2\/product_tag?post=361"}],"curies":[{"name":"wp","href":"https:\/\/api.w.org\/{rel}","templated":true}]}}