{"id":2556,"date":"2025-07-08T08:32:38","date_gmt":"2025-07-08T08:32:38","guid":{"rendered":"https:\/\/www.boranera.com\/?post_type=product&#038;p=2556"},"modified":"2026-03-11T14:53:57","modified_gmt":"2026-03-11T14:53:57","slug":"handmade-ceramic-cappuccino-cup","status":"publish","type":"product","link":"http:\/\/www.boranera.com\/en\/product\/alati\/handmade-ceramic-cappuccino-cup\/","title":{"rendered":"Handmade Ceramic Cappuccino Cup"},"content":{"rendered":"","protected":false},"excerpt":{"rendered":"<p>Do\u017eivite savr\u0161enstvo cappuccina s na\u0161im elegantnim kerami\u010dkim \u0161alicama. Izra\u0111ene od strane Arsine Nazarian u Veneciji, ove \u0161alice unose eleganciju u va\u0161 svakodnevni ritual ispijanja kave.<\/p>","protected":false},"featured_media":2623,"template":"","meta":{"_et_pb_use_builder":"","_et_pb_old_content":"","_et_gb_content_width":""},"product_brand":[],"product_cat":[16],"product_tag":[],"class_list":{"0":"post-2556","1":"product","2":"type-product","3":"status-publish","4":"has-post-thumbnail","6":"product_cat-alati","8":"first","9":"instock","10":"taxable","11":"shipping-taxable","12":"purchasable","13":"product-type-simple"},"yoast_head":"<!-- This site is optimized with the Yoast SEO plugin v25.6 - https:\/\/yoast.com\/wordpress\/plugins\/seo\/ -->\n<title>Handmade Ceramic Cappuccino Cup - Bora Nera<\/title>\n<meta name=\"robots\" content=\"index, follow, max-snippet:-1, max-image-preview:large, max-video-preview:-1\" \/>\n<link rel=\"canonical\" href=\"https:\/\/www.boranera.com\/en\/product\/alati\/handmade-ceramic-cappuccino-cup\/\" \/>\n<meta property=\"og:locale\" content=\"en_GB\" \/>\n<meta property=\"og:type\" content=\"article\" \/>\n<meta property=\"og:title\" content=\"Handmade Ceramic Cappuccino Cup - Bora Nera\" \/>\n<meta property=\"og:description\" content=\"Do\u017eivite savr\u0161enstvo cappuccina s na\u0161im elegantnim kerami\u010dkim \u0161alicama. Izra\u0111ene od strane Arsine Nazarian u Veneciji, ove \u0161alice unose eleganciju u va\u0161 svakodnevni ritual ispijanja kave.\" \/>\n<meta property=\"og:url\" content=\"https:\/\/www.boranera.com\/en\/product\/alati\/handmade-ceramic-cappuccino-cup\/\" \/>\n<meta property=\"og:site_name\" content=\"Bora Nera\" \/>\n<meta property=\"article:publisher\" content=\"https:\/\/www.facebook.com\/boraneracoffee\" \/>\n<meta property=\"article:modified_time\" content=\"2026-03-11T14:53:57+00:00\" \/>\n<meta property=\"og:image\" content=\"https:\/\/www.boranera.com\/wp-content\/uploads\/2025\/12\/CRDM_BORANERA_0455.png\" \/>\n\t<meta property=\"og:image:width\" content=\"402\" \/>\n\t<meta property=\"og:image:height\" content=\"402\" \/>\n\t<meta property=\"og:image:type\" content=\"image\/png\" \/>\n<meta name=\"twitter:card\" content=\"summary_large_image\" \/>\n<meta name=\"twitter:label1\" content=\"Estimated reading time\" \/>\n\t<meta name=\"twitter:data1\" content=\"1 minute\" \/>\n<script type=\"application\/ld+json\" class=\"yoast-schema-graph\">{\"@context\":\"https:\/\/schema.org\",\"@graph\":[{\"@type\":\"WebPage\",\"@id\":\"https:\/\/www.boranera.com\/product\/alati\/handmade-ceramic-cappuccino-cup\/\",\"url\":\"https:\/\/www.boranera.com\/product\/alati\/handmade-ceramic-cappuccino-cup\/\",\"name\":\"Handmade Ceramic Cappuccino Cup - Bora Nera\",\"isPartOf\":{\"@id\":\"https:\/\/www.boranera.com\/#website\"},\"primaryImageOfPage\":{\"@id\":\"https:\/\/www.boranera.com\/product\/alati\/handmade-ceramic-cappuccino-cup\/#primaryimage\"},\"image\":{\"@id\":\"https:\/\/www.boranera.com\/product\/alati\/handmade-ceramic-cappuccino-cup\/#primaryimage\"},\"thumbnailUrl\":\"https:\/\/www.boranera.com\/wp-content\/uploads\/2025\/12\/CRDM_BORANERA_0455.png\",\"datePublished\":\"2025-07-08T08:32:38+00:00\",\"dateModified\":\"2026-03-11T14:53:57+00:00\",\"breadcrumb\":{\"@id\":\"https:\/\/www.boranera.com\/product\/alati\/handmade-ceramic-cappuccino-cup\/#breadcrumb\"},\"inLanguage\":\"en-GB\",\"potentialAction\":[{\"@type\":\"ReadAction\",\"target\":[\"https:\/\/www.boranera.com\/product\/alati\/handmade-ceramic-cappuccino-cup\/\"]}]},{\"@type\":\"ImageObject\",\"inLanguage\":\"en-GB\",\"@id\":\"https:\/\/www.boranera.com\/product\/alati\/handmade-ceramic-cappuccino-cup\/#primaryimage\",\"url\":\"https:\/\/www.boranera.com\/wp-content\/uploads\/2025\/12\/CRDM_BORANERA_0455.png\",\"contentUrl\":\"https:\/\/www.boranera.com\/wp-content\/uploads\/2025\/12\/CRDM_BORANERA_0455.png\",\"width\":402,\"height\":402},{\"@type\":\"BreadcrumbList\",\"@id\":\"https:\/\/www.boranera.com\/product\/alati\/handmade-ceramic-cappuccino-cup\/#breadcrumb\",\"itemListElement\":[{\"@type\":\"ListItem\",\"position\":1,\"name\":\"Home\",\"item\":\"https:\/\/www.boranera.com\/hr\/\"},{\"@type\":\"ListItem\",\"position\":2,\"name\":\"Trgovina\",\"item\":\"https:\/\/www.boranera.com\/trgovina\/\"},{\"@type\":\"ListItem\",\"position\":3,\"name\":\"Handmade Ceramic Cappuccino Cup\"}]},{\"@type\":\"WebSite\",\"@id\":\"https:\/\/www.boranera.com\/#website\",\"url\":\"https:\/\/www.boranera.com\/\",\"name\":\"Bora Nera\",\"description\":\"THE FIRST SPECIALTY COFFEE IN ISTRIA\",\"publisher\":{\"@id\":\"https:\/\/www.boranera.com\/#organization\"},\"potentialAction\":[{\"@type\":\"SearchAction\",\"target\":{\"@type\":\"EntryPoint\",\"urlTemplate\":\"https:\/\/www.boranera.com\/?s={search_term_string}\"},\"query-input\":{\"@type\":\"PropertyValueSpecification\",\"valueRequired\":true,\"valueName\":\"search_term_string\"}}],\"inLanguage\":\"en-GB\"},{\"@type\":\"Organization\",\"@id\":\"https:\/\/www.boranera.com\/#organization\",\"name\":\"Bora Nera\",\"url\":\"https:\/\/www.boranera.com\/\",\"logo\":{\"@type\":\"ImageObject\",\"inLanguage\":\"en-GB\",\"@id\":\"https:\/\/www.boranera.com\/#\/schema\/logo\/image\/\",\"url\":\"https:\/\/www.boranera.com\/wp-content\/uploads\/2023\/03\/Logo_Dark.png\",\"contentUrl\":\"https:\/\/www.boranera.com\/wp-content\/uploads\/2023\/03\/Logo_Dark.png\",\"width\":536,\"height\":344,\"caption\":\"Bora Nera\"},\"image\":{\"@id\":\"https:\/\/www.boranera.com\/#\/schema\/logo\/image\/\"},\"sameAs\":[\"https:\/\/www.facebook.com\/boraneracoffee\",\"https:\/\/www.instagram.com\/boraneracoffee\/\"]}]}<\/script>\n<!-- \/ Yoast SEO plugin. -->","yoast_head_json":{"title":"Handmade Ceramic Cappuccino Cup - Bora Nera","robots":{"index":"index","follow":"follow","max-snippet":"max-snippet:-1","max-image-preview":"max-image-preview:large","max-video-preview":"max-video-preview:-1"},"canonical":"https:\/\/www.boranera.com\/en\/product\/alati\/handmade-ceramic-cappuccino-cup\/","og_locale":"en_GB","og_type":"article","og_title":"Handmade Ceramic Cappuccino Cup - Bora Nera","og_description":"Do\u017eivite savr\u0161enstvo cappuccina s na\u0161im elegantnim kerami\u010dkim \u0161alicama. Izra\u0111ene od strane Arsine Nazarian u Veneciji, ove \u0161alice unose eleganciju u va\u0161 svakodnevni ritual ispijanja kave.","og_url":"https:\/\/www.boranera.com\/en\/product\/alati\/handmade-ceramic-cappuccino-cup\/","og_site_name":"Bora Nera","article_publisher":"https:\/\/www.facebook.com\/boraneracoffee","article_modified_time":"2026-03-11T14:53:57+00:00","og_image":[{"width":402,"height":402,"url":"https:\/\/www.boranera.com\/wp-content\/uploads\/2025\/12\/CRDM_BORANERA_0455.png","type":"image\/png"}],"twitter_card":"summary_large_image","twitter_misc":{"Estimated reading time":"1 minute"},"schema":{"@context":"https:\/\/schema.org","@graph":[{"@type":"WebPage","@id":"https:\/\/www.boranera.com\/product\/alati\/handmade-ceramic-cappuccino-cup\/","url":"https:\/\/www.boranera.com\/product\/alati\/handmade-ceramic-cappuccino-cup\/","name":"Handmade Ceramic Cappuccino Cup - Bora Nera","isPartOf":{"@id":"https:\/\/www.boranera.com\/#website"},"primaryImageOfPage":{"@id":"https:\/\/www.boranera.com\/product\/alati\/handmade-ceramic-cappuccino-cup\/#primaryimage"},"image":{"@id":"https:\/\/www.boranera.com\/product\/alati\/handmade-ceramic-cappuccino-cup\/#primaryimage"},"thumbnailUrl":"https:\/\/www.boranera.com\/wp-content\/uploads\/2025\/12\/CRDM_BORANERA_0455.png","datePublished":"2025-07-08T08:32:38+00:00","dateModified":"2026-03-11T14:53:57+00:00","breadcrumb":{"@id":"https:\/\/www.boranera.com\/product\/alati\/handmade-ceramic-cappuccino-cup\/#breadcrumb"},"inLanguage":"en-GB","potentialAction":[{"@type":"ReadAction","target":["https:\/\/www.boranera.com\/product\/alati\/handmade-ceramic-cappuccino-cup\/"]}]},{"@type":"ImageObject","inLanguage":"en-GB","@id":"https:\/\/www.boranera.com\/product\/alati\/handmade-ceramic-cappuccino-cup\/#primaryimage","url":"https:\/\/www.boranera.com\/wp-content\/uploads\/2025\/12\/CRDM_BORANERA_0455.png","contentUrl":"https:\/\/www.boranera.com\/wp-content\/uploads\/2025\/12\/CRDM_BORANERA_0455.png","width":402,"height":402},{"@type":"BreadcrumbList","@id":"https:\/\/www.boranera.com\/product\/alati\/handmade-ceramic-cappuccino-cup\/#breadcrumb","itemListElement":[{"@type":"ListItem","position":1,"name":"Home","item":"https:\/\/www.boranera.com\/hr\/"},{"@type":"ListItem","position":2,"name":"Trgovina","item":"https:\/\/www.boranera.com\/trgovina\/"},{"@type":"ListItem","position":3,"name":"Handmade Ceramic Cappuccino Cup"}]},{"@type":"WebSite","@id":"https:\/\/www.boranera.com\/#website","url":"https:\/\/www.boranera.com\/","name":"Bora Nera","description":"THE FIRST SPECIALTY COFFEE IN ISTRIA","publisher":{"@id":"https:\/\/www.boranera.com\/#organization"},"potentialAction":[{"@type":"SearchAction","target":{"@type":"EntryPoint","urlTemplate":"https:\/\/www.boranera.com\/?s={search_term_string}"},"query-input":{"@type":"PropertyValueSpecification","valueRequired":true,"valueName":"search_term_string"}}],"inLanguage":"en-GB"},{"@type":"Organization","@id":"https:\/\/www.boranera.com\/#organization","name":"Bora Nera","url":"https:\/\/www.boranera.com\/","logo":{"@type":"ImageObject","inLanguage":"en-GB","@id":"https:\/\/www.boranera.com\/#\/schema\/logo\/image\/","url":"https:\/\/www.boranera.com\/wp-content\/uploads\/2023\/03\/Logo_Dark.png","contentUrl":"https:\/\/www.boranera.com\/wp-content\/uploads\/2023\/03\/Logo_Dark.png","width":536,"height":344,"caption":"Bora Nera"},"image":{"@id":"https:\/\/www.boranera.com\/#\/schema\/logo\/image\/"},"sameAs":["https:\/\/www.facebook.com\/boraneracoffee","https:\/\/www.instagram.com\/boraneracoffee\/"]}]}},"_links":{"self":[{"href":"http:\/\/www.boranera.com\/en\/wp-json\/wp\/v2\/product\/2556"}],"collection":[{"href":"http:\/\/www.boranera.com\/en\/wp-json\/wp\/v2\/product"}],"about":[{"href":"http:\/\/www.boranera.com\/en\/wp-json\/wp\/v2\/types\/product"}],"wp:featuredmedia":[{"embeddable":true,"href":"http:\/\/www.boranera.com\/en\/wp-json\/wp\/v2\/media\/2623"}],"wp:attachment":[{"href":"http:\/\/www.boranera.com\/en\/wp-json\/wp\/v2\/media?parent=2556"}],"wp:term":[{"taxonomy":"product_brand","embeddable":true,"href":"http:\/\/www.boranera.com\/en\/wp-json\/wp\/v2\/product_brand?post=2556"},{"taxonomy":"product_cat","embeddable":true,"href":"http:\/\/www.boranera.com\/en\/wp-json\/wp\/v2\/product_cat?post=2556"},{"taxonomy":"product_tag","embeddable":true,"href":"http:\/\/www.boranera.com\/en\/wp-json\/wp\/v2\/product_tag?post=2556"}],"curies":[{"name":"wp","href":"https:\/\/api.w.org\/{rel}","templated":true}]}}