{"id":2024,"date":"2024-05-26T09:39:10","date_gmt":"2024-05-26T09:39:10","guid":{"rendered":"https:\/\/www.boranera.com\/?post_type=product&#038;p=2024"},"modified":"2026-03-17T18:08:04","modified_gmt":"2026-03-17T18:08:04","slug":"decaf-colombia-popayan","status":"publish","type":"product","link":"http:\/\/www.boranera.com\/en\/product\/kave\/decaf-colombia-popayan\/","title":{"rendered":"Nicaragua &#8211; Gold Mountain Coffee Growers"},"content":{"rendered":"<p>[et_pb_section fb_built=&#8221;1&#8243; _builder_version=&#8221;4.25.1&#8243; _module_preset=&#8221;default&#8221; global_colors_info=&#8221;{}&#8221;][\/et_pb_section]<\/p>\n","protected":false},"excerpt":{"rendered":"<p>Gold Mountain Coffee Growers je kolektiv nicaragvanskih farmi posve\u0107en transformaciji \u017eivota kroz nagra\u0111ivanu specijalnu kavu. Sa svojom glavnom farmom, Finca Idealista, grupa povezuje farmere izravno s pr\u017eionicama diljem svijeta. Od washed do carbonic maceration naturals, svaka kava je izra\u0111ena s precizno\u0161\u0107u, potpunom sljedivo\u0161\u0107u i pomnom kontrolom kvalitete.<\/p>\n<p>Iz visoravni Jinotega i Matagalpa, ovaj rijedak microlot su\u0161i se na suncu vi\u0161e od mjesec dana na povi\u0161enim le\u017eajevima, razvijaju\u0107i slo\u017eenu aromu koja je jednako bogata kao \u0161to ime sugerira. O\u010dekujte slojeve slatko\u0107e baklave, zrelog manga i \u017eutih breskvi, uravnote\u017eene svilenkastom teksturom i nijansama meda, pralina i tropskog vo\u0107a. Kako se \u0161alica hladi, pojavljuju se note borovnice i kandiranih datulja, s glatkim tijelom i niskom kiselosti.<\/p>\n<p>Regija: Jinotega.<br \/>\nObrada: Natural.<br \/>\nSorta: Red &amp; Yellow Caturra, Red &amp; Yellow Catua\u00ec, Bourbon, Pache.<br \/>\nVisina: 1.200-1600 m.a.s.l.<br \/>\nOkus: Nutty, honey, chocolate, yellow peach, caramel, praline, papaya.<\/p>","protected":false},"featured_media":2604,"template":"","meta":{"_et_pb_use_builder":"on","_et_pb_old_content":"","_et_gb_content_width":""},"product_brand":[],"product_cat":[18],"product_tag":[],"class_list":{"0":"post-2024","1":"product","2":"type-product","3":"status-publish","4":"has-post-thumbnail","6":"product_cat-kave","8":"first","9":"instock","10":"taxable","11":"shipping-taxable","12":"purchasable","13":"product-type-variable"},"yoast_head":"<!-- This site is optimized with the Yoast SEO plugin v25.6 - https:\/\/yoast.com\/wordpress\/plugins\/seo\/ -->\n<title>Nicaragua - Gold Mountain Coffee Growers - Bora Nera<\/title>\n<meta name=\"robots\" content=\"index, follow, max-snippet:-1, max-image-preview:large, max-video-preview:-1\" \/>\n<link rel=\"canonical\" href=\"https:\/\/www.boranera.com\/en\/product\/kave\/decaf-colombia-popayan\/\" \/>\n<meta property=\"og:locale\" content=\"en_GB\" \/>\n<meta property=\"og:type\" content=\"article\" \/>\n<meta property=\"og:title\" content=\"Nicaragua - Gold Mountain Coffee Growers - Bora Nera\" \/>\n<meta property=\"og:description\" content=\"Gold Mountain Coffee Growers je kolektiv nicaragvanskih farmi posve\u0107en transformaciji \u017eivota kroz nagra\u0111ivanu specijalnu kavu. Sa svojom glavnom farmom, Finca Idealista, grupa povezuje farmere izravno s pr\u017eionicama diljem svijeta. Od washed do carbonic maceration naturals, svaka kava je izra\u0111ena s precizno\u0161\u0107u, potpunom sljedivo\u0161\u0107u i pomnom kontrolom kvalitete.  Iz visoravni Jinotega i Matagalpa, ovaj rijedak microlot su\u0161i se na suncu vi\u0161e od mjesec dana na povi\u0161enim le\u017eajevima, razvijaju\u0107i slo\u017eenu aromu koja je jednako bogata kao \u0161to ime sugerira. O\u010dekujte slojeve slatko\u0107e baklave, zrelog manga i \u017eutih breskvi, uravnote\u017eene svilenkastom teksturom i nijansama meda, pralina i tropskog vo\u0107a. Kako se \u0161alica hladi, pojavljuju se note borovnice i kandiranih datulja, s glatkim tijelom i niskom kiselosti.  Regija: Jinotega. Obrada: Natural. Sorta: Red &amp; Yellow Caturra, Red &amp; Yellow Catua\u00ec, Bourbon, Pache. Visina: 1.200-1600 m.a.s.l. Okus: Nutty, honey, chocolate, yellow peach, caramel, praline, papaya.\" \/>\n<meta property=\"og:url\" content=\"https:\/\/www.boranera.com\/en\/product\/kave\/decaf-colombia-popayan\/\" \/>\n<meta property=\"og:site_name\" content=\"Bora Nera\" \/>\n<meta property=\"article:publisher\" content=\"https:\/\/www.facebook.com\/boraneracoffee\" \/>\n<meta property=\"article:modified_time\" content=\"2026-03-17T18:08:04+00:00\" \/>\n<meta property=\"og:image\" content=\"https:\/\/www.boranera.com\/wp-content\/uploads\/2025\/10\/CRDM_BORANERA_0453.png\" \/>\n\t<meta property=\"og:image:width\" content=\"586\" \/>\n\t<meta property=\"og:image:height\" content=\"586\" \/>\n\t<meta property=\"og:image:type\" content=\"image\/png\" \/>\n<meta name=\"twitter:card\" content=\"summary_large_image\" \/>\n<meta name=\"twitter:label1\" content=\"Estimated reading time\" \/>\n\t<meta name=\"twitter:data1\" content=\"1 minute\" \/>\n<script type=\"application\/ld+json\" class=\"yoast-schema-graph\">{\"@context\":\"https:\/\/schema.org\",\"@graph\":[{\"@type\":\"WebPage\",\"@id\":\"https:\/\/www.boranera.com\/product\/kave\/decaf-colombia-popayan\/\",\"url\":\"https:\/\/www.boranera.com\/product\/kave\/decaf-colombia-popayan\/\",\"name\":\"Nicaragua - Gold Mountain Coffee Growers - Bora Nera\",\"isPartOf\":{\"@id\":\"https:\/\/www.boranera.com\/#website\"},\"primaryImageOfPage\":{\"@id\":\"https:\/\/www.boranera.com\/product\/kave\/decaf-colombia-popayan\/#primaryimage\"},\"image\":{\"@id\":\"https:\/\/www.boranera.com\/product\/kave\/decaf-colombia-popayan\/#primaryimage\"},\"thumbnailUrl\":\"https:\/\/www.boranera.com\/wp-content\/uploads\/2025\/10\/CRDM_BORANERA_0453.png\",\"datePublished\":\"2024-05-26T09:39:10+00:00\",\"dateModified\":\"2026-03-17T18:08:04+00:00\",\"breadcrumb\":{\"@id\":\"https:\/\/www.boranera.com\/product\/kave\/decaf-colombia-popayan\/#breadcrumb\"},\"inLanguage\":\"en-GB\",\"potentialAction\":[{\"@type\":\"ReadAction\",\"target\":[\"https:\/\/www.boranera.com\/product\/kave\/decaf-colombia-popayan\/\"]}]},{\"@type\":\"ImageObject\",\"inLanguage\":\"en-GB\",\"@id\":\"https:\/\/www.boranera.com\/product\/kave\/decaf-colombia-popayan\/#primaryimage\",\"url\":\"https:\/\/www.boranera.com\/wp-content\/uploads\/2025\/10\/CRDM_BORANERA_0453.png\",\"contentUrl\":\"https:\/\/www.boranera.com\/wp-content\/uploads\/2025\/10\/CRDM_BORANERA_0453.png\",\"width\":586,\"height\":586},{\"@type\":\"BreadcrumbList\",\"@id\":\"https:\/\/www.boranera.com\/product\/kave\/decaf-colombia-popayan\/#breadcrumb\",\"itemListElement\":[{\"@type\":\"ListItem\",\"position\":1,\"name\":\"Home\",\"item\":\"https:\/\/www.boranera.com\/hr\/\"},{\"@type\":\"ListItem\",\"position\":2,\"name\":\"Trgovina\",\"item\":\"https:\/\/www.boranera.com\/trgovina\/\"},{\"@type\":\"ListItem\",\"position\":3,\"name\":\"Nicaragua &#8211; Gold Mountain Coffee Growers\"}]},{\"@type\":\"WebSite\",\"@id\":\"https:\/\/www.boranera.com\/#website\",\"url\":\"https:\/\/www.boranera.com\/\",\"name\":\"Bora Nera\",\"description\":\"THE FIRST SPECIALTY COFFEE IN ISTRIA\",\"publisher\":{\"@id\":\"https:\/\/www.boranera.com\/#organization\"},\"potentialAction\":[{\"@type\":\"SearchAction\",\"target\":{\"@type\":\"EntryPoint\",\"urlTemplate\":\"https:\/\/www.boranera.com\/?s={search_term_string}\"},\"query-input\":{\"@type\":\"PropertyValueSpecification\",\"valueRequired\":true,\"valueName\":\"search_term_string\"}}],\"inLanguage\":\"en-GB\"},{\"@type\":\"Organization\",\"@id\":\"https:\/\/www.boranera.com\/#organization\",\"name\":\"Bora Nera\",\"url\":\"https:\/\/www.boranera.com\/\",\"logo\":{\"@type\":\"ImageObject\",\"inLanguage\":\"en-GB\",\"@id\":\"https:\/\/www.boranera.com\/#\/schema\/logo\/image\/\",\"url\":\"https:\/\/www.boranera.com\/wp-content\/uploads\/2023\/03\/Logo_Dark.png\",\"contentUrl\":\"https:\/\/www.boranera.com\/wp-content\/uploads\/2023\/03\/Logo_Dark.png\",\"width\":536,\"height\":344,\"caption\":\"Bora Nera\"},\"image\":{\"@id\":\"https:\/\/www.boranera.com\/#\/schema\/logo\/image\/\"},\"sameAs\":[\"https:\/\/www.facebook.com\/boraneracoffee\",\"https:\/\/www.instagram.com\/boraneracoffee\/\"]}]}<\/script>\n<!-- \/ Yoast SEO plugin. -->","yoast_head_json":{"title":"Nicaragua - Gold Mountain Coffee Growers - Bora Nera","robots":{"index":"index","follow":"follow","max-snippet":"max-snippet:-1","max-image-preview":"max-image-preview:large","max-video-preview":"max-video-preview:-1"},"canonical":"https:\/\/www.boranera.com\/en\/product\/kave\/decaf-colombia-popayan\/","og_locale":"en_GB","og_type":"article","og_title":"Nicaragua - Gold Mountain Coffee Growers - Bora Nera","og_description":"Gold Mountain Coffee Growers je kolektiv nicaragvanskih farmi posve\u0107en transformaciji \u017eivota kroz nagra\u0111ivanu specijalnu kavu. Sa svojom glavnom farmom, Finca Idealista, grupa povezuje farmere izravno s pr\u017eionicama diljem svijeta. Od washed do carbonic maceration naturals, svaka kava je izra\u0111ena s precizno\u0161\u0107u, potpunom sljedivo\u0161\u0107u i pomnom kontrolom kvalitete.  Iz visoravni Jinotega i Matagalpa, ovaj rijedak microlot su\u0161i se na suncu vi\u0161e od mjesec dana na povi\u0161enim le\u017eajevima, razvijaju\u0107i slo\u017eenu aromu koja je jednako bogata kao \u0161to ime sugerira. O\u010dekujte slojeve slatko\u0107e baklave, zrelog manga i \u017eutih breskvi, uravnote\u017eene svilenkastom teksturom i nijansama meda, pralina i tropskog vo\u0107a. Kako se \u0161alica hladi, pojavljuju se note borovnice i kandiranih datulja, s glatkim tijelom i niskom kiselosti.  Regija: Jinotega. Obrada: Natural. Sorta: Red &amp; Yellow Caturra, Red &amp; Yellow Catua\u00ec, Bourbon, Pache. Visina: 1.200-1600 m.a.s.l. Okus: Nutty, honey, chocolate, yellow peach, caramel, praline, papaya.","og_url":"https:\/\/www.boranera.com\/en\/product\/kave\/decaf-colombia-popayan\/","og_site_name":"Bora Nera","article_publisher":"https:\/\/www.facebook.com\/boraneracoffee","article_modified_time":"2026-03-17T18:08:04+00:00","og_image":[{"width":586,"height":586,"url":"https:\/\/www.boranera.com\/wp-content\/uploads\/2025\/10\/CRDM_BORANERA_0453.png","type":"image\/png"}],"twitter_card":"summary_large_image","twitter_misc":{"Estimated reading time":"1 minute"},"schema":{"@context":"https:\/\/schema.org","@graph":[{"@type":"WebPage","@id":"https:\/\/www.boranera.com\/product\/kave\/decaf-colombia-popayan\/","url":"https:\/\/www.boranera.com\/product\/kave\/decaf-colombia-popayan\/","name":"Nicaragua - Gold Mountain Coffee Growers - Bora Nera","isPartOf":{"@id":"https:\/\/www.boranera.com\/#website"},"primaryImageOfPage":{"@id":"https:\/\/www.boranera.com\/product\/kave\/decaf-colombia-popayan\/#primaryimage"},"image":{"@id":"https:\/\/www.boranera.com\/product\/kave\/decaf-colombia-popayan\/#primaryimage"},"thumbnailUrl":"https:\/\/www.boranera.com\/wp-content\/uploads\/2025\/10\/CRDM_BORANERA_0453.png","datePublished":"2024-05-26T09:39:10+00:00","dateModified":"2026-03-17T18:08:04+00:00","breadcrumb":{"@id":"https:\/\/www.boranera.com\/product\/kave\/decaf-colombia-popayan\/#breadcrumb"},"inLanguage":"en-GB","potentialAction":[{"@type":"ReadAction","target":["https:\/\/www.boranera.com\/product\/kave\/decaf-colombia-popayan\/"]}]},{"@type":"ImageObject","inLanguage":"en-GB","@id":"https:\/\/www.boranera.com\/product\/kave\/decaf-colombia-popayan\/#primaryimage","url":"https:\/\/www.boranera.com\/wp-content\/uploads\/2025\/10\/CRDM_BORANERA_0453.png","contentUrl":"https:\/\/www.boranera.com\/wp-content\/uploads\/2025\/10\/CRDM_BORANERA_0453.png","width":586,"height":586},{"@type":"BreadcrumbList","@id":"https:\/\/www.boranera.com\/product\/kave\/decaf-colombia-popayan\/#breadcrumb","itemListElement":[{"@type":"ListItem","position":1,"name":"Home","item":"https:\/\/www.boranera.com\/hr\/"},{"@type":"ListItem","position":2,"name":"Trgovina","item":"https:\/\/www.boranera.com\/trgovina\/"},{"@type":"ListItem","position":3,"name":"Nicaragua &#8211; Gold Mountain Coffee Growers"}]},{"@type":"WebSite","@id":"https:\/\/www.boranera.com\/#website","url":"https:\/\/www.boranera.com\/","name":"Bora Nera","description":"THE FIRST SPECIALTY COFFEE IN ISTRIA","publisher":{"@id":"https:\/\/www.boranera.com\/#organization"},"potentialAction":[{"@type":"SearchAction","target":{"@type":"EntryPoint","urlTemplate":"https:\/\/www.boranera.com\/?s={search_term_string}"},"query-input":{"@type":"PropertyValueSpecification","valueRequired":true,"valueName":"search_term_string"}}],"inLanguage":"en-GB"},{"@type":"Organization","@id":"https:\/\/www.boranera.com\/#organization","name":"Bora Nera","url":"https:\/\/www.boranera.com\/","logo":{"@type":"ImageObject","inLanguage":"en-GB","@id":"https:\/\/www.boranera.com\/#\/schema\/logo\/image\/","url":"https:\/\/www.boranera.com\/wp-content\/uploads\/2023\/03\/Logo_Dark.png","contentUrl":"https:\/\/www.boranera.com\/wp-content\/uploads\/2023\/03\/Logo_Dark.png","width":536,"height":344,"caption":"Bora Nera"},"image":{"@id":"https:\/\/www.boranera.com\/#\/schema\/logo\/image\/"},"sameAs":["https:\/\/www.facebook.com\/boraneracoffee","https:\/\/www.instagram.com\/boraneracoffee\/"]}]}},"_links":{"self":[{"href":"http:\/\/www.boranera.com\/en\/wp-json\/wp\/v2\/product\/2024"}],"collection":[{"href":"http:\/\/www.boranera.com\/en\/wp-json\/wp\/v2\/product"}],"about":[{"href":"http:\/\/www.boranera.com\/en\/wp-json\/wp\/v2\/types\/product"}],"wp:featuredmedia":[{"embeddable":true,"href":"http:\/\/www.boranera.com\/en\/wp-json\/wp\/v2\/media\/2604"}],"wp:attachment":[{"href":"http:\/\/www.boranera.com\/en\/wp-json\/wp\/v2\/media?parent=2024"}],"wp:term":[{"taxonomy":"product_brand","embeddable":true,"href":"http:\/\/www.boranera.com\/en\/wp-json\/wp\/v2\/product_brand?post=2024"},{"taxonomy":"product_cat","embeddable":true,"href":"http:\/\/www.boranera.com\/en\/wp-json\/wp\/v2\/product_cat?post=2024"},{"taxonomy":"product_tag","embeddable":true,"href":"http:\/\/www.boranera.com\/en\/wp-json\/wp\/v2\/product_tag?post=2024"}],"curies":[{"name":"wp","href":"https:\/\/api.w.org\/{rel}","templated":true}]}}